{"id":1782,"date":"2019-09-12T14:44:05","date_gmt":"2019-09-12T17:44:05","guid":{"rendered":"http:\/\/nossacasa.net\/nossosriachos\/rios\/?page_id=1782"},"modified":"2019-09-12T14:46:09","modified_gmt":"2019-09-12T17:46:09","slug":"glanidium","status":"publish","type":"page","link":"http:\/\/nossacasa.net\/nossosriachos\/rios\/glanidium\/","title":{"rendered":"Glanidium"},"content":{"rendered":"<div style=\"text-align: justify;\">\n<h1>Os <em>Glanidium<\/em> L\u00fctken, 1874<\/h1>\n<p>Algumas caracter\u00edsticas do g\u00eanero <em>Glanidiums\/em> est\u00e3o indicadas na figura acima.<\/p>\n<p>O g\u00eanero <em>Glanidiums<\/em> \u00e9 um dos tr\u00eas g\u00eaneros da fam\u00edlia <a href=\"http:\/\/nossacasa.net\/nossosriachos\/rios\/auchenipteridae\/\">Auchenipteridae<\/a> representante dos representante dos <a href=\"http:\/\/nossacasa.net\/nossosriachos\/rios\/siluriformes\/\">Siluriformes<\/a> nas regi\u00f5es dos tabuleiros. <\/p>\n<p>Na regi\u00e3o dos tabuleiros da Mata Atl\u00e2ntica encontramos uma \u00fanica esp\u00e9cie do g\u00eanero <em>Glanidium<\/em>: <em><a href=\"http:\/\/nossacasa.net\/nossosriachos\/rios\/glanidium-botocudo\/\">Glanidium botocudo<\/a><\/em>.<\/p>\n<hr>\n<\/div>\n","protected":false},"excerpt":{"rendered":"<p>Os Glanidium L\u00fctken, 1874 Algumas caracter\u00edsticas do g\u00eanero Glanidiums\/em> est\u00e3o indicadas na figura acima. O g\u00eanero Glanidiums \u00e9 um dos tr\u00eas g\u00eaneros da fam\u00edlia Auchenipteridae representante dos representante dos Siluriformes nas regi\u00f5es dos tabuleiros. Na regi\u00e3o dos tabuleiros da Mata &hellip; <a href=\"http:\/\/nossacasa.net\/nossosriachos\/rios\/glanidium\/\">Continue lendo <span class=\"meta-nav\">&rarr;<\/span><\/a><\/p>\n","protected":false},"author":1,"featured_media":0,"parent":0,"menu_order":0,"comment_status":"closed","ping_status":"closed","template":"","meta":{"footnotes":""},"class_list":["post-1782","page","type-page","status-publish","hentry"],"_links":{"self":[{"href":"http:\/\/nossacasa.net\/nossosriachos\/rios\/wp-json\/wp\/v2\/pages\/1782","targetHints":{"allow":["GET"]}}],"collection":[{"href":"http:\/\/nossacasa.net\/nossosriachos\/rios\/wp-json\/wp\/v2\/pages"}],"about":[{"href":"http:\/\/nossacasa.net\/nossosriachos\/rios\/wp-json\/wp\/v2\/types\/page"}],"author":[{"embeddable":true,"href":"http:\/\/nossacasa.net\/nossosriachos\/rios\/wp-json\/wp\/v2\/users\/1"}],"replies":[{"embeddable":true,"href":"http:\/\/nossacasa.net\/nossosriachos\/rios\/wp-json\/wp\/v2\/comments?post=1782"}],"version-history":[{"count":2,"href":"http:\/\/nossacasa.net\/nossosriachos\/rios\/wp-json\/wp\/v2\/pages\/1782\/revisions"}],"predecessor-version":[{"id":1785,"href":"http:\/\/nossacasa.net\/nossosriachos\/rios\/wp-json\/wp\/v2\/pages\/1782\/revisions\/1785"}],"wp:attachment":[{"href":"http:\/\/nossacasa.net\/nossosriachos\/rios\/wp-json\/wp\/v2\/media?parent=1782"}],"curies":[{"name":"wp","href":"https:\/\/api.w.org\/{rel}","templated":true}]}}