{"id":1787,"date":"2019-09-12T14:47:49","date_gmt":"2019-09-12T17:47:49","guid":{"rendered":"http:\/\/nossacasa.net\/nossosriachos\/rios\/?page_id=1787"},"modified":"2019-09-12T14:49:55","modified_gmt":"2019-09-12T17:49:55","slug":"pseudauchenipterus","status":"publish","type":"page","link":"http:\/\/nossacasa.net\/nossosriachos\/rios\/pseudauchenipterus\/","title":{"rendered":"Pseudauchenipterus"},"content":{"rendered":"<div style=\"text-align: justify;\">\n<h1>Os <em>Pseudauchenipterus<\/em> Bleeker, 1862<\/h1>\n<p>Algumas caracter\u00edsticas do g\u00eanero <em>Pseudauchenipterus<\/em> est\u00e3o indicadas na figura acima.<\/p>\n<p>O g\u00eanero <em>Pseudauchenipterus<\/em> \u00e9 um dos tr\u00eas g\u00eaneros da fam\u00edlia <a href=\"http:\/\/nossacasa.net\/nossosriachos\/rios\/auchenipteridae\/\">Auchenipteridae<\/a> representante dos representante dos <a href=\"http:\/\/nossacasa.net\/nossosriachos\/rios\/siluriformes\/\">Siluriformes<\/a> nas regi\u00f5es dos tabuleiros. <\/p>\n<p>Na regi\u00e3o dos tabuleiros da Mata Atl\u00e2ntica encontramos uma \u00fanica esp\u00e9cie do g\u00eanero <em>Pseudauchenipterus<\/em>: <em><a href=\"http:\/\/nossacasa.net\/nossosriachos\/rios\/pseudauchenipterus-affinis\/\">Pseudauchenipterus affinis<\/a><\/em>.<\/p>\n<hr>\n<\/div>\n","protected":false},"excerpt":{"rendered":"<p>Os Pseudauchenipterus Bleeker, 1862 Algumas caracter\u00edsticas do g\u00eanero Pseudauchenipterus est\u00e3o indicadas na figura acima. O g\u00eanero Pseudauchenipterus \u00e9 um dos tr\u00eas g\u00eaneros da fam\u00edlia Auchenipteridae representante dos representante dos Siluriformes nas regi\u00f5es dos tabuleiros. Na regi\u00e3o dos tabuleiros da Mata &hellip; <a href=\"http:\/\/nossacasa.net\/nossosriachos\/rios\/pseudauchenipterus\/\">Continue lendo <span class=\"meta-nav\">&rarr;<\/span><\/a><\/p>\n","protected":false},"author":1,"featured_media":0,"parent":0,"menu_order":0,"comment_status":"closed","ping_status":"closed","template":"","meta":{"footnotes":""},"class_list":["post-1787","page","type-page","status-publish","hentry"],"_links":{"self":[{"href":"http:\/\/nossacasa.net\/nossosriachos\/rios\/wp-json\/wp\/v2\/pages\/1787","targetHints":{"allow":["GET"]}}],"collection":[{"href":"http:\/\/nossacasa.net\/nossosriachos\/rios\/wp-json\/wp\/v2\/pages"}],"about":[{"href":"http:\/\/nossacasa.net\/nossosriachos\/rios\/wp-json\/wp\/v2\/types\/page"}],"author":[{"embeddable":true,"href":"http:\/\/nossacasa.net\/nossosriachos\/rios\/wp-json\/wp\/v2\/users\/1"}],"replies":[{"embeddable":true,"href":"http:\/\/nossacasa.net\/nossosriachos\/rios\/wp-json\/wp\/v2\/comments?post=1787"}],"version-history":[{"count":3,"href":"http:\/\/nossacasa.net\/nossosriachos\/rios\/wp-json\/wp\/v2\/pages\/1787\/revisions"}],"predecessor-version":[{"id":1791,"href":"http:\/\/nossacasa.net\/nossosriachos\/rios\/wp-json\/wp\/v2\/pages\/1787\/revisions\/1791"}],"wp:attachment":[{"href":"http:\/\/nossacasa.net\/nossosriachos\/rios\/wp-json\/wp\/v2\/media?parent=1787"}],"curies":[{"name":"wp","href":"https:\/\/api.w.org\/{rel}","templated":true}]}}