{"id":1793,"date":"2019-09-12T14:55:49","date_gmt":"2019-09-12T17:55:49","guid":{"rendered":"http:\/\/nossacasa.net\/nossosriachos\/rios\/?page_id=1793"},"modified":"2019-09-12T14:55:49","modified_gmt":"2019-09-12T17:55:49","slug":"trachelyopterus-striatulus","status":"publish","type":"page","link":"http:\/\/nossacasa.net\/nossosriachos\/rios\/trachelyopterus-striatulus\/","title":{"rendered":"Trachelyopterus striatulus"},"content":{"rendered":"<div style=\"text-align: justify;\">\n<h1><em>Trachelyopterus striatulus<\/em> (Steindachner, 1877 <\/h1>\n<p>Algumas caracter\u00edsticas da esp\u00e9cie <em>Trachelyopterus striatuluss<\/em> est\u00e3o indicadas na figura acima.<\/p>\n<p>A esp\u00e9cie <em>Trachelyopterus striatulus<\/em> \u00e9 a \u00fanica representante do g\u00eanero <em><a href=\"http:\/\/nossacasa.net\/nossosriachos\/rios\/trachelyopterus\/\">Trachelyopterus<\/a><\/em> da fam\u00edlia <a href=\"http:\/\/nossacasa.net\/nossosriachos\/rios\/auchenipteridae\/\">Auchenipteridae<\/a> nas regi\u00f5es dos tabuleiros.\n<\/div>\n<p>. <\/p>\n","protected":false},"excerpt":{"rendered":"<p>Trachelyopterus striatulus (Steindachner, 1877 Algumas caracter\u00edsticas da esp\u00e9cie Trachelyopterus striatuluss est\u00e3o indicadas na figura acima. A esp\u00e9cie Trachelyopterus striatulus \u00e9 a \u00fanica representante do g\u00eanero Trachelyopterus da fam\u00edlia Auchenipteridae nas regi\u00f5es dos tabuleiros. .<\/p>\n","protected":false},"author":1,"featured_media":1601,"parent":0,"menu_order":0,"comment_status":"closed","ping_status":"closed","template":"","meta":{"footnotes":""},"class_list":["post-1793","page","type-page","status-publish","has-post-thumbnail","hentry"],"_links":{"self":[{"href":"http:\/\/nossacasa.net\/nossosriachos\/rios\/wp-json\/wp\/v2\/pages\/1793","targetHints":{"allow":["GET"]}}],"collection":[{"href":"http:\/\/nossacasa.net\/nossosriachos\/rios\/wp-json\/wp\/v2\/pages"}],"about":[{"href":"http:\/\/nossacasa.net\/nossosriachos\/rios\/wp-json\/wp\/v2\/types\/page"}],"author":[{"embeddable":true,"href":"http:\/\/nossacasa.net\/nossosriachos\/rios\/wp-json\/wp\/v2\/users\/1"}],"replies":[{"embeddable":true,"href":"http:\/\/nossacasa.net\/nossosriachos\/rios\/wp-json\/wp\/v2\/comments?post=1793"}],"version-history":[{"count":1,"href":"http:\/\/nossacasa.net\/nossosriachos\/rios\/wp-json\/wp\/v2\/pages\/1793\/revisions"}],"predecessor-version":[{"id":1795,"href":"http:\/\/nossacasa.net\/nossosriachos\/rios\/wp-json\/wp\/v2\/pages\/1793\/revisions\/1795"}],"wp:featuredmedia":[{"embeddable":true,"href":"http:\/\/nossacasa.net\/nossosriachos\/rios\/wp-json\/wp\/v2\/media\/1601"}],"wp:attachment":[{"href":"http:\/\/nossacasa.net\/nossosriachos\/rios\/wp-json\/wp\/v2\/media?parent=1793"}],"curies":[{"name":"wp","href":"https:\/\/api.w.org\/{rel}","templated":true}]}}