{"id":1854,"date":"2019-09-12T17:10:27","date_gmt":"2019-09-12T20:10:27","guid":{"rendered":"http:\/\/nossacasa.net\/nossosriachos\/rios\/?page_id=1854"},"modified":"2019-09-12T17:12:21","modified_gmt":"2019-09-12T20:12:21","slug":"pimelodella","status":"publish","type":"page","link":"http:\/\/nossacasa.net\/nossosriachos\/rios\/pimelodella\/","title":{"rendered":"Pimelodella"},"content":{"rendered":"<div style=\"text-align: justify;\">\n<h1>As <em>Pimelodella<\/em> Eigenmann and Eigenmann, 1888<\/h1>\n<p>Algumas caracter\u00edsticas do g\u00eanero <em>Pimelodella<\/em> est\u00e3o indicadas na figura acima.<\/p>\n<p>O g\u00eanero <em>Pimelodella<\/em> \u00e9 um dos cinco g\u00eaneros da fam\u00edlia <a href=\"http:\/\/nossacasa.net\/nossosriachos\/rios\/heptapteridae\/\">Heptapteridae<\/a> representante dos <a href=\"http:\/\/nossacasa.net\/nossosriachos\/rios\/siluriformes\/\">Siluriformes<\/a> nas regi\u00f5es dos tabuleiros. <\/p>\n<p>Na regi\u00e3o dos tabuleiros da Mata Atl\u00e2ntica encontramos uma \u00fanica potencial esp\u00e9cie do g\u00eanero <em>Pimelodella<\/em>: <em><a href=\"http:\/\/nossacasa.net\/nossosriachos\/rios\/pimelodella-aff-vitatta\/\">Pimelodella aff. vitatta<\/a><\/em>.<\/p>\n<hr>\n<\/div>\n","protected":false},"excerpt":{"rendered":"<p>As Pimelodella Eigenmann and Eigenmann, 1888 Algumas caracter\u00edsticas do g\u00eanero Pimelodella est\u00e3o indicadas na figura acima. O g\u00eanero Pimelodella \u00e9 um dos cinco g\u00eaneros da fam\u00edlia Heptapteridae representante dos Siluriformes nas regi\u00f5es dos tabuleiros. Na regi\u00e3o dos tabuleiros da Mata &hellip; <a href=\"http:\/\/nossacasa.net\/nossosriachos\/rios\/pimelodella\/\">Continue lendo <span class=\"meta-nav\">&rarr;<\/span><\/a><\/p>\n","protected":false},"author":1,"featured_media":0,"parent":0,"menu_order":0,"comment_status":"closed","ping_status":"closed","template":"","meta":{"footnotes":""},"class_list":["post-1854","page","type-page","status-publish","hentry"],"_links":{"self":[{"href":"http:\/\/nossacasa.net\/nossosriachos\/rios\/wp-json\/wp\/v2\/pages\/1854","targetHints":{"allow":["GET"]}}],"collection":[{"href":"http:\/\/nossacasa.net\/nossosriachos\/rios\/wp-json\/wp\/v2\/pages"}],"about":[{"href":"http:\/\/nossacasa.net\/nossosriachos\/rios\/wp-json\/wp\/v2\/types\/page"}],"author":[{"embeddable":true,"href":"http:\/\/nossacasa.net\/nossosriachos\/rios\/wp-json\/wp\/v2\/users\/1"}],"replies":[{"embeddable":true,"href":"http:\/\/nossacasa.net\/nossosriachos\/rios\/wp-json\/wp\/v2\/comments?post=1854"}],"version-history":[{"count":3,"href":"http:\/\/nossacasa.net\/nossosriachos\/rios\/wp-json\/wp\/v2\/pages\/1854\/revisions"}],"predecessor-version":[{"id":3311,"href":"http:\/\/nossacasa.net\/nossosriachos\/rios\/wp-json\/wp\/v2\/pages\/1854\/revisions\/3311"}],"wp:attachment":[{"href":"http:\/\/nossacasa.net\/nossosriachos\/rios\/wp-json\/wp\/v2\/media?parent=1854"}],"curies":[{"name":"wp","href":"https:\/\/api.w.org\/{rel}","templated":true}]}}