{"id":1855,"date":"2019-09-12T17:12:09","date_gmt":"2019-09-12T20:12:09","guid":{"rendered":"http:\/\/nossacasa.net\/nossosriachos\/rios\/?page_id=1855"},"modified":"2019-09-12T17:12:09","modified_gmt":"2019-09-12T20:12:09","slug":"pimelodella-aff-vitatta","status":"publish","type":"page","link":"http:\/\/nossacasa.net\/nossosriachos\/rios\/pimelodella-aff-vitatta\/","title":{"rendered":"Pimelodella aff. vitatta"},"content":{"rendered":"<div style=\"text-align: justify;\">\n<h1><em>Pimelodella<\/em> aff. <em>vitatta<\/em><\/h1>\n<p>Algumas caracter\u00edsticas da potencial esp\u00e9cie nova <em>Pimelodella aff. vitatta<\/em> est\u00e3o indicadas na figura acima.<\/p>\n<p>A esp\u00e9cie potencialmente nova <em>Pimelodella aff. vitatta<\/em> \u00e9 a \u00fanica representante do g\u00eanero <em><a href=\"http:\/\/nossacasa.net\/nossosriachos\/rios\/pimelodella\/\">Pimelodella<\/a><\/em> da fam\u00edlia <a href=\"http:\/\/nossacasa.net\/nossosriachos\/rios\/heptapteridae\/\">Heptapteridae<\/a> nas regi\u00f5es dos tabuleiros.\n<\/div>\n<p>. <\/p>\n","protected":false},"excerpt":{"rendered":"<p>Pimelodella aff. vitatta Algumas caracter\u00edsticas da potencial esp\u00e9cie nova Pimelodella aff. vitatta est\u00e3o indicadas na figura acima. A esp\u00e9cie potencialmente nova Pimelodella aff. vitatta \u00e9 a \u00fanica representante do g\u00eanero Pimelodella da fam\u00edlia Heptapteridae nas regi\u00f5es dos tabuleiros. .<\/p>\n","protected":false},"author":1,"featured_media":1601,"parent":0,"menu_order":0,"comment_status":"closed","ping_status":"closed","template":"","meta":{"footnotes":""},"class_list":["post-1855","page","type-page","status-publish","has-post-thumbnail","hentry"],"_links":{"self":[{"href":"http:\/\/nossacasa.net\/nossosriachos\/rios\/wp-json\/wp\/v2\/pages\/1855","targetHints":{"allow":["GET"]}}],"collection":[{"href":"http:\/\/nossacasa.net\/nossosriachos\/rios\/wp-json\/wp\/v2\/pages"}],"about":[{"href":"http:\/\/nossacasa.net\/nossosriachos\/rios\/wp-json\/wp\/v2\/types\/page"}],"author":[{"embeddable":true,"href":"http:\/\/nossacasa.net\/nossosriachos\/rios\/wp-json\/wp\/v2\/users\/1"}],"replies":[{"embeddable":true,"href":"http:\/\/nossacasa.net\/nossosriachos\/rios\/wp-json\/wp\/v2\/comments?post=1855"}],"version-history":[{"count":1,"href":"http:\/\/nossacasa.net\/nossosriachos\/rios\/wp-json\/wp\/v2\/pages\/1855\/revisions"}],"predecessor-version":[{"id":1857,"href":"http:\/\/nossacasa.net\/nossosriachos\/rios\/wp-json\/wp\/v2\/pages\/1855\/revisions\/1857"}],"wp:featuredmedia":[{"embeddable":true,"href":"http:\/\/nossacasa.net\/nossosriachos\/rios\/wp-json\/wp\/v2\/media\/1601"}],"wp:attachment":[{"href":"http:\/\/nossacasa.net\/nossosriachos\/rios\/wp-json\/wp\/v2\/media?parent=1855"}],"curies":[{"name":"wp","href":"https:\/\/api.w.org\/{rel}","templated":true}]}}