{"id":1860,"date":"2019-09-12T17:15:26","date_gmt":"2019-09-12T20:15:26","guid":{"rendered":"http:\/\/nossacasa.net\/nossosriachos\/rios\/?page_id=1860"},"modified":"2019-09-12T17:15:26","modified_gmt":"2019-09-12T20:15:26","slug":"rhamdia-aff-quellen","status":"publish","type":"page","link":"http:\/\/nossacasa.net\/nossosriachos\/rios\/rhamdia-aff-quellen\/","title":{"rendered":"Rhamdia aff. quellen"},"content":{"rendered":"<div style=\"text-align: justify;\">\n<h1><em>Rhamdia<\/em> aff. <em>quellen<\/em><\/h1>\n<p>Algumas caracter\u00edsticas da potencial esp\u00e9cie nova <em>Rhamdia aff. quellen<\/em> est\u00e3o indicadas na figura acima.<\/p>\n<p>A esp\u00e9cie potencialmente nova <em>Rhamdia aff. quellen<\/em> \u00e9 a \u00fanica representante do g\u00eanero <em><a href=\"http:\/\/nossacasa.net\/nossosriachos\/rios\/rhamdia\/\">Rhamdia<\/a><\/em> da fam\u00edlia <a href=\"http:\/\/nossacasa.net\/nossosriachos\/rios\/heptapteridae\/\">Heptapteridae<\/a> nas regi\u00f5es dos tabuleiros.\n<\/div>\n<p>. <\/p>\n","protected":false},"excerpt":{"rendered":"<p>Rhamdia aff. quellen Algumas caracter\u00edsticas da potencial esp\u00e9cie nova Rhamdia aff. quellen est\u00e3o indicadas na figura acima. A esp\u00e9cie potencialmente nova Rhamdia aff. quellen \u00e9 a \u00fanica representante do g\u00eanero Rhamdia da fam\u00edlia Heptapteridae nas regi\u00f5es dos tabuleiros. .<\/p>\n","protected":false},"author":1,"featured_media":1601,"parent":0,"menu_order":0,"comment_status":"closed","ping_status":"closed","template":"","meta":{"footnotes":""},"class_list":["post-1860","page","type-page","status-publish","has-post-thumbnail","hentry"],"_links":{"self":[{"href":"http:\/\/nossacasa.net\/nossosriachos\/rios\/wp-json\/wp\/v2\/pages\/1860","targetHints":{"allow":["GET"]}}],"collection":[{"href":"http:\/\/nossacasa.net\/nossosriachos\/rios\/wp-json\/wp\/v2\/pages"}],"about":[{"href":"http:\/\/nossacasa.net\/nossosriachos\/rios\/wp-json\/wp\/v2\/types\/page"}],"author":[{"embeddable":true,"href":"http:\/\/nossacasa.net\/nossosriachos\/rios\/wp-json\/wp\/v2\/users\/1"}],"replies":[{"embeddable":true,"href":"http:\/\/nossacasa.net\/nossosriachos\/rios\/wp-json\/wp\/v2\/comments?post=1860"}],"version-history":[{"count":1,"href":"http:\/\/nossacasa.net\/nossosriachos\/rios\/wp-json\/wp\/v2\/pages\/1860\/revisions"}],"predecessor-version":[{"id":1862,"href":"http:\/\/nossacasa.net\/nossosriachos\/rios\/wp-json\/wp\/v2\/pages\/1860\/revisions\/1862"}],"wp:featuredmedia":[{"embeddable":true,"href":"http:\/\/nossacasa.net\/nossosriachos\/rios\/wp-json\/wp\/v2\/media\/1601"}],"wp:attachment":[{"href":"http:\/\/nossacasa.net\/nossosriachos\/rios\/wp-json\/wp\/v2\/media?parent=1860"}],"curies":[{"name":"wp","href":"https:\/\/api.w.org\/{rel}","templated":true}]}}