{"id":1881,"date":"2019-09-12T18:05:42","date_gmt":"2019-09-12T21:05:42","guid":{"rendered":"http:\/\/nossacasa.net\/nossosriachos\/rios\/?page_id=1881"},"modified":"2019-09-12T18:07:38","modified_gmt":"2019-09-12T21:07:38","slug":"harttia","status":"publish","type":"page","link":"http:\/\/nossacasa.net\/nossosriachos\/rios\/harttia\/","title":{"rendered":"Harttia"},"content":{"rendered":"<div style=\"text-align: justify;\">\n<h1>As <em>Harttia<\/em> Steindachner, 1877<\/h1>\n<p>Algumas caracter\u00edsticas do g\u00eanero <em>Harttia<\/em> est\u00e3o indicadas na figura acima.<\/p>\n<p>O g\u00eanero <em>Harttia<\/em> \u00e9 um dos seis g\u00eaneros da fam\u00edlia <a href=\"http:\/\/nossacasa.net\/nossosriachos\/rios\/loricariidae\/\">Loricariidae<\/a> representante dos <a href=\"http:\/\/nossacasa.net\/nossosriachos\/rios\/siluriformes\/\">Siluriformes<\/a> nas regi\u00f5es dos tabuleiros. <\/p>\n<p>Na regi\u00e3o dos tabuleiros da Mata Atl\u00e2ntica encontramos uma \u00fanica esp\u00e9cie do g\u00eanero <em>Harttia<\/em>: <em><a href=\"http:\/\/nossacasa.net\/nossosriachos\/rios\/harttia-carvalhoi\/\">Harttia carvalhoi<\/a><\/em>.<\/p>\n<hr>\n<\/div>\n","protected":false},"excerpt":{"rendered":"<p>As Harttia Steindachner, 1877 Algumas caracter\u00edsticas do g\u00eanero Harttia est\u00e3o indicadas na figura acima. O g\u00eanero Harttia \u00e9 um dos seis g\u00eaneros da fam\u00edlia Loricariidae representante dos Siluriformes nas regi\u00f5es dos tabuleiros. Na regi\u00e3o dos tabuleiros da Mata Atl\u00e2ntica encontramos &hellip; <a href=\"http:\/\/nossacasa.net\/nossosriachos\/rios\/harttia\/\">Continue lendo <span class=\"meta-nav\">&rarr;<\/span><\/a><\/p>\n","protected":false},"author":1,"featured_media":0,"parent":0,"menu_order":0,"comment_status":"closed","ping_status":"closed","template":"","meta":{"footnotes":""},"class_list":["post-1881","page","type-page","status-publish","hentry"],"_links":{"self":[{"href":"http:\/\/nossacasa.net\/nossosriachos\/rios\/wp-json\/wp\/v2\/pages\/1881","targetHints":{"allow":["GET"]}}],"collection":[{"href":"http:\/\/nossacasa.net\/nossosriachos\/rios\/wp-json\/wp\/v2\/pages"}],"about":[{"href":"http:\/\/nossacasa.net\/nossosriachos\/rios\/wp-json\/wp\/v2\/types\/page"}],"author":[{"embeddable":true,"href":"http:\/\/nossacasa.net\/nossosriachos\/rios\/wp-json\/wp\/v2\/users\/1"}],"replies":[{"embeddable":true,"href":"http:\/\/nossacasa.net\/nossosriachos\/rios\/wp-json\/wp\/v2\/comments?post=1881"}],"version-history":[{"count":2,"href":"http:\/\/nossacasa.net\/nossosriachos\/rios\/wp-json\/wp\/v2\/pages\/1881\/revisions"}],"predecessor-version":[{"id":1885,"href":"http:\/\/nossacasa.net\/nossosriachos\/rios\/wp-json\/wp\/v2\/pages\/1881\/revisions\/1885"}],"wp:attachment":[{"href":"http:\/\/nossacasa.net\/nossosriachos\/rios\/wp-json\/wp\/v2\/media?parent=1881"}],"curies":[{"name":"wp","href":"https:\/\/api.w.org\/{rel}","templated":true}]}}