{"id":1886,"date":"2019-09-12T18:13:48","date_gmt":"2019-09-12T21:13:48","guid":{"rendered":"http:\/\/nossacasa.net\/nossosriachos\/rios\/?page_id=1886"},"modified":"2019-09-12T18:13:48","modified_gmt":"2019-09-12T21:13:48","slug":"hypostomus-scabriceps","status":"publish","type":"page","link":"http:\/\/nossacasa.net\/nossosriachos\/rios\/hypostomus-scabriceps\/","title":{"rendered":"Hypostomus scabriceps"},"content":{"rendered":"<div style=\"text-align: justify;\">\n<h1><em>Hypostomus scabriceps<\/em> (Eigenmann and Eigenmann, 1888<\/h1>\n<p>Algumas caracter\u00edsticas da esp\u00e9cie <em>Hypostomus scabriceps<\/em> est\u00e3o indicadas na figura acima.<\/p>\n<p>A esp\u00e9cie <em>Hypostomus scabricepsi<\/em> \u00e9 uma das duas representantes do g\u00eanero <em><a href=\"http:\/\/nossacasa.net\/nossosriachos\/rios\/hypostomus\/\">Hypostomus<\/a><\/em> da fam\u00edlia <a href=\"http:\/\/nossacasa.net\/nossosriachos\/rios\/loricariidae\/\">Loricariidae<\/a> nas regi\u00f5es dos tabuleiros.\n<\/div>\n<p>. <\/p>\n","protected":false},"excerpt":{"rendered":"<p>Hypostomus scabriceps (Eigenmann and Eigenmann, 1888 Algumas caracter\u00edsticas da esp\u00e9cie Hypostomus scabriceps est\u00e3o indicadas na figura acima. A esp\u00e9cie Hypostomus scabricepsi \u00e9 uma das duas representantes do g\u00eanero Hypostomus da fam\u00edlia Loricariidae nas regi\u00f5es dos tabuleiros. .<\/p>\n","protected":false},"author":1,"featured_media":1601,"parent":0,"menu_order":0,"comment_status":"closed","ping_status":"closed","template":"","meta":{"footnotes":""},"class_list":["post-1886","page","type-page","status-publish","has-post-thumbnail","hentry"],"_links":{"self":[{"href":"http:\/\/nossacasa.net\/nossosriachos\/rios\/wp-json\/wp\/v2\/pages\/1886","targetHints":{"allow":["GET"]}}],"collection":[{"href":"http:\/\/nossacasa.net\/nossosriachos\/rios\/wp-json\/wp\/v2\/pages"}],"about":[{"href":"http:\/\/nossacasa.net\/nossosriachos\/rios\/wp-json\/wp\/v2\/types\/page"}],"author":[{"embeddable":true,"href":"http:\/\/nossacasa.net\/nossosriachos\/rios\/wp-json\/wp\/v2\/users\/1"}],"replies":[{"embeddable":true,"href":"http:\/\/nossacasa.net\/nossosriachos\/rios\/wp-json\/wp\/v2\/comments?post=1886"}],"version-history":[{"count":1,"href":"http:\/\/nossacasa.net\/nossosriachos\/rios\/wp-json\/wp\/v2\/pages\/1886\/revisions"}],"predecessor-version":[{"id":1889,"href":"http:\/\/nossacasa.net\/nossosriachos\/rios\/wp-json\/wp\/v2\/pages\/1886\/revisions\/1889"}],"wp:featuredmedia":[{"embeddable":true,"href":"http:\/\/nossacasa.net\/nossosriachos\/rios\/wp-json\/wp\/v2\/media\/1601"}],"wp:attachment":[{"href":"http:\/\/nossacasa.net\/nossosriachos\/rios\/wp-json\/wp\/v2\/media?parent=1886"}],"curies":[{"name":"wp","href":"https:\/\/api.w.org\/{rel}","templated":true}]}}