{"id":1895,"date":"2019-09-12T18:25:40","date_gmt":"2019-09-12T21:25:40","guid":{"rendered":"http:\/\/nossacasa.net\/nossosriachos\/rios\/?page_id=1895"},"modified":"2019-09-12T18:27:07","modified_gmt":"2019-09-12T21:27:07","slug":"otothyris","status":"publish","type":"page","link":"http:\/\/nossacasa.net\/nossosriachos\/rios\/otothyris\/","title":{"rendered":"Otothyris"},"content":{"rendered":"<div style=\"text-align: justify;\">\n<h1>Os <em>Otothyris<\/em> Myers, 19278<\/h1>\n<p>Algumas caracter\u00edsticas do g\u00eanero <em>Otothyris<\/em> est\u00e3o indicadas na figura acima.<\/p>\n<p>O g\u00eanero <em>Otothyris<\/em> \u00e9 um dos seis g\u00eaneros da fam\u00edlia <a href=\"http:\/\/nossacasa.net\/nossosriachos\/rios\/loricariidae\/\">Loricariidae<\/a> representante dos <a href=\"http:\/\/nossacasa.net\/nossosriachos\/rios\/siluriformes\/\">Siluriformes<\/a> nas regi\u00f5es dos tabuleiros. <\/p>\n<p>Na regi\u00e3o dos tabuleiros da Mata Atl\u00e2ntica encontramos uma \u00fanica esp\u00e9cie do g\u00eanero <em>Otothyris<\/em>: <em><a href=\"http:\/\/nossacasa.net\/nossosriachos\/rios\/otothyris-travassosi\/\">Otothyris travassosi<\/a><\/em>.<\/p>\n<hr>\n<\/div>\n","protected":false},"excerpt":{"rendered":"<p>Os Otothyris Myers, 19278 Algumas caracter\u00edsticas do g\u00eanero Otothyris est\u00e3o indicadas na figura acima. O g\u00eanero Otothyris \u00e9 um dos seis g\u00eaneros da fam\u00edlia Loricariidae representante dos Siluriformes nas regi\u00f5es dos tabuleiros. Na regi\u00e3o dos tabuleiros da Mata Atl\u00e2ntica encontramos &hellip; <a href=\"http:\/\/nossacasa.net\/nossosriachos\/rios\/otothyris\/\">Continue lendo <span class=\"meta-nav\">&rarr;<\/span><\/a><\/p>\n","protected":false},"author":1,"featured_media":0,"parent":0,"menu_order":0,"comment_status":"closed","ping_status":"closed","template":"","meta":{"footnotes":""},"class_list":["post-1895","page","type-page","status-publish","hentry"],"_links":{"self":[{"href":"http:\/\/nossacasa.net\/nossosriachos\/rios\/wp-json\/wp\/v2\/pages\/1895","targetHints":{"allow":["GET"]}}],"collection":[{"href":"http:\/\/nossacasa.net\/nossosriachos\/rios\/wp-json\/wp\/v2\/pages"}],"about":[{"href":"http:\/\/nossacasa.net\/nossosriachos\/rios\/wp-json\/wp\/v2\/types\/page"}],"author":[{"embeddable":true,"href":"http:\/\/nossacasa.net\/nossosriachos\/rios\/wp-json\/wp\/v2\/users\/1"}],"replies":[{"embeddable":true,"href":"http:\/\/nossacasa.net\/nossosriachos\/rios\/wp-json\/wp\/v2\/comments?post=1895"}],"version-history":[{"count":2,"href":"http:\/\/nossacasa.net\/nossosriachos\/rios\/wp-json\/wp\/v2\/pages\/1895\/revisions"}],"predecessor-version":[{"id":1899,"href":"http:\/\/nossacasa.net\/nossosriachos\/rios\/wp-json\/wp\/v2\/pages\/1895\/revisions\/1899"}],"wp:attachment":[{"href":"http:\/\/nossacasa.net\/nossosriachos\/rios\/wp-json\/wp\/v2\/media?parent=1895"}],"curies":[{"name":"wp","href":"https:\/\/api.w.org\/{rel}","templated":true}]}}