{"id":1896,"date":"2019-09-12T18:26:51","date_gmt":"2019-09-12T21:26:51","guid":{"rendered":"http:\/\/nossacasa.net\/nossosriachos\/rios\/?page_id=1896"},"modified":"2019-09-12T18:26:51","modified_gmt":"2019-09-12T21:26:51","slug":"otothyris-travassosi","status":"publish","type":"page","link":"http:\/\/nossacasa.net\/nossosriachos\/rios\/otothyris-travassosi\/","title":{"rendered":"Otothyris travassosi"},"content":{"rendered":"<div style=\"text-align: justify;\">\n<h1><em>Otothyris travassosi<\/em> Garavello, Britski and Schaefer, 1998<\/h1>\n<p>Algumas caracter\u00edsticas da esp\u00e9cie <em>Otothyris travassosi<\/em> est\u00e3o indicadas na figura acima.<\/p>\n<p>A esp\u00e9cie <em>Otothyris travassosi<\/em> \u00e9 uma das duas representantes do g\u00eanero <em><a href=\"http:\/\/nossacasa.net\/nossosriachos\/rios\/otothyris\/\">Otothyris<\/a><\/em> da fam\u00edlia <a href=\"http:\/\/nossacasa.net\/nossosriachos\/rios\/loricariidae\/\">Loricariidae<\/a> nas regi\u00f5es dos tabuleiros.\n<\/div>\n<p>. <\/p>\n","protected":false},"excerpt":{"rendered":"<p>Otothyris travassosi Garavello, Britski and Schaefer, 1998 Algumas caracter\u00edsticas da esp\u00e9cie Otothyris travassosi est\u00e3o indicadas na figura acima. A esp\u00e9cie Otothyris travassosi \u00e9 uma das duas representantes do g\u00eanero Otothyris da fam\u00edlia Loricariidae nas regi\u00f5es dos tabuleiros. .<\/p>\n","protected":false},"author":1,"featured_media":1601,"parent":0,"menu_order":0,"comment_status":"closed","ping_status":"closed","template":"","meta":{"footnotes":""},"class_list":["post-1896","page","type-page","status-publish","has-post-thumbnail","hentry"],"_links":{"self":[{"href":"http:\/\/nossacasa.net\/nossosriachos\/rios\/wp-json\/wp\/v2\/pages\/1896","targetHints":{"allow":["GET"]}}],"collection":[{"href":"http:\/\/nossacasa.net\/nossosriachos\/rios\/wp-json\/wp\/v2\/pages"}],"about":[{"href":"http:\/\/nossacasa.net\/nossosriachos\/rios\/wp-json\/wp\/v2\/types\/page"}],"author":[{"embeddable":true,"href":"http:\/\/nossacasa.net\/nossosriachos\/rios\/wp-json\/wp\/v2\/users\/1"}],"replies":[{"embeddable":true,"href":"http:\/\/nossacasa.net\/nossosriachos\/rios\/wp-json\/wp\/v2\/comments?post=1896"}],"version-history":[{"count":1,"href":"http:\/\/nossacasa.net\/nossosriachos\/rios\/wp-json\/wp\/v2\/pages\/1896\/revisions"}],"predecessor-version":[{"id":1898,"href":"http:\/\/nossacasa.net\/nossosriachos\/rios\/wp-json\/wp\/v2\/pages\/1896\/revisions\/1898"}],"wp:featuredmedia":[{"embeddable":true,"href":"http:\/\/nossacasa.net\/nossosriachos\/rios\/wp-json\/wp\/v2\/media\/1601"}],"wp:attachment":[{"href":"http:\/\/nossacasa.net\/nossosriachos\/rios\/wp-json\/wp\/v2\/media?parent=1896"}],"curies":[{"name":"wp","href":"https:\/\/api.w.org\/{rel}","templated":true}]}}