{"id":1900,"date":"2019-09-12T18:30:35","date_gmt":"2019-09-12T21:30:35","guid":{"rendered":"http:\/\/nossacasa.net\/nossosriachos\/rios\/?page_id=1900"},"modified":"2019-09-12T18:39:05","modified_gmt":"2019-09-12T21:39:05","slug":"parotocinclus","status":"publish","type":"page","link":"http:\/\/nossacasa.net\/nossosriachos\/rios\/parotocinclus\/","title":{"rendered":"Parotocinclus"},"content":{"rendered":"<div style=\"text-align: justify;\">\n<h1>Os <em>Parotocinclus<\/em> Eigenmann and Eigenmann, 1889<\/h1>\n<p>Algumas caracter\u00edsticas do g\u00eanero <em>Parotocinclus<\/em> est\u00e3o indicadas na figura acima.<\/p>\n<p>O g\u00eanero <em>Parotocinclus<\/em> \u00e9 um dos seis g\u00eaneros da fam\u00edlia <a href=\"http:\/\/nossacasa.net\/nossosriachos\/rios\/loricariidae\/\">Loricariidae<\/a> representante dos <a href=\"http:\/\/nossacasa.net\/nossosriachos\/rios\/siluriformes\/\">Siluriformes<\/a> nas regi\u00f5es dos tabuleiros. <\/p>\n<p>Na regi\u00e3o dos tabuleiros da Mata Atl\u00e2ntica encontramos duas esp\u00e9cies do g\u00eanero <em>Parotocinclus<\/em>: <em><a href=\"http:\/\/nossacasa.net\/nossosriachos\/rios\/parotocinclus-doceanus\/\">Parotocinclus doceanus<\/a><\/em> e <em><a href=\"http:\/\/nossacasa.net\/nossosriachos\/rios\/parotocinclus-arandai\/\">Parotocinclus arandai<\/a><\/em>.<\/p>\n<hr>\n<\/div>\n","protected":false},"excerpt":{"rendered":"<p>Os Parotocinclus Eigenmann and Eigenmann, 1889 Algumas caracter\u00edsticas do g\u00eanero Parotocinclus est\u00e3o indicadas na figura acima. O g\u00eanero Parotocinclus \u00e9 um dos seis g\u00eaneros da fam\u00edlia Loricariidae representante dos Siluriformes nas regi\u00f5es dos tabuleiros. Na regi\u00e3o dos tabuleiros da Mata &hellip; <a href=\"http:\/\/nossacasa.net\/nossosriachos\/rios\/parotocinclus\/\">Continue lendo <span class=\"meta-nav\">&rarr;<\/span><\/a><\/p>\n","protected":false},"author":1,"featured_media":0,"parent":0,"menu_order":0,"comment_status":"closed","ping_status":"closed","template":"","meta":{"footnotes":""},"class_list":["post-1900","page","type-page","status-publish","hentry"],"_links":{"self":[{"href":"http:\/\/nossacasa.net\/nossosriachos\/rios\/wp-json\/wp\/v2\/pages\/1900","targetHints":{"allow":["GET"]}}],"collection":[{"href":"http:\/\/nossacasa.net\/nossosriachos\/rios\/wp-json\/wp\/v2\/pages"}],"about":[{"href":"http:\/\/nossacasa.net\/nossosriachos\/rios\/wp-json\/wp\/v2\/types\/page"}],"author":[{"embeddable":true,"href":"http:\/\/nossacasa.net\/nossosriachos\/rios\/wp-json\/wp\/v2\/users\/1"}],"replies":[{"embeddable":true,"href":"http:\/\/nossacasa.net\/nossosriachos\/rios\/wp-json\/wp\/v2\/comments?post=1900"}],"version-history":[{"count":4,"href":"http:\/\/nossacasa.net\/nossosriachos\/rios\/wp-json\/wp\/v2\/pages\/1900\/revisions"}],"predecessor-version":[{"id":1908,"href":"http:\/\/nossacasa.net\/nossosriachos\/rios\/wp-json\/wp\/v2\/pages\/1900\/revisions\/1908"}],"wp:attachment":[{"href":"http:\/\/nossacasa.net\/nossosriachos\/rios\/wp-json\/wp\/v2\/media?parent=1900"}],"curies":[{"name":"wp","href":"https:\/\/api.w.org\/{rel}","templated":true}]}}