{"id":1904,"date":"2019-09-12T18:38:27","date_gmt":"2019-09-12T21:38:27","guid":{"rendered":"http:\/\/nossacasa.net\/nossosriachos\/rios\/?page_id=1904"},"modified":"2019-09-12T18:38:27","modified_gmt":"2019-09-12T21:38:27","slug":"parotocinclus-arandai","status":"publish","type":"page","link":"http:\/\/nossacasa.net\/nossosriachos\/rios\/parotocinclus-arandai\/","title":{"rendered":"Parotocinclus arandai"},"content":{"rendered":"<div style=\"text-align: justify;\">\n<h1><em>Parotocinclus arandai<\/em> Sarmento-Soares, Lehmann, A. &#038; Martins-Pinheiro, 2009<\/h1>\n<p>Algumas caracter\u00edsticas da esp\u00e9cie <em>Parotocinclus arandai<\/em> est\u00e3o indicadas na figura acima.<\/p>\n<p>A esp\u00e9cie <em>Parotocinclus arandai<\/em> \u00e9 uma das duas representantes do g\u00eanero <em><a href=\"http:\/\/nossacasa.net\/nossosriachos\/rios\/parotocinclus\/\">Parotocinclus<\/a><\/em> da fam\u00edlia <a href=\"http:\/\/nossacasa.net\/nossosriachos\/rios\/loricariidae\/\">Loricariidae<\/a> nas regi\u00f5es dos tabuleiros.\n<\/div>\n<p>. <\/p>\n","protected":false},"excerpt":{"rendered":"<p>Parotocinclus arandai Sarmento-Soares, Lehmann, A. &#038; Martins-Pinheiro, 2009 Algumas caracter\u00edsticas da esp\u00e9cie Parotocinclus arandai est\u00e3o indicadas na figura acima. A esp\u00e9cie Parotocinclus arandai \u00e9 uma das duas representantes do g\u00eanero Parotocinclus da fam\u00edlia Loricariidae nas regi\u00f5es dos tabuleiros. .<\/p>\n","protected":false},"author":1,"featured_media":1601,"parent":0,"menu_order":0,"comment_status":"closed","ping_status":"closed","template":"","meta":{"footnotes":""},"class_list":["post-1904","page","type-page","status-publish","has-post-thumbnail","hentry"],"_links":{"self":[{"href":"http:\/\/nossacasa.net\/nossosriachos\/rios\/wp-json\/wp\/v2\/pages\/1904","targetHints":{"allow":["GET"]}}],"collection":[{"href":"http:\/\/nossacasa.net\/nossosriachos\/rios\/wp-json\/wp\/v2\/pages"}],"about":[{"href":"http:\/\/nossacasa.net\/nossosriachos\/rios\/wp-json\/wp\/v2\/types\/page"}],"author":[{"embeddable":true,"href":"http:\/\/nossacasa.net\/nossosriachos\/rios\/wp-json\/wp\/v2\/users\/1"}],"replies":[{"embeddable":true,"href":"http:\/\/nossacasa.net\/nossosriachos\/rios\/wp-json\/wp\/v2\/comments?post=1904"}],"version-history":[{"count":1,"href":"http:\/\/nossacasa.net\/nossosriachos\/rios\/wp-json\/wp\/v2\/pages\/1904\/revisions"}],"predecessor-version":[{"id":1906,"href":"http:\/\/nossacasa.net\/nossosriachos\/rios\/wp-json\/wp\/v2\/pages\/1904\/revisions\/1906"}],"wp:featuredmedia":[{"embeddable":true,"href":"http:\/\/nossacasa.net\/nossosriachos\/rios\/wp-json\/wp\/v2\/media\/1601"}],"wp:attachment":[{"href":"http:\/\/nossacasa.net\/nossosriachos\/rios\/wp-json\/wp\/v2\/media?parent=1904"}],"curies":[{"name":"wp","href":"https:\/\/api.w.org\/{rel}","templated":true}]}}