{"id":1935,"date":"2019-09-12T22:15:13","date_gmt":"2019-09-13T01:15:13","guid":{"rendered":"http:\/\/nossacasa.net\/nossosriachos\/rios\/?page_id=1935"},"modified":"2019-09-12T22:17:29","modified_gmt":"2019-09-13T01:17:29","slug":"steindachneridion","status":"publish","type":"page","link":"http:\/\/nossacasa.net\/nossosriachos\/rios\/steindachneridion\/","title":{"rendered":"Steindachneridion"},"content":{"rendered":"<div style=\"text-align: justify;\">\n<h1><em>Steindachneridion<\/em> Eigenmann &#038; Eigenmann 1919<\/h1>\n<p>Algumas caracter\u00edsticas do g\u00eanero <em>Steindachneridion<\/em> est\u00e3o indicadas na figura acima.<\/p>\n<p>O g\u00eanero <em>Steindachneridions<\/em> \u00e9 um dos dois g\u00eaneros da fam\u00edlia <a href=\"http:\/\/nossacasa.net\/nossosriachos\/rios\/pimelodidae\/\">Pimelodidae<\/a> representante dos <a href=\"http:\/\/nossacasa.net\/nossosriachos\/rios\/siluriformes\/\">Siluriformes<\/a> nas regi\u00f5es dos tabuleiros. <\/p>\n<p>Na regi\u00e3o dos tabuleiros da Mata Atl\u00e2ntica encontramos uma \u00fanica esp\u00e9cie do g\u00eanero <em>Steindachneridion<\/em>: <em><a href=\"http:\/\/nossacasa.net\/nossosriachos\/rios\/steindachneridion-doceanum\/\">Steindachneridion doceanum<\/a><\/em><\/p>\n<hr>\n<\/div>\n","protected":false},"excerpt":{"rendered":"<p>Steindachneridion Eigenmann &#038; Eigenmann 1919 Algumas caracter\u00edsticas do g\u00eanero Steindachneridion est\u00e3o indicadas na figura acima. O g\u00eanero Steindachneridions \u00e9 um dos dois g\u00eaneros da fam\u00edlia Pimelodidae representante dos Siluriformes nas regi\u00f5es dos tabuleiros. Na regi\u00e3o dos tabuleiros da Mata Atl\u00e2ntica &hellip; <a href=\"http:\/\/nossacasa.net\/nossosriachos\/rios\/steindachneridion\/\">Continue lendo <span class=\"meta-nav\">&rarr;<\/span><\/a><\/p>\n","protected":false},"author":1,"featured_media":0,"parent":0,"menu_order":0,"comment_status":"closed","ping_status":"closed","template":"","meta":{"footnotes":""},"class_list":["post-1935","page","type-page","status-publish","hentry"],"_links":{"self":[{"href":"http:\/\/nossacasa.net\/nossosriachos\/rios\/wp-json\/wp\/v2\/pages\/1935","targetHints":{"allow":["GET"]}}],"collection":[{"href":"http:\/\/nossacasa.net\/nossosriachos\/rios\/wp-json\/wp\/v2\/pages"}],"about":[{"href":"http:\/\/nossacasa.net\/nossosriachos\/rios\/wp-json\/wp\/v2\/types\/page"}],"author":[{"embeddable":true,"href":"http:\/\/nossacasa.net\/nossosriachos\/rios\/wp-json\/wp\/v2\/users\/1"}],"replies":[{"embeddable":true,"href":"http:\/\/nossacasa.net\/nossosriachos\/rios\/wp-json\/wp\/v2\/comments?post=1935"}],"version-history":[{"count":3,"href":"http:\/\/nossacasa.net\/nossosriachos\/rios\/wp-json\/wp\/v2\/pages\/1935\/revisions"}],"predecessor-version":[{"id":1940,"href":"http:\/\/nossacasa.net\/nossosriachos\/rios\/wp-json\/wp\/v2\/pages\/1935\/revisions\/1940"}],"wp:attachment":[{"href":"http:\/\/nossacasa.net\/nossosriachos\/rios\/wp-json\/wp\/v2\/media?parent=1935"}],"curies":[{"name":"wp","href":"https:\/\/api.w.org\/{rel}","templated":true}]}}