{"id":1936,"date":"2019-09-12T22:16:35","date_gmt":"2019-09-13T01:16:35","guid":{"rendered":"http:\/\/nossacasa.net\/nossosriachos\/rios\/?page_id=1936"},"modified":"2019-09-12T22:16:35","modified_gmt":"2019-09-13T01:16:35","slug":"steindachneridion-doceanum","status":"publish","type":"page","link":"http:\/\/nossacasa.net\/nossosriachos\/rios\/steindachneridion-doceanum\/","title":{"rendered":"Steindachneridion doceanum"},"content":{"rendered":"<div style=\"text-align: justify;\">\n<h1><em>Steindachneridion doceanum<\/em> (Eigenmann &#038; Eigenmann 1889)<\/h1>\n<p>Algumas caracter\u00edsticas da esp\u00e9cie <em>Steindachneridion doceanum<\/em> est\u00e3o indicadas na figura acima.<\/p>\n<p>A esp\u00e9cie <em>Pimelodus maculatusPimelodus maculatus<\/em> \u00e9 a \u00fanica representante do g\u00eanero <em><a href=\"http:\/\/nossacasa.net\/nossosriachos\/rios\/steindachneridion\/\">Steindachneridion<\/a><\/em> da fam\u00edlia <a href=\"http:\/\/nossacasa.net\/nossosriachos\/rios\/pimelodidae\/\">Pimelodidae<\/a> nas regi\u00f5es dos tabuleiros.\n<\/div>\n<p>. <\/p>\n","protected":false},"excerpt":{"rendered":"<p>Steindachneridion doceanum (Eigenmann &#038; Eigenmann 1889) Algumas caracter\u00edsticas da esp\u00e9cie Steindachneridion doceanum est\u00e3o indicadas na figura acima. A esp\u00e9cie Pimelodus maculatusPimelodus maculatus \u00e9 a \u00fanica representante do g\u00eanero Steindachneridion da fam\u00edlia Pimelodidae nas regi\u00f5es dos tabuleiros. .<\/p>\n","protected":false},"author":1,"featured_media":1601,"parent":0,"menu_order":0,"comment_status":"closed","ping_status":"closed","template":"","meta":{"footnotes":""},"class_list":["post-1936","page","type-page","status-publish","has-post-thumbnail","hentry"],"_links":{"self":[{"href":"http:\/\/nossacasa.net\/nossosriachos\/rios\/wp-json\/wp\/v2\/pages\/1936","targetHints":{"allow":["GET"]}}],"collection":[{"href":"http:\/\/nossacasa.net\/nossosriachos\/rios\/wp-json\/wp\/v2\/pages"}],"about":[{"href":"http:\/\/nossacasa.net\/nossosriachos\/rios\/wp-json\/wp\/v2\/types\/page"}],"author":[{"embeddable":true,"href":"http:\/\/nossacasa.net\/nossosriachos\/rios\/wp-json\/wp\/v2\/users\/1"}],"replies":[{"embeddable":true,"href":"http:\/\/nossacasa.net\/nossosriachos\/rios\/wp-json\/wp\/v2\/comments?post=1936"}],"version-history":[{"count":1,"href":"http:\/\/nossacasa.net\/nossosriachos\/rios\/wp-json\/wp\/v2\/pages\/1936\/revisions"}],"predecessor-version":[{"id":1938,"href":"http:\/\/nossacasa.net\/nossosriachos\/rios\/wp-json\/wp\/v2\/pages\/1936\/revisions\/1938"}],"wp:featuredmedia":[{"embeddable":true,"href":"http:\/\/nossacasa.net\/nossosriachos\/rios\/wp-json\/wp\/v2\/media\/1601"}],"wp:attachment":[{"href":"http:\/\/nossacasa.net\/nossosriachos\/rios\/wp-json\/wp\/v2\/media?parent=1936"}],"curies":[{"name":"wp","href":"https:\/\/api.w.org\/{rel}","templated":true}]}}