{"id":1945,"date":"2019-09-13T08:20:16","date_gmt":"2019-09-13T11:20:16","guid":{"rendered":"http:\/\/nossacasa.net\/nossosriachos\/rios\/?page_id=1945"},"modified":"2019-09-13T08:24:20","modified_gmt":"2019-09-13T11:24:20","slug":"lophiosilurus","status":"publish","type":"page","link":"http:\/\/nossacasa.net\/nossosriachos\/rios\/lophiosilurus\/","title":{"rendered":"Lophiosilurus"},"content":{"rendered":"<div style=\"text-align: justify;\">\n<h1><em>Lophiosilurus<\/em> Steindachner, 1876<\/h1>\n<p>Algumas caracter\u00edsticas do g\u00eanero <em>Lophiosilurus<\/em> est\u00e3o indicadas na figura acima.<\/p>\n<p>O g\u00eanero <em>Lophiosilurus<\/em> \u00e9 um dos tr\u00eas g\u00eaneros da fam\u00edlia <a href=\"http:\/\/nossacasa.net\/nossosriachos\/rios\/pseudopimelodidae\/\">Pseudopimelodidae<\/a> representante dos <a href=\"http:\/\/nossacasa.net\/nossosriachos\/rios\/siluriformes\/\">Siluriformes<\/a> nas regi\u00f5es dos tabuleiros. <\/p>\n<p>Na regi\u00e3o dos tabuleiros da Mata Atl\u00e2ntica encontramos uma \u00fanica esp\u00e9cie do g\u00eanero <em>Lophiosilurus<\/em>: <em><a href=\"http:\/\/nossacasa.net\/nossosriachos\/rios\/lophiosilurus-alexandri\/\">Lophiosilurus alexandri<\/a><\/em><\/p>\n<hr>\n<\/div>\n","protected":false},"excerpt":{"rendered":"<p>Lophiosilurus Steindachner, 1876 Algumas caracter\u00edsticas do g\u00eanero Lophiosilurus est\u00e3o indicadas na figura acima. O g\u00eanero Lophiosilurus \u00e9 um dos tr\u00eas g\u00eaneros da fam\u00edlia Pseudopimelodidae representante dos Siluriformes nas regi\u00f5es dos tabuleiros. Na regi\u00e3o dos tabuleiros da Mata Atl\u00e2ntica encontramos uma &hellip; <a href=\"http:\/\/nossacasa.net\/nossosriachos\/rios\/lophiosilurus\/\">Continue lendo <span class=\"meta-nav\">&rarr;<\/span><\/a><\/p>\n","protected":false},"author":1,"featured_media":0,"parent":0,"menu_order":0,"comment_status":"closed","ping_status":"closed","template":"","meta":{"footnotes":""},"class_list":["post-1945","page","type-page","status-publish","hentry"],"_links":{"self":[{"href":"http:\/\/nossacasa.net\/nossosriachos\/rios\/wp-json\/wp\/v2\/pages\/1945","targetHints":{"allow":["GET"]}}],"collection":[{"href":"http:\/\/nossacasa.net\/nossosriachos\/rios\/wp-json\/wp\/v2\/pages"}],"about":[{"href":"http:\/\/nossacasa.net\/nossosriachos\/rios\/wp-json\/wp\/v2\/types\/page"}],"author":[{"embeddable":true,"href":"http:\/\/nossacasa.net\/nossosriachos\/rios\/wp-json\/wp\/v2\/users\/1"}],"replies":[{"embeddable":true,"href":"http:\/\/nossacasa.net\/nossosriachos\/rios\/wp-json\/wp\/v2\/comments?post=1945"}],"version-history":[{"count":4,"href":"http:\/\/nossacasa.net\/nossosriachos\/rios\/wp-json\/wp\/v2\/pages\/1945\/revisions"}],"predecessor-version":[{"id":1951,"href":"http:\/\/nossacasa.net\/nossosriachos\/rios\/wp-json\/wp\/v2\/pages\/1945\/revisions\/1951"}],"wp:attachment":[{"href":"http:\/\/nossacasa.net\/nossosriachos\/rios\/wp-json\/wp\/v2\/media?parent=1945"}],"curies":[{"name":"wp","href":"https:\/\/api.w.org\/{rel}","templated":true}]}}