{"id":1952,"date":"2019-09-13T08:26:13","date_gmt":"2019-09-13T11:26:13","guid":{"rendered":"http:\/\/nossacasa.net\/nossosriachos\/rios\/?page_id=1952"},"modified":"2019-09-13T08:29:59","modified_gmt":"2019-09-13T11:29:59","slug":"microglanis","status":"publish","type":"page","link":"http:\/\/nossacasa.net\/nossosriachos\/rios\/microglanis\/","title":{"rendered":"Microglanis"},"content":{"rendered":"<div style=\"text-align: justify;\">\n<h1><em>Microglanis<\/em> Eigenmann, 1912 <\/h1>\n<p>Algumas caracter\u00edsticas do g\u00eanero <em>Microglanis<\/em> est\u00e3o indicadas na figura acima.<\/p>\n<p>O g\u00eanero <em>Microglanis<\/em> \u00e9 um dos tr\u00eas g\u00eaneros da fam\u00edlia <a href=\"http:\/\/nossacasa.net\/nossosriachos\/rios\/pseudopimelodidae\/\">Pseudopimelodidae<\/a> representante dos <a href=\"http:\/\/nossacasa.net\/nossosriachos\/rios\/siluriformes\/\">Siluriformes<\/a> nas regi\u00f5es dos tabuleiros. <\/p>\n<p>Na regi\u00e3o dos tabuleiros da Mata Atl\u00e2ntica encontramos duas esp\u00e9cies do g\u00eanero <em>Microglanis<\/em>: <em><a href=\"http:\/\/nossacasa.net\/nossosriachos\/rios\/microglanis-minutus\/\">Microglanis minutus<\/a><\/em> e <em><a href=\"http:\/\/nossacasa.net\/nossosriachos\/rios\/microglanis-pataxo\/\">Microglanis pataxo<\/a><\/em><\/p>\n<hr>\n<\/div>\n","protected":false},"excerpt":{"rendered":"<p>Microglanis Eigenmann, 1912 Algumas caracter\u00edsticas do g\u00eanero Microglanis est\u00e3o indicadas na figura acima. O g\u00eanero Microglanis \u00e9 um dos tr\u00eas g\u00eaneros da fam\u00edlia Pseudopimelodidae representante dos Siluriformes nas regi\u00f5es dos tabuleiros. Na regi\u00e3o dos tabuleiros da Mata Atl\u00e2ntica encontramos duas &hellip; <a href=\"http:\/\/nossacasa.net\/nossosriachos\/rios\/microglanis\/\">Continue lendo <span class=\"meta-nav\">&rarr;<\/span><\/a><\/p>\n","protected":false},"author":1,"featured_media":0,"parent":0,"menu_order":0,"comment_status":"closed","ping_status":"closed","template":"","meta":{"footnotes":""},"class_list":["post-1952","page","type-page","status-publish","hentry"],"_links":{"self":[{"href":"http:\/\/nossacasa.net\/nossosriachos\/rios\/wp-json\/wp\/v2\/pages\/1952","targetHints":{"allow":["GET"]}}],"collection":[{"href":"http:\/\/nossacasa.net\/nossosriachos\/rios\/wp-json\/wp\/v2\/pages"}],"about":[{"href":"http:\/\/nossacasa.net\/nossosriachos\/rios\/wp-json\/wp\/v2\/types\/page"}],"author":[{"embeddable":true,"href":"http:\/\/nossacasa.net\/nossosriachos\/rios\/wp-json\/wp\/v2\/users\/1"}],"replies":[{"embeddable":true,"href":"http:\/\/nossacasa.net\/nossosriachos\/rios\/wp-json\/wp\/v2\/comments?post=1952"}],"version-history":[{"count":4,"href":"http:\/\/nossacasa.net\/nossosriachos\/rios\/wp-json\/wp\/v2\/pages\/1952\/revisions"}],"predecessor-version":[{"id":1960,"href":"http:\/\/nossacasa.net\/nossosriachos\/rios\/wp-json\/wp\/v2\/pages\/1952\/revisions\/1960"}],"wp:attachment":[{"href":"http:\/\/nossacasa.net\/nossosriachos\/rios\/wp-json\/wp\/v2\/media?parent=1952"}],"curies":[{"name":"wp","href":"https:\/\/api.w.org\/{rel}","templated":true}]}}