{"id":1957,"date":"2019-09-13T08:29:23","date_gmt":"2019-09-13T11:29:23","guid":{"rendered":"http:\/\/nossacasa.net\/nossosriachos\/rios\/?page_id=1957"},"modified":"2019-09-13T08:29:23","modified_gmt":"2019-09-13T11:29:23","slug":"microglanis-pataxo","status":"publish","type":"page","link":"http:\/\/nossacasa.net\/nossosriachos\/rios\/microglanis-pataxo\/","title":{"rendered":"Microglanis pataxo"},"content":{"rendered":"<div style=\"text-align: justify;\">\n<h1><em>Microglanis pataxo<\/em> Sarmento-Soares, Martins-Pinheiro, Aranda &#038; Chamon 2006<\/h1>\n<p>Algumas caracter\u00edsticas da esp\u00e9cie <em>Microglanis pataxo<\/em> est\u00e3o indicadas na figura acima.<\/p>\n<p>A esp\u00e9cie <em>Microglanis pataxos<\/em> \u00e9 uma das duas representante do g\u00eanero <em><a href=\"http:\/\/nossacasa.net\/nossosriachos\/rios\/microglanis\/\">Microglanis<\/a><\/em> da fam\u00edlia <a href=\"http:\/\/nossacasa.net\/nossosriachos\/rios\/pseudopimelodidae\/\">Pseudopimelodidae<\/a> nas regi\u00f5es dos tabuleiros.\n<\/div>\n","protected":false},"excerpt":{"rendered":"<p>Microglanis pataxo Sarmento-Soares, Martins-Pinheiro, Aranda &#038; Chamon 2006 Algumas caracter\u00edsticas da esp\u00e9cie Microglanis pataxo est\u00e3o indicadas na figura acima. A esp\u00e9cie Microglanis pataxos \u00e9 uma das duas representante do g\u00eanero Microglanis da fam\u00edlia Pseudopimelodidae nas regi\u00f5es dos tabuleiros.<\/p>\n","protected":false},"author":1,"featured_media":1601,"parent":0,"menu_order":0,"comment_status":"closed","ping_status":"closed","template":"","meta":{"footnotes":""},"class_list":["post-1957","page","type-page","status-publish","has-post-thumbnail","hentry"],"_links":{"self":[{"href":"http:\/\/nossacasa.net\/nossosriachos\/rios\/wp-json\/wp\/v2\/pages\/1957","targetHints":{"allow":["GET"]}}],"collection":[{"href":"http:\/\/nossacasa.net\/nossosriachos\/rios\/wp-json\/wp\/v2\/pages"}],"about":[{"href":"http:\/\/nossacasa.net\/nossosriachos\/rios\/wp-json\/wp\/v2\/types\/page"}],"author":[{"embeddable":true,"href":"http:\/\/nossacasa.net\/nossosriachos\/rios\/wp-json\/wp\/v2\/users\/1"}],"replies":[{"embeddable":true,"href":"http:\/\/nossacasa.net\/nossosriachos\/rios\/wp-json\/wp\/v2\/comments?post=1957"}],"version-history":[{"count":1,"href":"http:\/\/nossacasa.net\/nossosriachos\/rios\/wp-json\/wp\/v2\/pages\/1957\/revisions"}],"predecessor-version":[{"id":1958,"href":"http:\/\/nossacasa.net\/nossosriachos\/rios\/wp-json\/wp\/v2\/pages\/1957\/revisions\/1958"}],"wp:featuredmedia":[{"embeddable":true,"href":"http:\/\/nossacasa.net\/nossosriachos\/rios\/wp-json\/wp\/v2\/media\/1601"}],"wp:attachment":[{"href":"http:\/\/nossacasa.net\/nossosriachos\/rios\/wp-json\/wp\/v2\/media?parent=1957"}],"curies":[{"name":"wp","href":"https:\/\/api.w.org\/{rel}","templated":true}]}}