{"id":1962,"date":"2019-09-13T08:33:13","date_gmt":"2019-09-13T11:33:13","guid":{"rendered":"http:\/\/nossacasa.net\/nossosriachos\/rios\/?page_id=1962"},"modified":"2019-09-13T08:33:33","modified_gmt":"2019-09-13T11:33:33","slug":"pseudopimelodus-charus","status":"publish","type":"page","link":"http:\/\/nossacasa.net\/nossosriachos\/rios\/pseudopimelodus-charus\/","title":{"rendered":"Pseudopimelodus charus"},"content":{"rendered":"<div style=\"text-align: justify;\">\n<h1><em>Pseudopimelodus charus<\/em> (Valenciennes in Cuvier and Valenciennes, 1840)<\/h1>\n<p>Algumas caracter\u00edsticas da esp\u00e9cie <em>Pseudopimelodus charus<\/em> est\u00e3o indicadas na figura acima.<\/p>\n<p>A esp\u00e9cie <em>Pseudopimelodus charus<\/em> \u00e9 a \u00fanica representante do g\u00eanero <em><a href=\"http:\/\/nossacasa.net\/nossosriachos\/rios\/pseudopimelodus\/\">Pseudopimelodus<\/a><\/em> da fam\u00edlia <a href=\"http:\/\/nossacasa.net\/nossosriachos\/rios\/pseudopimelodidae\/\">Pseudopimelodidae<\/a> nas regi\u00f5es dos tabuleiros.\n<\/div>\n","protected":false},"excerpt":{"rendered":"<p>Pseudopimelodus charus (Valenciennes in Cuvier and Valenciennes, 1840) Algumas caracter\u00edsticas da esp\u00e9cie Pseudopimelodus charus est\u00e3o indicadas na figura acima. A esp\u00e9cie Pseudopimelodus charus \u00e9 a \u00fanica representante do g\u00eanero Pseudopimelodus da fam\u00edlia Pseudopimelodidae nas regi\u00f5es dos tabuleiros.<\/p>\n","protected":false},"author":1,"featured_media":1601,"parent":0,"menu_order":0,"comment_status":"closed","ping_status":"closed","template":"","meta":{"footnotes":""},"class_list":["post-1962","page","type-page","status-publish","has-post-thumbnail","hentry"],"_links":{"self":[{"href":"http:\/\/nossacasa.net\/nossosriachos\/rios\/wp-json\/wp\/v2\/pages\/1962","targetHints":{"allow":["GET"]}}],"collection":[{"href":"http:\/\/nossacasa.net\/nossosriachos\/rios\/wp-json\/wp\/v2\/pages"}],"about":[{"href":"http:\/\/nossacasa.net\/nossosriachos\/rios\/wp-json\/wp\/v2\/types\/page"}],"author":[{"embeddable":true,"href":"http:\/\/nossacasa.net\/nossosriachos\/rios\/wp-json\/wp\/v2\/users\/1"}],"replies":[{"embeddable":true,"href":"http:\/\/nossacasa.net\/nossosriachos\/rios\/wp-json\/wp\/v2\/comments?post=1962"}],"version-history":[{"count":1,"href":"http:\/\/nossacasa.net\/nossosriachos\/rios\/wp-json\/wp\/v2\/pages\/1962\/revisions"}],"predecessor-version":[{"id":1964,"href":"http:\/\/nossacasa.net\/nossosriachos\/rios\/wp-json\/wp\/v2\/pages\/1962\/revisions\/1964"}],"wp:featuredmedia":[{"embeddable":true,"href":"http:\/\/nossacasa.net\/nossosriachos\/rios\/wp-json\/wp\/v2\/media\/1601"}],"wp:attachment":[{"href":"http:\/\/nossacasa.net\/nossosriachos\/rios\/wp-json\/wp\/v2\/media?parent=1962"}],"curies":[{"name":"wp","href":"https:\/\/api.w.org\/{rel}","templated":true}]}}