{"id":1973,"date":"2019-09-13T09:03:27","date_gmt":"2019-09-13T12:03:27","guid":{"rendered":"http:\/\/nossacasa.net\/nossosriachos\/rios\/?page_id=1973"},"modified":"2019-09-13T09:03:53","modified_gmt":"2019-09-13T12:03:53","slug":"ituglanis-cahyensis","status":"publish","type":"page","link":"http:\/\/nossacasa.net\/nossosriachos\/rios\/ituglanis-cahyensis\/","title":{"rendered":"Ituglanis cahyensis"},"content":{"rendered":"<div style=\"text-align: justify;\">\n<h1><em>Ituglanis cahyensis<\/em> Sarmento-Soares, Martins-Pinheiro, Aranda &#038; Chamon 2006<\/h1>\n<p>Algumas caracter\u00edsticas da esp\u00e9cie <em>Ituglanis cahyensis<\/em> est\u00e3o indicadas na figura acima.<\/p>\n<p>A esp\u00e9cie <em>Ituglanis cahyensis<\/em> \u00e9 a \u00fanica representante do g\u00eanero <em><a href=\"http:\/\/nossacasa.net\/nossosriachos\/rios\/ituglanis\/\">Ituglanis<\/a><\/em> da fam\u00edlia <a href=\"http:\/\/nossacasa.net\/nossosriachos\/rios\/trichomycteridae\/\">Trichomycteridae<\/a> nas regi\u00f5es dos tabuleiros.\n<\/div>\n","protected":false},"excerpt":{"rendered":"<p>Ituglanis cahyensis Sarmento-Soares, Martins-Pinheiro, Aranda &#038; Chamon 2006 Algumas caracter\u00edsticas da esp\u00e9cie Ituglanis cahyensis est\u00e3o indicadas na figura acima. A esp\u00e9cie Ituglanis cahyensis \u00e9 a \u00fanica representante do g\u00eanero Ituglanis da fam\u00edlia Trichomycteridae nas regi\u00f5es dos tabuleiros.<\/p>\n","protected":false},"author":1,"featured_media":1601,"parent":0,"menu_order":0,"comment_status":"closed","ping_status":"closed","template":"","meta":{"footnotes":""},"class_list":["post-1973","page","type-page","status-publish","has-post-thumbnail","hentry"],"_links":{"self":[{"href":"http:\/\/nossacasa.net\/nossosriachos\/rios\/wp-json\/wp\/v2\/pages\/1973","targetHints":{"allow":["GET"]}}],"collection":[{"href":"http:\/\/nossacasa.net\/nossosriachos\/rios\/wp-json\/wp\/v2\/pages"}],"about":[{"href":"http:\/\/nossacasa.net\/nossosriachos\/rios\/wp-json\/wp\/v2\/types\/page"}],"author":[{"embeddable":true,"href":"http:\/\/nossacasa.net\/nossosriachos\/rios\/wp-json\/wp\/v2\/users\/1"}],"replies":[{"embeddable":true,"href":"http:\/\/nossacasa.net\/nossosriachos\/rios\/wp-json\/wp\/v2\/comments?post=1973"}],"version-history":[{"count":1,"href":"http:\/\/nossacasa.net\/nossosriachos\/rios\/wp-json\/wp\/v2\/pages\/1973\/revisions"}],"predecessor-version":[{"id":1976,"href":"http:\/\/nossacasa.net\/nossosriachos\/rios\/wp-json\/wp\/v2\/pages\/1973\/revisions\/1976"}],"wp:featuredmedia":[{"embeddable":true,"href":"http:\/\/nossacasa.net\/nossosriachos\/rios\/wp-json\/wp\/v2\/media\/1601"}],"wp:attachment":[{"href":"http:\/\/nossacasa.net\/nossosriachos\/rios\/wp-json\/wp\/v2\/media?parent=1973"}],"curies":[{"name":"wp","href":"https:\/\/api.w.org\/{rel}","templated":true}]}}