{"id":1974,"date":"2019-09-13T09:01:47","date_gmt":"2019-09-13T12:01:47","guid":{"rendered":"http:\/\/nossacasa.net\/nossosriachos\/rios\/?page_id=1974"},"modified":"2019-09-13T09:03:40","modified_gmt":"2019-09-13T12:03:40","slug":"ituglanis","status":"publish","type":"page","link":"http:\/\/nossacasa.net\/nossosriachos\/rios\/ituglanis\/","title":{"rendered":"Ituglanis"},"content":{"rendered":"<div style=\"text-align: justify;\">\n<h1>Os <em>Ituglanis<\/em> Costa and Bockmann, 1993 <\/h1>\n<p>Algumas caracter\u00edsticas do g\u00eanero <em>Ituglanis<\/em> est\u00e3o indicadas na figura acima.<\/p>\n<p>O g\u00eanero <em>Ituglanis<\/em> \u00e9 um dos tr\u00eas g\u00eaneros da fam\u00edlia <a href=\"http:\/\/nossacasa.net\/nossosriachos\/rios\/trichomycteridae\/\">Trichomycteridae<\/a> representante dos <a href=\"http:\/\/nossacasa.net\/nossosriachos\/rios\/siluriformes\/\">Siluriformes<\/a> nas regi\u00f5es dos tabuleiros. <\/p>\n<p>Na regi\u00e3o dos tabuleiros da Mata Atl\u00e2ntica encontramos uma \u00fanica esp\u00e9cie do g\u00eanero <em>Ituglanis<\/em>: <em><a href=\"http:\/\/nossacasa.net\/nossosriachos\/rios\/ituglanis-cahyensis\/\">Ituglanis cahyensis<\/a><\/em><\/p>\n<hr>\n<\/div>\n","protected":false},"excerpt":{"rendered":"<p>Os Ituglanis Costa and Bockmann, 1993 Algumas caracter\u00edsticas do g\u00eanero Ituglanis est\u00e3o indicadas na figura acima. O g\u00eanero Ituglanis \u00e9 um dos tr\u00eas g\u00eaneros da fam\u00edlia Trichomycteridae representante dos Siluriformes nas regi\u00f5es dos tabuleiros. Na regi\u00e3o dos tabuleiros da Mata &hellip; <a href=\"http:\/\/nossacasa.net\/nossosriachos\/rios\/ituglanis\/\">Continue lendo <span class=\"meta-nav\">&rarr;<\/span><\/a><\/p>\n","protected":false},"author":1,"featured_media":0,"parent":0,"menu_order":0,"comment_status":"closed","ping_status":"closed","template":"","meta":{"footnotes":""},"class_list":["post-1974","page","type-page","status-publish","hentry"],"_links":{"self":[{"href":"http:\/\/nossacasa.net\/nossosriachos\/rios\/wp-json\/wp\/v2\/pages\/1974","targetHints":{"allow":["GET"]}}],"collection":[{"href":"http:\/\/nossacasa.net\/nossosriachos\/rios\/wp-json\/wp\/v2\/pages"}],"about":[{"href":"http:\/\/nossacasa.net\/nossosriachos\/rios\/wp-json\/wp\/v2\/types\/page"}],"author":[{"embeddable":true,"href":"http:\/\/nossacasa.net\/nossosriachos\/rios\/wp-json\/wp\/v2\/users\/1"}],"replies":[{"embeddable":true,"href":"http:\/\/nossacasa.net\/nossosriachos\/rios\/wp-json\/wp\/v2\/comments?post=1974"}],"version-history":[{"count":2,"href":"http:\/\/nossacasa.net\/nossosriachos\/rios\/wp-json\/wp\/v2\/pages\/1974\/revisions"}],"predecessor-version":[{"id":1977,"href":"http:\/\/nossacasa.net\/nossosriachos\/rios\/wp-json\/wp\/v2\/pages\/1974\/revisions\/1977"}],"wp:attachment":[{"href":"http:\/\/nossacasa.net\/nossosriachos\/rios\/wp-json\/wp\/v2\/media?parent=1974"}],"curies":[{"name":"wp","href":"https:\/\/api.w.org\/{rel}","templated":true}]}}