{"id":1978,"date":"2019-09-13T09:05:21","date_gmt":"2019-09-13T12:05:21","guid":{"rendered":"http:\/\/nossacasa.net\/nossosriachos\/rios\/?page_id=1978"},"modified":"2019-09-13T09:06:46","modified_gmt":"2019-09-13T12:06:46","slug":"microcambeva","status":"publish","type":"page","link":"http:\/\/nossacasa.net\/nossosriachos\/rios\/microcambeva\/","title":{"rendered":"Microcambeva"},"content":{"rendered":"<div style=\"text-align: justify;\">\n<h1>As <em>Microcambeva<\/em> Costa and Bockmann, 1994<\/h1>\n<p>Algumas caracter\u00edsticas do g\u00eanero <em>Microcambeva<\/em> est\u00e3o indicadas na figura acima.<\/p>\n<p>O g\u00eanero <em>Microcambeva<\/em> \u00e9 um dos tr\u00eas g\u00eaneros da fam\u00edlia <a href=\"http:\/\/nossacasa.net\/nossosriachos\/rios\/trichomycteridae\/\">Trichomycteridae<\/a> representante dos <a href=\"http:\/\/nossacasa.net\/nossosriachos\/rios\/siluriformes\/\">Siluriformes<\/a> nas regi\u00f5es dos tabuleiros. <\/p>\n<p>Na regi\u00e3o dos tabuleiros da Mata Atl\u00e2ntica encontramos uma \u00fanica esp\u00e9cie do g\u00eanero <em>Microcambevas<\/em>: <em><a href=\"http:\/\/nossacasa.net\/nossosriachos\/rios\/microcambeva-draco\/\">Microcambeva draco<\/a><\/em><\/p>\n<hr>\n<\/div>\n","protected":false},"excerpt":{"rendered":"<p>As Microcambeva Costa and Bockmann, 1994 Algumas caracter\u00edsticas do g\u00eanero Microcambeva est\u00e3o indicadas na figura acima. O g\u00eanero Microcambeva \u00e9 um dos tr\u00eas g\u00eaneros da fam\u00edlia Trichomycteridae representante dos Siluriformes nas regi\u00f5es dos tabuleiros. Na regi\u00e3o dos tabuleiros da Mata &hellip; <a href=\"http:\/\/nossacasa.net\/nossosriachos\/rios\/microcambeva\/\">Continue lendo <span class=\"meta-nav\">&rarr;<\/span><\/a><\/p>\n","protected":false},"author":1,"featured_media":0,"parent":0,"menu_order":0,"comment_status":"closed","ping_status":"closed","template":"","meta":{"footnotes":""},"class_list":["post-1978","page","type-page","status-publish","hentry"],"_links":{"self":[{"href":"http:\/\/nossacasa.net\/nossosriachos\/rios\/wp-json\/wp\/v2\/pages\/1978","targetHints":{"allow":["GET"]}}],"collection":[{"href":"http:\/\/nossacasa.net\/nossosriachos\/rios\/wp-json\/wp\/v2\/pages"}],"about":[{"href":"http:\/\/nossacasa.net\/nossosriachos\/rios\/wp-json\/wp\/v2\/types\/page"}],"author":[{"embeddable":true,"href":"http:\/\/nossacasa.net\/nossosriachos\/rios\/wp-json\/wp\/v2\/users\/1"}],"replies":[{"embeddable":true,"href":"http:\/\/nossacasa.net\/nossosriachos\/rios\/wp-json\/wp\/v2\/comments?post=1978"}],"version-history":[{"count":2,"href":"http:\/\/nossacasa.net\/nossosriachos\/rios\/wp-json\/wp\/v2\/pages\/1978\/revisions"}],"predecessor-version":[{"id":1982,"href":"http:\/\/nossacasa.net\/nossosriachos\/rios\/wp-json\/wp\/v2\/pages\/1978\/revisions\/1982"}],"wp:attachment":[{"href":"http:\/\/nossacasa.net\/nossosriachos\/rios\/wp-json\/wp\/v2\/media?parent=1978"}],"curies":[{"name":"wp","href":"https:\/\/api.w.org\/{rel}","templated":true}]}}