{"id":1979,"date":"2019-09-13T09:06:31","date_gmt":"2019-09-13T12:06:31","guid":{"rendered":"http:\/\/nossacasa.net\/nossosriachos\/rios\/?page_id=1979"},"modified":"2019-09-13T09:06:31","modified_gmt":"2019-09-13T12:06:31","slug":"microcambeva-draco","status":"publish","type":"page","link":"http:\/\/nossacasa.net\/nossosriachos\/rios\/microcambeva-draco\/","title":{"rendered":"Microcambeva draco"},"content":{"rendered":"<div style=\"text-align: justify;\">\n<h1><em>Microcambeva draco<\/em> Mattos &#038; Lima 2010<\/h1>\n<p>Algumas caracter\u00edsticas da esp\u00e9cie <em>Microcambeva draco<\/em> est\u00e3o indicadas na figura acima.<\/p>\n<p>A esp\u00e9cie <em>Microcambeva draco<\/em> \u00e9 a \u00fanica representante do g\u00eanero <em><a href=\"http:\/\/nossacasa.net\/nossosriachos\/rios\/microcambeva\/\">Microcambeva<\/a><\/em> da fam\u00edlia <a href=\"http:\/\/nossacasa.net\/nossosriachos\/rios\/trichomycteridae\/\">Trichomycteridae<\/a> nas regi\u00f5es dos tabuleiros.\n<\/div>\n","protected":false},"excerpt":{"rendered":"<p>Microcambeva draco Mattos &#038; Lima 2010 Algumas caracter\u00edsticas da esp\u00e9cie Microcambeva draco est\u00e3o indicadas na figura acima. A esp\u00e9cie Microcambeva draco \u00e9 a \u00fanica representante do g\u00eanero Microcambeva da fam\u00edlia Trichomycteridae nas regi\u00f5es dos tabuleiros.<\/p>\n","protected":false},"author":1,"featured_media":1601,"parent":0,"menu_order":0,"comment_status":"closed","ping_status":"closed","template":"","meta":{"footnotes":""},"class_list":["post-1979","page","type-page","status-publish","has-post-thumbnail","hentry"],"_links":{"self":[{"href":"http:\/\/nossacasa.net\/nossosriachos\/rios\/wp-json\/wp\/v2\/pages\/1979","targetHints":{"allow":["GET"]}}],"collection":[{"href":"http:\/\/nossacasa.net\/nossosriachos\/rios\/wp-json\/wp\/v2\/pages"}],"about":[{"href":"http:\/\/nossacasa.net\/nossosriachos\/rios\/wp-json\/wp\/v2\/types\/page"}],"author":[{"embeddable":true,"href":"http:\/\/nossacasa.net\/nossosriachos\/rios\/wp-json\/wp\/v2\/users\/1"}],"replies":[{"embeddable":true,"href":"http:\/\/nossacasa.net\/nossosriachos\/rios\/wp-json\/wp\/v2\/comments?post=1979"}],"version-history":[{"count":1,"href":"http:\/\/nossacasa.net\/nossosriachos\/rios\/wp-json\/wp\/v2\/pages\/1979\/revisions"}],"predecessor-version":[{"id":1981,"href":"http:\/\/nossacasa.net\/nossosriachos\/rios\/wp-json\/wp\/v2\/pages\/1979\/revisions\/1981"}],"wp:featuredmedia":[{"embeddable":true,"href":"http:\/\/nossacasa.net\/nossosriachos\/rios\/wp-json\/wp\/v2\/media\/1601"}],"wp:attachment":[{"href":"http:\/\/nossacasa.net\/nossosriachos\/rios\/wp-json\/wp\/v2\/media?parent=1979"}],"curies":[{"name":"wp","href":"https:\/\/api.w.org\/{rel}","templated":true}]}}