{"id":1984,"date":"2019-09-13T09:09:37","date_gmt":"2019-09-13T12:09:37","guid":{"rendered":"http:\/\/nossacasa.net\/nossosriachos\/rios\/?page_id=1984"},"modified":"2019-09-13T09:09:46","modified_gmt":"2019-09-13T12:09:46","slug":"trichomycterus-alternatus","status":"publish","type":"page","link":"http:\/\/nossacasa.net\/nossosriachos\/rios\/trichomycterus-alternatus\/","title":{"rendered":"Trichomycterus alternatus"},"content":{"rendered":"<div style=\"text-align: justify;\">\n<h1><em>Trichomycterus alternatus<\/em> (Eigenmann, 1917)<\/h1>\n<p>Algumas caracter\u00edsticas da esp\u00e9cie <em>Trichomycterus alternatus<\/em> est\u00e3o indicadas na figura acima.<\/p>\n<p>A esp\u00e9cie <em>Trichomycterus alternatuso<\/em> \u00e9 uma das tr\u00eas resentante do g\u00eanero <em><a href=\"http:\/\/nossacasa.net\/nossosriachos\/rios\/trichomycterus\/\">Trichomycterus<\/a><\/em> da fam\u00edlia <a href=\"http:\/\/nossacasa.net\/nossosriachos\/rios\/trichomycteridae\/\">Trichomycteridae<\/a> nas regi\u00f5es dos tabuleiros.\n<\/div>\n","protected":false},"excerpt":{"rendered":"<p>Trichomycterus alternatus (Eigenmann, 1917) Algumas caracter\u00edsticas da esp\u00e9cie Trichomycterus alternatus est\u00e3o indicadas na figura acima. A esp\u00e9cie Trichomycterus alternatuso \u00e9 uma das tr\u00eas resentante do g\u00eanero Trichomycterus da fam\u00edlia Trichomycteridae nas regi\u00f5es dos tabuleiros.<\/p>\n","protected":false},"author":1,"featured_media":1601,"parent":0,"menu_order":0,"comment_status":"closed","ping_status":"closed","template":"","meta":{"footnotes":""},"class_list":["post-1984","page","type-page","status-publish","has-post-thumbnail","hentry"],"_links":{"self":[{"href":"http:\/\/nossacasa.net\/nossosriachos\/rios\/wp-json\/wp\/v2\/pages\/1984","targetHints":{"allow":["GET"]}}],"collection":[{"href":"http:\/\/nossacasa.net\/nossosriachos\/rios\/wp-json\/wp\/v2\/pages"}],"about":[{"href":"http:\/\/nossacasa.net\/nossosriachos\/rios\/wp-json\/wp\/v2\/types\/page"}],"author":[{"embeddable":true,"href":"http:\/\/nossacasa.net\/nossosriachos\/rios\/wp-json\/wp\/v2\/users\/1"}],"replies":[{"embeddable":true,"href":"http:\/\/nossacasa.net\/nossosriachos\/rios\/wp-json\/wp\/v2\/comments?post=1984"}],"version-history":[{"count":2,"href":"http:\/\/nossacasa.net\/nossosriachos\/rios\/wp-json\/wp\/v2\/pages\/1984\/revisions"}],"predecessor-version":[{"id":1987,"href":"http:\/\/nossacasa.net\/nossosriachos\/rios\/wp-json\/wp\/v2\/pages\/1984\/revisions\/1987"}],"wp:featuredmedia":[{"embeddable":true,"href":"http:\/\/nossacasa.net\/nossosriachos\/rios\/wp-json\/wp\/v2\/media\/1601"}],"wp:attachment":[{"href":"http:\/\/nossacasa.net\/nossosriachos\/rios\/wp-json\/wp\/v2\/media?parent=1984"}],"curies":[{"name":"wp","href":"https:\/\/api.w.org\/{rel}","templated":true}]}}