{"id":1990,"date":"2019-09-13T09:12:14","date_gmt":"2019-09-13T12:12:14","guid":{"rendered":"http:\/\/nossacasa.net\/nossosriachos\/rios\/?page_id=1990"},"modified":"2019-09-13T09:12:14","modified_gmt":"2019-09-13T12:12:14","slug":"trichomycterus-pradensis","status":"publish","type":"page","link":"http:\/\/nossacasa.net\/nossosriachos\/rios\/trichomycterus-pradensis\/","title":{"rendered":"Trichomycterus pradensis"},"content":{"rendered":"<div style=\"text-align: justify;\">\n<h1><em>Trichomycterus pradensis<\/em> Sarmento-Soares, Martins-Pinheiro, Aranda &#038; Chamon 2005<\/h1>\n<p>Algumas caracter\u00edsticas da esp\u00e9cie <em>Trichomycterus pradensis<\/em> est\u00e3o indicadas na figura acima.<\/p>\n<p>A esp\u00e9cie <em>Trichomycterus pradensis<\/em> \u00e9 uma das tr\u00eas resentante do g\u00eanero <em><a href=\"http:\/\/nossacasa.net\/nossosriachos\/rios\/trichomycterus\/\">Trichomycterus<\/a><\/em> da fam\u00edlia <a href=\"http:\/\/nossacasa.net\/nossosriachos\/rios\/trichomycteridae\/\">Trichomycteridae<\/a> nas regi\u00f5es dos tabuleiros.\n<\/div>\n","protected":false},"excerpt":{"rendered":"<p>Trichomycterus pradensis Sarmento-Soares, Martins-Pinheiro, Aranda &#038; Chamon 2005 Algumas caracter\u00edsticas da esp\u00e9cie Trichomycterus pradensis est\u00e3o indicadas na figura acima. A esp\u00e9cie Trichomycterus pradensis \u00e9 uma das tr\u00eas resentante do g\u00eanero Trichomycterus da fam\u00edlia Trichomycteridae nas regi\u00f5es dos tabuleiros.<\/p>\n","protected":false},"author":1,"featured_media":1601,"parent":0,"menu_order":0,"comment_status":"closed","ping_status":"closed","template":"","meta":{"footnotes":""},"class_list":["post-1990","page","type-page","status-publish","has-post-thumbnail","hentry"],"_links":{"self":[{"href":"http:\/\/nossacasa.net\/nossosriachos\/rios\/wp-json\/wp\/v2\/pages\/1990","targetHints":{"allow":["GET"]}}],"collection":[{"href":"http:\/\/nossacasa.net\/nossosriachos\/rios\/wp-json\/wp\/v2\/pages"}],"about":[{"href":"http:\/\/nossacasa.net\/nossosriachos\/rios\/wp-json\/wp\/v2\/types\/page"}],"author":[{"embeddable":true,"href":"http:\/\/nossacasa.net\/nossosriachos\/rios\/wp-json\/wp\/v2\/users\/1"}],"replies":[{"embeddable":true,"href":"http:\/\/nossacasa.net\/nossosriachos\/rios\/wp-json\/wp\/v2\/comments?post=1990"}],"version-history":[{"count":1,"href":"http:\/\/nossacasa.net\/nossosriachos\/rios\/wp-json\/wp\/v2\/pages\/1990\/revisions"}],"predecessor-version":[{"id":1991,"href":"http:\/\/nossacasa.net\/nossosriachos\/rios\/wp-json\/wp\/v2\/pages\/1990\/revisions\/1991"}],"wp:featuredmedia":[{"embeddable":true,"href":"http:\/\/nossacasa.net\/nossosriachos\/rios\/wp-json\/wp\/v2\/media\/1601"}],"wp:attachment":[{"href":"http:\/\/nossacasa.net\/nossosriachos\/rios\/wp-json\/wp\/v2\/media?parent=1990"}],"curies":[{"name":"wp","href":"https:\/\/api.w.org\/{rel}","templated":true}]}}