{"id":2,"date":"2018-02-13T11:15:38","date_gmt":"2018-02-13T13:15:38","guid":{"rendered":"http:\/\/nossacasa.net\/nossosriachos\/rios\/?page_id=2"},"modified":"2018-02-13T16:26:38","modified_gmt":"2018-02-13T18:26:38","slug":"rios-peixes","status":"publish","type":"page","link":"http:\/\/nossacasa.net\/nossosriachos\/rios\/","title":{"rendered":"Os rios e seus peixes"},"content":{"rendered":"<div style=\"text-align: justify;\">\n<p>Existem cerca de 25.000 esp\u00e9cies de peixes de \u00e1gua doce do Brasil. De formas e cores variadas, ocupam espa\u00e7os na nossa rede hidrog\u00e1fica. Estes peixes formam um amplo universo em que precisa se conhecer cada esp\u00e9cie.Uma rede hidrogr\u00e1fica \u00e9 o conjunto formado pelo rio principal e todos os seus afluentes e subafluentes.<\/p>\n<p>O Brasil possui uma das mais extensas e diversificadas redes fluviais do mundo, dividida em 12 regi\u00f5es hidrogr\u00e1ficas: <a href=\"http:\/\/nossacasa.net\/nossosriachos\/rios\/bacia-amazonica\/\">Bacia Amaz\u00f4nica<\/a>, <a href=\"http:\/\/nossacasa.net\/nossosriachos\/rios\/bacia-tocantins-araguaia\/\">Bacia Tocantins Araguaia<\/a>, <a href=\"http:\/\/nossacasa.net\/nossosriachos\/rios\/bacia-do-paraguai\/\">Bacia do Paraguai<\/a>, <a href=\"http:\/\/nossacasa.net\/nossosriachos\/rios\/bacia-atlantico-nordeste-ocidental\/\">Bacia Atl\u00e2ntico Nordeste Ocidental<\/a>, <a href=\"http:\/\/nossacasa.net\/nossosriachos\/rios\/bacia-atlantico-nordeste-oriental\/\">Bacia Atl\u00e2ntico Nordeste Oriental<\/a>, <a href=\"http:\/\/nossacasa.net\/nossosriachos\/rios\/bacia-do-parana\/\">Bacia do Paran\u00e1<\/a>, <a href=\"http:\/\/nossacasa.net\/nossosriachos\/rios\/bacia-do-parnaiba\/\">Bacia do Parna\u00edba<\/a>, <a href=\"http:\/\/nossacasa.net\/nossosriachos\/rios\/bacia-do-sao-francisco\/\">Bacia do S\u00e3o Francisco<\/a>, <a href=\"http:\/\/nossacasa.net\/nossosriachos\/rios\/bacia-do-atlantico-leste\/\">Bacia do Atl\u00e2ntico Leste<\/a>, <a href=\"http:\/\/nossacasa.net\/nossosriachos\/rios\/bacia-do-atlantico-sudeste\/\">Bacia do Atl\u00e2ntico Sudeste<\/a>, <a href=\"http:\/\/nossacasa.net\/nossosriachos\/rios\/bacia-do-atlantico-sul\/\">Bacia do Atl\u00e2ntico Sul<\/a> e <a href=\"http:\/\/nossacasa.net\/nossosriachos\/rios\/bacia-do-uruguai\/\">Bacia do Uruguai<\/a>.<\/p>\n<p>O objetivo inalcan\u00e7\u00e1vel destas p\u00e1ginas \u00e9 conhecer estas bacias e as esp\u00e9cies de \u00e1gua doce que as habitam. Mas n\u00e3o \u00e9 por ser inating\u00edvel que nos ir\u00e1 impedir de come\u00e7ar.<\/p>\n<p style=\"text-align: right;\">NossosRiachos<\/p>\n<\/div>\n","protected":false},"excerpt":{"rendered":"<p>Existem cerca de 25.000 esp\u00e9cies de peixes de \u00e1gua doce do Brasil. De formas e cores variadas, ocupam espa\u00e7os na nossa rede hidrog\u00e1fica. Estes peixes formam um amplo universo em que precisa se conhecer cada esp\u00e9cie.Uma rede hidrogr\u00e1fica \u00e9 o &hellip; <a href=\"http:\/\/nossacasa.net\/nossosriachos\/rios\/\">Continue lendo <span class=\"meta-nav\">&rarr;<\/span><\/a><\/p>\n","protected":false},"author":1,"featured_media":9,"parent":0,"menu_order":0,"comment_status":"closed","ping_status":"open","template":"","meta":{"footnotes":""},"class_list":["post-2","page","type-page","status-publish","has-post-thumbnail","hentry"],"_links":{"self":[{"href":"http:\/\/nossacasa.net\/nossosriachos\/rios\/wp-json\/wp\/v2\/pages\/2","targetHints":{"allow":["GET"]}}],"collection":[{"href":"http:\/\/nossacasa.net\/nossosriachos\/rios\/wp-json\/wp\/v2\/pages"}],"about":[{"href":"http:\/\/nossacasa.net\/nossosriachos\/rios\/wp-json\/wp\/v2\/types\/page"}],"author":[{"embeddable":true,"href":"http:\/\/nossacasa.net\/nossosriachos\/rios\/wp-json\/wp\/v2\/users\/1"}],"replies":[{"embeddable":true,"href":"http:\/\/nossacasa.net\/nossosriachos\/rios\/wp-json\/wp\/v2\/comments?post=2"}],"version-history":[{"count":7,"href":"http:\/\/nossacasa.net\/nossosriachos\/rios\/wp-json\/wp\/v2\/pages\/2\/revisions"}],"predecessor-version":[{"id":63,"href":"http:\/\/nossacasa.net\/nossosriachos\/rios\/wp-json\/wp\/v2\/pages\/2\/revisions\/63"}],"wp:featuredmedia":[{"embeddable":true,"href":"http:\/\/nossacasa.net\/nossosriachos\/rios\/wp-json\/wp\/v2\/media\/9"}],"wp:attachment":[{"href":"http:\/\/nossacasa.net\/nossosriachos\/rios\/wp-json\/wp\/v2\/media?parent=2"}],"curies":[{"name":"wp","href":"https:\/\/api.w.org\/{rel}","templated":true}]}}