{"id":2003,"date":"2019-09-13T09:29:49","date_gmt":"2019-09-13T12:29:49","guid":{"rendered":"http:\/\/nossacasa.net\/nossosriachos\/rios\/?page_id=2003"},"modified":"2019-09-13T09:32:05","modified_gmt":"2019-09-13T12:32:05","slug":"gymnotus","status":"publish","type":"page","link":"http:\/\/nossacasa.net\/nossosriachos\/rios\/gymnotus\/","title":{"rendered":"Gymnotus"},"content":{"rendered":"<div style=\"text-align: justify;\">\n<h1>Os <em>Gymnotus<\/em> Linnaeus, 1758<\/h1>\n<p>Algumas caracter\u00edsticas do g\u00eanero <em>Gymnotus<\/em> est\u00e3o indicadas na figura acima.<\/p>\n<p>O g\u00eanero <em>Gymnotus<\/em> \u00e9 o \u00fanico g\u00eanero da fam\u00edlia <a href=\"http:\/\/nossacasa.net\/nossosriachos\/rios\/gymnotidae\/\">Gymnotidae<\/a> representante dos <a href=\"http:\/\/nossacasa.net\/nossosriachos\/rios\/gymnotiformes\/\">Gymnotiformes<\/a> nas regi\u00f5es dos tabuleiros. <\/p>\n<p>Na regi\u00e3o dos tabuleiros da Mata Atl\u00e2ntica encontramos uma \u00fanica esp\u00e9cie do g\u00eanero <em>Gymnotus<\/em>: <em><a href=\"http:\/\/nossacasa.net\/nossosriachos\/rios\/gymnotus-carapo\/\">Gymnotus carapo<\/a><\/em>.<\/p>\n<hr>\n<\/div>\n","protected":false},"excerpt":{"rendered":"<p>Os Gymnotus Linnaeus, 1758 Algumas caracter\u00edsticas do g\u00eanero Gymnotus est\u00e3o indicadas na figura acima. O g\u00eanero Gymnotus \u00e9 o \u00fanico g\u00eanero da fam\u00edlia Gymnotidae representante dos Gymnotiformes nas regi\u00f5es dos tabuleiros. Na regi\u00e3o dos tabuleiros da Mata Atl\u00e2ntica encontramos uma &hellip; <a href=\"http:\/\/nossacasa.net\/nossosriachos\/rios\/gymnotus\/\">Continue lendo <span class=\"meta-nav\">&rarr;<\/span><\/a><\/p>\n","protected":false},"author":1,"featured_media":0,"parent":0,"menu_order":0,"comment_status":"closed","ping_status":"closed","template":"","meta":{"footnotes":""},"class_list":["post-2003","page","type-page","status-publish","hentry"],"_links":{"self":[{"href":"http:\/\/nossacasa.net\/nossosriachos\/rios\/wp-json\/wp\/v2\/pages\/2003","targetHints":{"allow":["GET"]}}],"collection":[{"href":"http:\/\/nossacasa.net\/nossosriachos\/rios\/wp-json\/wp\/v2\/pages"}],"about":[{"href":"http:\/\/nossacasa.net\/nossosriachos\/rios\/wp-json\/wp\/v2\/types\/page"}],"author":[{"embeddable":true,"href":"http:\/\/nossacasa.net\/nossosriachos\/rios\/wp-json\/wp\/v2\/users\/1"}],"replies":[{"embeddable":true,"href":"http:\/\/nossacasa.net\/nossosriachos\/rios\/wp-json\/wp\/v2\/comments?post=2003"}],"version-history":[{"count":2,"href":"http:\/\/nossacasa.net\/nossosriachos\/rios\/wp-json\/wp\/v2\/pages\/2003\/revisions"}],"predecessor-version":[{"id":2006,"href":"http:\/\/nossacasa.net\/nossosriachos\/rios\/wp-json\/wp\/v2\/pages\/2003\/revisions\/2006"}],"wp:attachment":[{"href":"http:\/\/nossacasa.net\/nossosriachos\/rios\/wp-json\/wp\/v2\/media?parent=2003"}],"curies":[{"name":"wp","href":"https:\/\/api.w.org\/{rel}","templated":true}]}}