{"id":2039,"date":"2019-09-13T10:24:45","date_gmt":"2019-09-13T13:24:45","guid":{"rendered":"http:\/\/nossacasa.net\/nossosriachos\/rios\/?page_id=2039"},"modified":"2019-09-13T10:26:29","modified_gmt":"2019-09-13T13:26:29","slug":"dormitator","status":"publish","type":"page","link":"http:\/\/nossacasa.net\/nossosriachos\/rios\/dormitator\/","title":{"rendered":"Dormitator"},"content":{"rendered":"<div style=\"text-align: justify;\">\n<h1>Os <em>Dormitator<\/em> Gill, 1861<\/h1>\n<p>Algumas caracter\u00edsticas do g\u00eanero <em>Dormitator<\/em> est\u00e3o indicadas na figura acima.<\/p>\n<p>O g\u00eanero <em>Dormitator<\/em> \u00e9 um dos tr\u00eas g\u00eaneros da fam\u00edlia <a href=\"http:\/\/nossacasa.net\/nossosriachos\/rios\/eleotridae\/\">Eleotridae<\/a> representante dos <a href=\"http:\/\/nossacasa.net\/nossosriachos\/rios\/gobiiformes\/\">Gobiiformes<\/a> nas regi\u00f5es dos tabuleiros. <\/p>\n<p>Na regi\u00e3o dos tabuleiros da Mata Atl\u00e2ntica encontramos uma \u00fanica esp\u00e9cie do g\u00eanero <em>Dormitator<\/em>: <em><a href=\"http:\/\/nossacasa.net\/nossosriachos\/rios\/dormitator-maculatus\/\">Dormitator maculatus<\/a><\/em>.<\/p>\n<hr>\n<\/div>\n","protected":false},"excerpt":{"rendered":"<p>Os Dormitator Gill, 1861 Algumas caracter\u00edsticas do g\u00eanero Dormitator est\u00e3o indicadas na figura acima. O g\u00eanero Dormitator \u00e9 um dos tr\u00eas g\u00eaneros da fam\u00edlia Eleotridae representante dos Gobiiformes nas regi\u00f5es dos tabuleiros. Na regi\u00e3o dos tabuleiros da Mata Atl\u00e2ntica encontramos &hellip; <a href=\"http:\/\/nossacasa.net\/nossosriachos\/rios\/dormitator\/\">Continue lendo <span class=\"meta-nav\">&rarr;<\/span><\/a><\/p>\n","protected":false},"author":1,"featured_media":0,"parent":0,"menu_order":0,"comment_status":"closed","ping_status":"closed","template":"","meta":{"footnotes":""},"class_list":["post-2039","page","type-page","status-publish","hentry"],"_links":{"self":[{"href":"http:\/\/nossacasa.net\/nossosriachos\/rios\/wp-json\/wp\/v2\/pages\/2039","targetHints":{"allow":["GET"]}}],"collection":[{"href":"http:\/\/nossacasa.net\/nossosriachos\/rios\/wp-json\/wp\/v2\/pages"}],"about":[{"href":"http:\/\/nossacasa.net\/nossosriachos\/rios\/wp-json\/wp\/v2\/types\/page"}],"author":[{"embeddable":true,"href":"http:\/\/nossacasa.net\/nossosriachos\/rios\/wp-json\/wp\/v2\/users\/1"}],"replies":[{"embeddable":true,"href":"http:\/\/nossacasa.net\/nossosriachos\/rios\/wp-json\/wp\/v2\/comments?post=2039"}],"version-history":[{"count":3,"href":"http:\/\/nossacasa.net\/nossosriachos\/rios\/wp-json\/wp\/v2\/pages\/2039\/revisions"}],"predecessor-version":[{"id":2045,"href":"http:\/\/nossacasa.net\/nossosriachos\/rios\/wp-json\/wp\/v2\/pages\/2039\/revisions\/2045"}],"wp:attachment":[{"href":"http:\/\/nossacasa.net\/nossosriachos\/rios\/wp-json\/wp\/v2\/media?parent=2039"}],"curies":[{"name":"wp","href":"https:\/\/api.w.org\/{rel}","templated":true}]}}