{"id":2044,"date":"2019-09-13T10:28:59","date_gmt":"2019-09-13T13:28:59","guid":{"rendered":"http:\/\/nossacasa.net\/nossosriachos\/rios\/?page_id=2044"},"modified":"2019-09-13T10:28:59","modified_gmt":"2019-09-13T13:28:59","slug":"eleotris-pisonis","status":"publish","type":"page","link":"http:\/\/nossacasa.net\/nossosriachos\/rios\/eleotris-pisonis\/","title":{"rendered":"Eleotris pisonis"},"content":{"rendered":"<div style=\"text-align: justify;\">\n<h1><em>Eleotris pisonis<\/em> (Gmelin, 1789)<\/h1>\n<p>Algumas caracter\u00edsticas da esp\u00e9cie <em>Eleotris pisonis<\/em> est\u00e3o indicadas na figura acima.<\/p>\n<p>A esp\u00e9cie <em>Eleotris pisonis<\/em> \u00e9 a \u00fanica representante do g\u00eanero <em><a href=\"http:\/\/nossacasa.net\/nossosriachos\/rios\/eleotris\/\">Eleotris<\/a><\/em> da fam\u00edlia <a href=\"http:\/\/nossacasa.net\/nossosriachos\/rios\/eleotridae\/\">Eleotridae<\/a> nas regi\u00f5es dos tabuleiros.\n<\/div>\n","protected":false},"excerpt":{"rendered":"<p>Eleotris pisonis (Gmelin, 1789) Algumas caracter\u00edsticas da esp\u00e9cie Eleotris pisonis est\u00e3o indicadas na figura acima. A esp\u00e9cie Eleotris pisonis \u00e9 a \u00fanica representante do g\u00eanero Eleotris da fam\u00edlia Eleotridae nas regi\u00f5es dos tabuleiros.<\/p>\n","protected":false},"author":1,"featured_media":1601,"parent":0,"menu_order":0,"comment_status":"closed","ping_status":"closed","template":"","meta":{"footnotes":""},"class_list":["post-2044","page","type-page","status-publish","has-post-thumbnail","hentry"],"_links":{"self":[{"href":"http:\/\/nossacasa.net\/nossosriachos\/rios\/wp-json\/wp\/v2\/pages\/2044","targetHints":{"allow":["GET"]}}],"collection":[{"href":"http:\/\/nossacasa.net\/nossosriachos\/rios\/wp-json\/wp\/v2\/pages"}],"about":[{"href":"http:\/\/nossacasa.net\/nossosriachos\/rios\/wp-json\/wp\/v2\/types\/page"}],"author":[{"embeddable":true,"href":"http:\/\/nossacasa.net\/nossosriachos\/rios\/wp-json\/wp\/v2\/users\/1"}],"replies":[{"embeddable":true,"href":"http:\/\/nossacasa.net\/nossosriachos\/rios\/wp-json\/wp\/v2\/comments?post=2044"}],"version-history":[{"count":1,"href":"http:\/\/nossacasa.net\/nossosriachos\/rios\/wp-json\/wp\/v2\/pages\/2044\/revisions"}],"predecessor-version":[{"id":2048,"href":"http:\/\/nossacasa.net\/nossosriachos\/rios\/wp-json\/wp\/v2\/pages\/2044\/revisions\/2048"}],"wp:featuredmedia":[{"embeddable":true,"href":"http:\/\/nossacasa.net\/nossosriachos\/rios\/wp-json\/wp\/v2\/media\/1601"}],"wp:attachment":[{"href":"http:\/\/nossacasa.net\/nossosriachos\/rios\/wp-json\/wp\/v2\/media?parent=2044"}],"curies":[{"name":"wp","href":"https:\/\/api.w.org\/{rel}","templated":true}]}}