{"id":2050,"date":"2019-09-13T10:31:39","date_gmt":"2019-09-13T13:31:39","guid":{"rendered":"http:\/\/nossacasa.net\/nossosriachos\/rios\/?page_id=2050"},"modified":"2019-09-13T10:31:39","modified_gmt":"2019-09-13T13:31:39","slug":"guavina-guavina","status":"publish","type":"page","link":"http:\/\/nossacasa.net\/nossosriachos\/rios\/guavina-guavina\/","title":{"rendered":"Guavina guavina"},"content":{"rendered":"<div style=\"text-align: justify;\">\n<h1><em>Guavina guavina<\/em> (Valenciennes in Cuvier and Valenciennes, 1837)<\/h1>\n<p>Algumas caracter\u00edsticas da esp\u00e9cie <em>Guavina guavina<\/em> est\u00e3o indicadas na figura acima.<\/p>\n<p>A esp\u00e9cie <em>Guavina guavina<\/em> \u00e9 a \u00fanica representante do g\u00eanero <em><a href=\"http:\/\/nossacasa.net\/nossosriachos\/rios\/guavina\/\">Guavina<\/a><\/em> da fam\u00edlia <a href=\"http:\/\/nossacasa.net\/nossosriachos\/rios\/eleotridae\/\">Eleotridae<\/a> nas regi\u00f5es dos tabuleiros.\n<\/div>\n","protected":false},"excerpt":{"rendered":"<p>Guavina guavina (Valenciennes in Cuvier and Valenciennes, 1837) Algumas caracter\u00edsticas da esp\u00e9cie Guavina guavina est\u00e3o indicadas na figura acima. A esp\u00e9cie Guavina guavina \u00e9 a \u00fanica representante do g\u00eanero Guavina da fam\u00edlia Eleotridae nas regi\u00f5es dos tabuleiros.<\/p>\n","protected":false},"author":1,"featured_media":1601,"parent":0,"menu_order":0,"comment_status":"closed","ping_status":"closed","template":"","meta":{"footnotes":""},"class_list":["post-2050","page","type-page","status-publish","has-post-thumbnail","hentry"],"_links":{"self":[{"href":"http:\/\/nossacasa.net\/nossosriachos\/rios\/wp-json\/wp\/v2\/pages\/2050","targetHints":{"allow":["GET"]}}],"collection":[{"href":"http:\/\/nossacasa.net\/nossosriachos\/rios\/wp-json\/wp\/v2\/pages"}],"about":[{"href":"http:\/\/nossacasa.net\/nossosriachos\/rios\/wp-json\/wp\/v2\/types\/page"}],"author":[{"embeddable":true,"href":"http:\/\/nossacasa.net\/nossosriachos\/rios\/wp-json\/wp\/v2\/users\/1"}],"replies":[{"embeddable":true,"href":"http:\/\/nossacasa.net\/nossosriachos\/rios\/wp-json\/wp\/v2\/comments?post=2050"}],"version-history":[{"count":1,"href":"http:\/\/nossacasa.net\/nossosriachos\/rios\/wp-json\/wp\/v2\/pages\/2050\/revisions"}],"predecessor-version":[{"id":2054,"href":"http:\/\/nossacasa.net\/nossosriachos\/rios\/wp-json\/wp\/v2\/pages\/2050\/revisions\/2054"}],"wp:featuredmedia":[{"embeddable":true,"href":"http:\/\/nossacasa.net\/nossosriachos\/rios\/wp-json\/wp\/v2\/media\/1601"}],"wp:attachment":[{"href":"http:\/\/nossacasa.net\/nossosriachos\/rios\/wp-json\/wp\/v2\/media?parent=2050"}],"curies":[{"name":"wp","href":"https:\/\/api.w.org\/{rel}","templated":true}]}}