{"id":2067,"date":"2019-09-13T11:13:47","date_gmt":"2019-09-13T14:13:47","guid":{"rendered":"http:\/\/nossacasa.net\/nossosriachos\/rios\/?page_id=2067"},"modified":"2019-09-13T11:14:02","modified_gmt":"2019-09-13T14:14:02","slug":"australoheros-capixaba","status":"publish","type":"page","link":"http:\/\/nossacasa.net\/nossosriachos\/rios\/australoheros-capixaba\/","title":{"rendered":"Australoheros capixaba"},"content":{"rendered":"<div style=\"text-align: justify;\">\n<h1><em>Australoheros capixaba<\/em> Ottoni 2010<\/h1>\n<p>Algumas caracter\u00edsticas da esp\u00e9cie <em>Australoheros capixabaa<\/em> est\u00e3o indicadas na figura acima.<\/p>\n<p>A esp\u00e9cie <em>Australoheros capixaba<\/em> \u00e9 a \u00fanica representante do g\u00eanero <em><a href=\"http:\/\/nossacasa.net\/nossosriachos\/rios\/australoheros\/\">Australoheros<\/a><\/em> da fam\u00edlia <a href=\"http:\/\/nossacasa.net\/nossosriachos\/rios\/cichlidae\/\">Cichlidae<\/a> nas regi\u00f5es dos tabuleiros.\n<\/div>\n","protected":false},"excerpt":{"rendered":"<p>Australoheros capixaba Ottoni 2010 Algumas caracter\u00edsticas da esp\u00e9cie Australoheros capixabaa est\u00e3o indicadas na figura acima. A esp\u00e9cie Australoheros capixaba \u00e9 a \u00fanica representante do g\u00eanero Australoheros da fam\u00edlia Cichlidae nas regi\u00f5es dos tabuleiros.<\/p>\n","protected":false},"author":1,"featured_media":1601,"parent":0,"menu_order":0,"comment_status":"closed","ping_status":"closed","template":"","meta":{"footnotes":""},"class_list":["post-2067","page","type-page","status-publish","has-post-thumbnail","hentry"],"_links":{"self":[{"href":"http:\/\/nossacasa.net\/nossosriachos\/rios\/wp-json\/wp\/v2\/pages\/2067","targetHints":{"allow":["GET"]}}],"collection":[{"href":"http:\/\/nossacasa.net\/nossosriachos\/rios\/wp-json\/wp\/v2\/pages"}],"about":[{"href":"http:\/\/nossacasa.net\/nossosriachos\/rios\/wp-json\/wp\/v2\/types\/page"}],"author":[{"embeddable":true,"href":"http:\/\/nossacasa.net\/nossosriachos\/rios\/wp-json\/wp\/v2\/users\/1"}],"replies":[{"embeddable":true,"href":"http:\/\/nossacasa.net\/nossosriachos\/rios\/wp-json\/wp\/v2\/comments?post=2067"}],"version-history":[{"count":2,"href":"http:\/\/nossacasa.net\/nossosriachos\/rios\/wp-json\/wp\/v2\/pages\/2067\/revisions"}],"predecessor-version":[{"id":2071,"href":"http:\/\/nossacasa.net\/nossosriachos\/rios\/wp-json\/wp\/v2\/pages\/2067\/revisions\/2071"}],"wp:featuredmedia":[{"embeddable":true,"href":"http:\/\/nossacasa.net\/nossosriachos\/rios\/wp-json\/wp\/v2\/media\/1601"}],"wp:attachment":[{"href":"http:\/\/nossacasa.net\/nossosriachos\/rios\/wp-json\/wp\/v2\/media?parent=2067"}],"curies":[{"name":"wp","href":"https:\/\/api.w.org\/{rel}","templated":true}]}}