{"id":2073,"date":"2019-09-13T11:17:21","date_gmt":"2019-09-13T14:17:21","guid":{"rendered":"http:\/\/nossacasa.net\/nossosriachos\/rios\/?page_id=2073"},"modified":"2019-09-13T11:17:21","modified_gmt":"2019-09-13T14:17:21","slug":"cichla-kelberi","status":"publish","type":"page","link":"http:\/\/nossacasa.net\/nossosriachos\/rios\/cichla-kelberi\/","title":{"rendered":"Cichla kelberi"},"content":{"rendered":"<div style=\"text-align: justify;\">\n<h1><em>Cichla kelberi<\/em> Kullander &#038; Ferreira 2006<\/h1>\n<p>Algumas caracter\u00edsticas da esp\u00e9cie <em>Cichla kelberi<\/em> est\u00e3o indicadas na figura acima.<\/p>\n<p>A esp\u00e9cie introduzida <em>Cichla kelberi<\/em> \u00e9 a \u00fanica representante do g\u00eanero <em><a href=\"http:\/\/nossacasa.net\/nossosriachos\/rios\/cichla\/\">Cichla<\/a><\/em> da fam\u00edlia <a href=\"http:\/\/nossacasa.net\/nossosriachos\/rios\/cichlidae\/\">Cichlidae<\/a> nas regi\u00f5es dos tabuleiros.\n<\/div>\n","protected":false},"excerpt":{"rendered":"<p>Cichla kelberi Kullander &#038; Ferreira 2006 Algumas caracter\u00edsticas da esp\u00e9cie Cichla kelberi est\u00e3o indicadas na figura acima. A esp\u00e9cie introduzida Cichla kelberi \u00e9 a \u00fanica representante do g\u00eanero Cichla da fam\u00edlia Cichlidae nas regi\u00f5es dos tabuleiros.<\/p>\n","protected":false},"author":1,"featured_media":1601,"parent":0,"menu_order":0,"comment_status":"closed","ping_status":"closed","template":"","meta":{"footnotes":""},"class_list":["post-2073","page","type-page","status-publish","has-post-thumbnail","hentry"],"_links":{"self":[{"href":"http:\/\/nossacasa.net\/nossosriachos\/rios\/wp-json\/wp\/v2\/pages\/2073","targetHints":{"allow":["GET"]}}],"collection":[{"href":"http:\/\/nossacasa.net\/nossosriachos\/rios\/wp-json\/wp\/v2\/pages"}],"about":[{"href":"http:\/\/nossacasa.net\/nossosriachos\/rios\/wp-json\/wp\/v2\/types\/page"}],"author":[{"embeddable":true,"href":"http:\/\/nossacasa.net\/nossosriachos\/rios\/wp-json\/wp\/v2\/users\/1"}],"replies":[{"embeddable":true,"href":"http:\/\/nossacasa.net\/nossosriachos\/rios\/wp-json\/wp\/v2\/comments?post=2073"}],"version-history":[{"count":1,"href":"http:\/\/nossacasa.net\/nossosriachos\/rios\/wp-json\/wp\/v2\/pages\/2073\/revisions"}],"predecessor-version":[{"id":2077,"href":"http:\/\/nossacasa.net\/nossosriachos\/rios\/wp-json\/wp\/v2\/pages\/2073\/revisions\/2077"}],"wp:featuredmedia":[{"embeddable":true,"href":"http:\/\/nossacasa.net\/nossosriachos\/rios\/wp-json\/wp\/v2\/media\/1601"}],"wp:attachment":[{"href":"http:\/\/nossacasa.net\/nossosriachos\/rios\/wp-json\/wp\/v2\/media?parent=2073"}],"curies":[{"name":"wp","href":"https:\/\/api.w.org\/{rel}","templated":true}]}}