{"id":2085,"date":"2019-09-13T11:21:39","date_gmt":"2019-09-13T14:21:39","guid":{"rendered":"http:\/\/nossacasa.net\/nossosriachos\/rios\/?page_id=2085"},"modified":"2019-09-13T11:23:23","modified_gmt":"2019-09-13T14:23:23","slug":"geophagus","status":"publish","type":"page","link":"http:\/\/nossacasa.net\/nossosriachos\/rios\/geophagus\/","title":{"rendered":"Geophagus"},"content":{"rendered":"<div style=\"text-align: justify;\">\n<h1>Os <em>Geophagus<\/em> Heckel, 1840<\/h1>\n<p>Algumas caracter\u00edsticas do g\u00eanero <em>Geophagus<\/em> est\u00e3o indicadas na figura acima.<\/p>\n<p>O g\u00eanero <em>Geophagus<\/em> \u00e9 um dos sete g\u00eaneros da fam\u00edlia <a href=\"http:\/\/nossacasa.net\/nossosriachos\/rios\/cichlidae\/\">Cichlidae<\/a> representante dos <a href=\"http:\/\/nossacasa.net\/nossosriachos\/rios\/cichliformes\/\">Cichliformes<\/a> nas regi\u00f5es dos tabuleiros. <\/p>\n<p>Na regi\u00e3o dos tabuleiros da Mata Atl\u00e2ntica encontramos uma \u00fanica esp\u00e9cie do g\u00eanero <em>Geophagus<\/em>: <em><a href=\"http:\/\/nossacasa.net\/nossosriachos\/rios\/geophagus-brasiliensis\/\">Geophagus brasiliensis<\/a><\/em>.<\/p>\n<hr>\n<\/div>\n","protected":false},"excerpt":{"rendered":"<p>Os Geophagus Heckel, 1840 Algumas caracter\u00edsticas do g\u00eanero Geophagus est\u00e3o indicadas na figura acima. O g\u00eanero Geophagus \u00e9 um dos sete g\u00eaneros da fam\u00edlia Cichlidae representante dos Cichliformes nas regi\u00f5es dos tabuleiros. Na regi\u00e3o dos tabuleiros da Mata Atl\u00e2ntica encontramos &hellip; <a href=\"http:\/\/nossacasa.net\/nossosriachos\/rios\/geophagus\/\">Continue lendo <span class=\"meta-nav\">&rarr;<\/span><\/a><\/p>\n","protected":false},"author":1,"featured_media":0,"parent":0,"menu_order":0,"comment_status":"closed","ping_status":"closed","template":"","meta":{"footnotes":""},"class_list":["post-2085","page","type-page","status-publish","hentry"],"_links":{"self":[{"href":"http:\/\/nossacasa.net\/nossosriachos\/rios\/wp-json\/wp\/v2\/pages\/2085","targetHints":{"allow":["GET"]}}],"collection":[{"href":"http:\/\/nossacasa.net\/nossosriachos\/rios\/wp-json\/wp\/v2\/pages"}],"about":[{"href":"http:\/\/nossacasa.net\/nossosriachos\/rios\/wp-json\/wp\/v2\/types\/page"}],"author":[{"embeddable":true,"href":"http:\/\/nossacasa.net\/nossosriachos\/rios\/wp-json\/wp\/v2\/users\/1"}],"replies":[{"embeddable":true,"href":"http:\/\/nossacasa.net\/nossosriachos\/rios\/wp-json\/wp\/v2\/comments?post=2085"}],"version-history":[{"count":3,"href":"http:\/\/nossacasa.net\/nossosriachos\/rios\/wp-json\/wp\/v2\/pages\/2085\/revisions"}],"predecessor-version":[{"id":2090,"href":"http:\/\/nossacasa.net\/nossosriachos\/rios\/wp-json\/wp\/v2\/pages\/2085\/revisions\/2090"}],"wp:attachment":[{"href":"http:\/\/nossacasa.net\/nossosriachos\/rios\/wp-json\/wp\/v2\/media?parent=2085"}],"curies":[{"name":"wp","href":"https:\/\/api.w.org\/{rel}","templated":true}]}}