{"id":2089,"date":"2019-09-13T11:26:13","date_gmt":"2019-09-13T14:26:13","guid":{"rendered":"http:\/\/nossacasa.net\/nossosriachos\/rios\/?page_id=2089"},"modified":"2019-09-13T11:26:13","modified_gmt":"2019-09-13T14:26:13","slug":"oreochromis-niloticus","status":"publish","type":"page","link":"http:\/\/nossacasa.net\/nossosriachos\/rios\/oreochromis-niloticus\/","title":{"rendered":"Oreochromis niloticus"},"content":{"rendered":"<div style=\"text-align: justify;\">\n<h1><em>Oreochromis niloticus<\/em> (Linnaeus 1758)<\/h1>\n<p>Algumas caracter\u00edsticas da esp\u00e9cie <em>Oreochromis niloticus<\/em> est\u00e3o indicadas na figura acima.<\/p>\n<p>A esp\u00e9cie introduzida <em>Oreochromis niloticuss<\/em> \u00e9 a \u00fanica representante do g\u00eanero <em><a href=\"http:\/\/nossacasa.net\/nossosriachos\/rios\/oreochromis\/\">Oreochromis<\/a><\/em> da fam\u00edlia <a href=\"http:\/\/nossacasa.net\/nossosriachos\/rios\/cichlidae\/\">Cichlidae<\/a> nas regi\u00f5es dos tabuleiros.\n<\/div>\n","protected":false},"excerpt":{"rendered":"<p>Oreochromis niloticus (Linnaeus 1758) Algumas caracter\u00edsticas da esp\u00e9cie Oreochromis niloticus est\u00e3o indicadas na figura acima. A esp\u00e9cie introduzida Oreochromis niloticuss \u00e9 a \u00fanica representante do g\u00eanero Oreochromis da fam\u00edlia Cichlidae nas regi\u00f5es dos tabuleiros.<\/p>\n","protected":false},"author":1,"featured_media":1601,"parent":0,"menu_order":0,"comment_status":"closed","ping_status":"closed","template":"","meta":{"footnotes":""},"class_list":["post-2089","page","type-page","status-publish","has-post-thumbnail","hentry"],"_links":{"self":[{"href":"http:\/\/nossacasa.net\/nossosriachos\/rios\/wp-json\/wp\/v2\/pages\/2089","targetHints":{"allow":["GET"]}}],"collection":[{"href":"http:\/\/nossacasa.net\/nossosriachos\/rios\/wp-json\/wp\/v2\/pages"}],"about":[{"href":"http:\/\/nossacasa.net\/nossosriachos\/rios\/wp-json\/wp\/v2\/types\/page"}],"author":[{"embeddable":true,"href":"http:\/\/nossacasa.net\/nossosriachos\/rios\/wp-json\/wp\/v2\/users\/1"}],"replies":[{"embeddable":true,"href":"http:\/\/nossacasa.net\/nossosriachos\/rios\/wp-json\/wp\/v2\/comments?post=2089"}],"version-history":[{"count":1,"href":"http:\/\/nossacasa.net\/nossosriachos\/rios\/wp-json\/wp\/v2\/pages\/2089\/revisions"}],"predecessor-version":[{"id":2093,"href":"http:\/\/nossacasa.net\/nossosriachos\/rios\/wp-json\/wp\/v2\/pages\/2089\/revisions\/2093"}],"wp:featuredmedia":[{"embeddable":true,"href":"http:\/\/nossacasa.net\/nossosriachos\/rios\/wp-json\/wp\/v2\/media\/1601"}],"wp:attachment":[{"href":"http:\/\/nossacasa.net\/nossosriachos\/rios\/wp-json\/wp\/v2\/media?parent=2089"}],"curies":[{"name":"wp","href":"https:\/\/api.w.org\/{rel}","templated":true}]}}