{"id":2121,"date":"2019-09-13T12:31:47","date_gmt":"2019-09-13T15:31:47","guid":{"rendered":"http:\/\/nossacasa.net\/nossosriachos\/rios\/?page_id=2121"},"modified":"2019-09-13T13:00:43","modified_gmt":"2019-09-13T16:00:43","slug":"kryptolebias","status":"publish","type":"page","link":"http:\/\/nossacasa.net\/nossosriachos\/rios\/kryptolebias\/","title":{"rendered":"Kryptolebias"},"content":{"rendered":"<div style=\"text-align: justify;\">\n<h1>As <em>Kryptolebias<\/em> Costa 2004<\/h1>\n<p>Algumas caracter\u00edsticas do g\u00eanero <em>Kryptolebiass<\/em> est\u00e3o indicadas na figura acima.<\/p>\n<p>O g\u00eanero <em>Kryptolebias<\/em> \u00e9 um dos quatro g\u00eaneros da fam\u00edlia <a href=\"http:\/\/nossacasa.net\/nossosriachos\/rios\/rivulidae\/\">Rivulidae<\/a> representante dos <a href=\"http:\/\/nossacasa.net\/nossosriachos\/rios\/cyprinodontiformes\/\">Cyprinodontiformes<\/a> nas regi\u00f5es dos tabuleiros. <\/p>\n<p>Na regi\u00e3o dos tabuleiros da Mata Atl\u00e2ntica encontramos uma \u00fanica esp\u00e9cie do g\u00eanero <em>Kryptolebias<\/em>: <em><a href=\"http:\/\/nossacasa.net\/nossosriachos\/rios\/kryptolebias-ocellatus\/\">Kryptolebias ocellatus<\/a><\/em>.<\/p>\n<hr>\n<\/div>\n","protected":false},"excerpt":{"rendered":"<p>As Kryptolebias Costa 2004 Algumas caracter\u00edsticas do g\u00eanero Kryptolebiass est\u00e3o indicadas na figura acima. O g\u00eanero Kryptolebias \u00e9 um dos quatro g\u00eaneros da fam\u00edlia Rivulidae representante dos Cyprinodontiformes nas regi\u00f5es dos tabuleiros. Na regi\u00e3o dos tabuleiros da Mata Atl\u00e2ntica encontramos &hellip; <a href=\"http:\/\/nossacasa.net\/nossosriachos\/rios\/kryptolebias\/\">Continue lendo <span class=\"meta-nav\">&rarr;<\/span><\/a><\/p>\n","protected":false},"author":1,"featured_media":0,"parent":0,"menu_order":0,"comment_status":"closed","ping_status":"closed","template":"","meta":{"footnotes":""},"class_list":["post-2121","page","type-page","status-publish","hentry"],"_links":{"self":[{"href":"http:\/\/nossacasa.net\/nossosriachos\/rios\/wp-json\/wp\/v2\/pages\/2121","targetHints":{"allow":["GET"]}}],"collection":[{"href":"http:\/\/nossacasa.net\/nossosriachos\/rios\/wp-json\/wp\/v2\/pages"}],"about":[{"href":"http:\/\/nossacasa.net\/nossosriachos\/rios\/wp-json\/wp\/v2\/types\/page"}],"author":[{"embeddable":true,"href":"http:\/\/nossacasa.net\/nossosriachos\/rios\/wp-json\/wp\/v2\/users\/1"}],"replies":[{"embeddable":true,"href":"http:\/\/nossacasa.net\/nossosriachos\/rios\/wp-json\/wp\/v2\/comments?post=2121"}],"version-history":[{"count":3,"href":"http:\/\/nossacasa.net\/nossosriachos\/rios\/wp-json\/wp\/v2\/pages\/2121\/revisions"}],"predecessor-version":[{"id":2125,"href":"http:\/\/nossacasa.net\/nossosriachos\/rios\/wp-json\/wp\/v2\/pages\/2121\/revisions\/2125"}],"wp:attachment":[{"href":"http:\/\/nossacasa.net\/nossosriachos\/rios\/wp-json\/wp\/v2\/media?parent=2121"}],"curies":[{"name":"wp","href":"https:\/\/api.w.org\/{rel}","templated":true}]}}