{"id":2140,"date":"2019-09-13T13:53:11","date_gmt":"2019-09-13T16:53:11","guid":{"rendered":"http:\/\/nossacasa.net\/nossosriachos\/rios\/?page_id=2140"},"modified":"2019-09-13T13:53:11","modified_gmt":"2019-09-13T16:53:11","slug":"xenurolebias-myersi","status":"publish","type":"page","link":"http:\/\/nossacasa.net\/nossosriachos\/rios\/xenurolebias-myersi\/","title":{"rendered":"Xenurolebias myersi"},"content":{"rendered":"<div style=\"text-align: justify;\">\n<h1><em>Xenurolebias myersi<\/em> (Carvalho 1971)<\/h1>\n<p>Algumas caracter\u00edsticas da esp\u00e9cie <em>Xenurolebias myersi<\/em> est\u00e3o indicadas na figura acima.<\/p>\n<p>A esp\u00e9cie <em>Xenurolebias myersi<\/em> \u00e9 uma das quatro representantes do g\u00eanero <em><a href=\"http:\/\/nossacasa.net\/nossosriachos\/rios\/xenurolebias\/\">Xenurolebias<\/a><\/em> da fam\u00edlia <a href=\"http:\/\/nossacasa.net\/nossosriachos\/rios\/rivulidae\/\">Rivulidae<\/a> nas regi\u00f5es dos tabuleiros.\n<\/div>\n","protected":false},"excerpt":{"rendered":"<p>Xenurolebias myersi (Carvalho 1971) Algumas caracter\u00edsticas da esp\u00e9cie Xenurolebias myersi est\u00e3o indicadas na figura acima. A esp\u00e9cie Xenurolebias myersi \u00e9 uma das quatro representantes do g\u00eanero Xenurolebias da fam\u00edlia Rivulidae nas regi\u00f5es dos tabuleiros.<\/p>\n","protected":false},"author":1,"featured_media":1601,"parent":0,"menu_order":0,"comment_status":"closed","ping_status":"closed","template":"","meta":{"footnotes":""},"class_list":["post-2140","page","type-page","status-publish","has-post-thumbnail","hentry"],"_links":{"self":[{"href":"http:\/\/nossacasa.net\/nossosriachos\/rios\/wp-json\/wp\/v2\/pages\/2140","targetHints":{"allow":["GET"]}}],"collection":[{"href":"http:\/\/nossacasa.net\/nossosriachos\/rios\/wp-json\/wp\/v2\/pages"}],"about":[{"href":"http:\/\/nossacasa.net\/nossosriachos\/rios\/wp-json\/wp\/v2\/types\/page"}],"author":[{"embeddable":true,"href":"http:\/\/nossacasa.net\/nossosriachos\/rios\/wp-json\/wp\/v2\/users\/1"}],"replies":[{"embeddable":true,"href":"http:\/\/nossacasa.net\/nossosriachos\/rios\/wp-json\/wp\/v2\/comments?post=2140"}],"version-history":[{"count":1,"href":"http:\/\/nossacasa.net\/nossosriachos\/rios\/wp-json\/wp\/v2\/pages\/2140\/revisions"}],"predecessor-version":[{"id":2141,"href":"http:\/\/nossacasa.net\/nossosriachos\/rios\/wp-json\/wp\/v2\/pages\/2140\/revisions\/2141"}],"wp:featuredmedia":[{"embeddable":true,"href":"http:\/\/nossacasa.net\/nossosriachos\/rios\/wp-json\/wp\/v2\/media\/1601"}],"wp:attachment":[{"href":"http:\/\/nossacasa.net\/nossosriachos\/rios\/wp-json\/wp\/v2\/media?parent=2140"}],"curies":[{"name":"wp","href":"https:\/\/api.w.org\/{rel}","templated":true}]}}