{"id":2158,"date":"2019-09-13T14:15:09","date_gmt":"2019-09-13T17:15:09","guid":{"rendered":"http:\/\/nossacasa.net\/nossosriachos\/rios\/?page_id=2158"},"modified":"2019-09-13T14:57:31","modified_gmt":"2019-09-13T17:57:31","slug":"phalloceros","status":"publish","type":"page","link":"http:\/\/nossacasa.net\/nossosriachos\/rios\/phalloceros\/","title":{"rendered":"Phalloceros"},"content":{"rendered":"<div style=\"text-align: justify;\">\n<h1>Os <em>Phalloceros<\/em> Eigenmann, 1907<\/h1>\n<p>Algumas caracter\u00edsticas do g\u00eanero <em>Phalloceros<\/em> est\u00e3o indicadas na figura acima.<\/p>\n<p>O g\u00eanero <em>Phalloceros<\/em> \u00e9 um dos quatro g\u00eaneros da fam\u00edlia <a href=\"http:\/\/nossacasa.net\/nossosriachos\/rios\/poeciliidae\/\">Poeciliidae<\/a> representante dos <a href=\"http:\/\/nossacasa.net\/nossosriachos\/rios\/cyprinodontiformes\/\">Cyprinodontiformes<\/a> nas regi\u00f5es dos tabuleiros. <\/p>\n<p>Na regi\u00e3o dos tabuleiros da Mata Atl\u00e2ntica encontramos uma esp\u00e9cies do g\u00eanero <em>Phalloceros(\/em>: <em><a href=\"http:\/\/nossacasa.net\/nossosriachos\/rios\/phalloceros-ocellatus\/\">Phalloceros ocellatus<\/a><\/em>.<\/p>\n<hr>\n<\/div>\n","protected":false},"excerpt":{"rendered":"<p>Os Phalloceros Eigenmann, 1907 Algumas caracter\u00edsticas do g\u00eanero Phalloceros est\u00e3o indicadas na figura acima. O g\u00eanero Phalloceros \u00e9 um dos quatro g\u00eaneros da fam\u00edlia Poeciliidae representante dos Cyprinodontiformes nas regi\u00f5es dos tabuleiros. Na regi\u00e3o dos tabuleiros da Mata Atl\u00e2ntica encontramos &hellip; <a href=\"http:\/\/nossacasa.net\/nossosriachos\/rios\/phalloceros\/\">Continue lendo <span class=\"meta-nav\">&rarr;<\/span><\/a><\/p>\n","protected":false},"author":1,"featured_media":0,"parent":0,"menu_order":0,"comment_status":"closed","ping_status":"closed","template":"","meta":{"footnotes":""},"class_list":["post-2158","page","type-page","status-publish","hentry"],"_links":{"self":[{"href":"http:\/\/nossacasa.net\/nossosriachos\/rios\/wp-json\/wp\/v2\/pages\/2158","targetHints":{"allow":["GET"]}}],"collection":[{"href":"http:\/\/nossacasa.net\/nossosriachos\/rios\/wp-json\/wp\/v2\/pages"}],"about":[{"href":"http:\/\/nossacasa.net\/nossosriachos\/rios\/wp-json\/wp\/v2\/types\/page"}],"author":[{"embeddable":true,"href":"http:\/\/nossacasa.net\/nossosriachos\/rios\/wp-json\/wp\/v2\/users\/1"}],"replies":[{"embeddable":true,"href":"http:\/\/nossacasa.net\/nossosriachos\/rios\/wp-json\/wp\/v2\/comments?post=2158"}],"version-history":[{"count":3,"href":"http:\/\/nossacasa.net\/nossosriachos\/rios\/wp-json\/wp\/v2\/pages\/2158\/revisions"}],"predecessor-version":[{"id":2171,"href":"http:\/\/nossacasa.net\/nossosriachos\/rios\/wp-json\/wp\/v2\/pages\/2158\/revisions\/2171"}],"wp:attachment":[{"href":"http:\/\/nossacasa.net\/nossosriachos\/rios\/wp-json\/wp\/v2\/media?parent=2158"}],"curies":[{"name":"wp","href":"https:\/\/api.w.org\/{rel}","templated":true}]}}