{"id":2174,"date":"2019-09-13T15:05:44","date_gmt":"2019-09-13T18:05:44","guid":{"rendered":"http:\/\/nossacasa.net\/nossosriachos\/rios\/?page_id=2174"},"modified":"2019-09-13T15:05:44","modified_gmt":"2019-09-13T18:05:44","slug":"xiphophorus-maculatus","status":"publish","type":"page","link":"http:\/\/nossacasa.net\/nossosriachos\/rios\/xiphophorus-maculatus\/","title":{"rendered":"Xiphophorus maculatus"},"content":{"rendered":"<div style=\"text-align: justify;\">\n<h1><em>Xiphophorus maculatus<\/em> (G\u00fcnther, 1866)<\/h1>\n<p>Algumas caracter\u00edsticas da esp\u00e9cie <em>Xiphophorus maculatus<\/em> est\u00e3o indicadas na figura acima.<\/p>\n<p>A esp\u00e9cie introduzida <em>Xiphophorus maculatus<\/em> \u00e9 a \u00fanica representantes do g\u00eanero <em><a href=\"http:\/\/nossacasa.net\/nossosriachos\/rios\/xiphophorus\/\">Xiphophorus<\/a><\/em> da fam\u00edlia <a href=\"http:\/\/nossacasa.net\/nossosriachos\/rios\/rivulidae\/\">Rivulidae<\/a> nas regi\u00f5es dos tabuleiros.\n<\/div>\n","protected":false},"excerpt":{"rendered":"<p>Xiphophorus maculatus (G\u00fcnther, 1866) Algumas caracter\u00edsticas da esp\u00e9cie Xiphophorus maculatus est\u00e3o indicadas na figura acima. A esp\u00e9cie introduzida Xiphophorus maculatus \u00e9 a \u00fanica representantes do g\u00eanero Xiphophorus da fam\u00edlia Rivulidae nas regi\u00f5es dos tabuleiros.<\/p>\n","protected":false},"author":1,"featured_media":1601,"parent":0,"menu_order":0,"comment_status":"closed","ping_status":"closed","template":"","meta":{"footnotes":""},"class_list":["post-2174","page","type-page","status-publish","has-post-thumbnail","hentry"],"_links":{"self":[{"href":"http:\/\/nossacasa.net\/nossosriachos\/rios\/wp-json\/wp\/v2\/pages\/2174","targetHints":{"allow":["GET"]}}],"collection":[{"href":"http:\/\/nossacasa.net\/nossosriachos\/rios\/wp-json\/wp\/v2\/pages"}],"about":[{"href":"http:\/\/nossacasa.net\/nossosriachos\/rios\/wp-json\/wp\/v2\/types\/page"}],"author":[{"embeddable":true,"href":"http:\/\/nossacasa.net\/nossosriachos\/rios\/wp-json\/wp\/v2\/users\/1"}],"replies":[{"embeddable":true,"href":"http:\/\/nossacasa.net\/nossosriachos\/rios\/wp-json\/wp\/v2\/comments?post=2174"}],"version-history":[{"count":1,"href":"http:\/\/nossacasa.net\/nossosriachos\/rios\/wp-json\/wp\/v2\/pages\/2174\/revisions"}],"predecessor-version":[{"id":2176,"href":"http:\/\/nossacasa.net\/nossosriachos\/rios\/wp-json\/wp\/v2\/pages\/2174\/revisions\/2176"}],"wp:featuredmedia":[{"embeddable":true,"href":"http:\/\/nossacasa.net\/nossosriachos\/rios\/wp-json\/wp\/v2\/media\/1601"}],"wp:attachment":[{"href":"http:\/\/nossacasa.net\/nossosriachos\/rios\/wp-json\/wp\/v2\/media?parent=2174"}],"curies":[{"name":"wp","href":"https:\/\/api.w.org\/{rel}","templated":true}]}}