{"id":2184,"date":"2019-09-13T15:16:19","date_gmt":"2019-09-13T18:16:19","guid":{"rendered":"http:\/\/nossacasa.net\/nossosriachos\/rios\/?page_id=2184"},"modified":"2019-09-13T15:16:19","modified_gmt":"2019-09-13T18:16:19","slug":"synbranchus-marmoratus","status":"publish","type":"page","link":"http:\/\/nossacasa.net\/nossosriachos\/rios\/synbranchus-marmoratus\/","title":{"rendered":"Synbranchus marmoratus"},"content":{"rendered":"<div style=\"text-align: justify;\">\n<h1><em>Synbranchus marmoratus<\/em> Bloch, 1795<\/h1>\n<p>Algumas caracter\u00edsticas da esp\u00e9cie <em>Synbranchus marmoratus<\/em> est\u00e3o indicadas na figura acima.<\/p>\n<p>A esp\u00e9cie <em>Synbranchus marmoratus<\/em> \u00e9 a \u00fanica representantes do g\u00eanero <em><a href=\"http:\/\/nossacasa.net\/nossosriachos\/rios\/synbranchus\/\">Synbranchus<\/a><\/em> da fam\u00edlia <a href=\"http:\/\/nossacasa.net\/nossosriachos\/rios\/synbranchidae\/\">Synbranchidae<\/a> nas regi\u00f5es dos tabuleiros.\n<\/div>\n","protected":false},"excerpt":{"rendered":"<p>Synbranchus marmoratus Bloch, 1795 Algumas caracter\u00edsticas da esp\u00e9cie Synbranchus marmoratus est\u00e3o indicadas na figura acima. A esp\u00e9cie Synbranchus marmoratus \u00e9 a \u00fanica representantes do g\u00eanero Synbranchus da fam\u00edlia Synbranchidae nas regi\u00f5es dos tabuleiros.<\/p>\n","protected":false},"author":1,"featured_media":1601,"parent":0,"menu_order":0,"comment_status":"closed","ping_status":"closed","template":"","meta":{"footnotes":""},"class_list":["post-2184","page","type-page","status-publish","has-post-thumbnail","hentry"],"_links":{"self":[{"href":"http:\/\/nossacasa.net\/nossosriachos\/rios\/wp-json\/wp\/v2\/pages\/2184","targetHints":{"allow":["GET"]}}],"collection":[{"href":"http:\/\/nossacasa.net\/nossosriachos\/rios\/wp-json\/wp\/v2\/pages"}],"about":[{"href":"http:\/\/nossacasa.net\/nossosriachos\/rios\/wp-json\/wp\/v2\/types\/page"}],"author":[{"embeddable":true,"href":"http:\/\/nossacasa.net\/nossosriachos\/rios\/wp-json\/wp\/v2\/users\/1"}],"replies":[{"embeddable":true,"href":"http:\/\/nossacasa.net\/nossosriachos\/rios\/wp-json\/wp\/v2\/comments?post=2184"}],"version-history":[{"count":1,"href":"http:\/\/nossacasa.net\/nossosriachos\/rios\/wp-json\/wp\/v2\/pages\/2184\/revisions"}],"predecessor-version":[{"id":2186,"href":"http:\/\/nossacasa.net\/nossosriachos\/rios\/wp-json\/wp\/v2\/pages\/2184\/revisions\/2186"}],"wp:featuredmedia":[{"embeddable":true,"href":"http:\/\/nossacasa.net\/nossosriachos\/rios\/wp-json\/wp\/v2\/media\/1601"}],"wp:attachment":[{"href":"http:\/\/nossacasa.net\/nossosriachos\/rios\/wp-json\/wp\/v2\/media?parent=2184"}],"curies":[{"name":"wp","href":"https:\/\/api.w.org\/{rel}","templated":true}]}}