{"id":2188,"date":"2019-09-13T15:31:27","date_gmt":"2019-09-13T18:31:27","guid":{"rendered":"http:\/\/nossacasa.net\/nossosriachos\/rios\/?page_id=2188"},"modified":"2019-09-13T15:33:48","modified_gmt":"2019-09-13T18:33:48","slug":"achirus","status":"publish","type":"page","link":"http:\/\/nossacasa.net\/nossosriachos\/rios\/achirus\/","title":{"rendered":"Achirus"},"content":{"rendered":"<div style=\"text-align: justify;\">\n<h1>Os <em>Achirus<\/em> Lacep\u00e8de, 1802<\/h1>\n<p>Algumas caracter\u00edsticas do g\u00eanero <em>Achirus<\/em> est\u00e3o indicadas na figura acima.<\/p>\n<p>O g\u00eanero <em>Achirus<\/em> \u00e9 o \u00fanico g\u00eanero da fam\u00edlia <a href=\"http:\/\/nossacasa.net\/nossosriachos\/rios\/achiridae\/\">Achiridae<\/a> representante dos <a href=\"http:\/\/nossacasa.net\/nossosriachos\/rios\/pleuronectiformes\/\">G\u00eaneros<\/a> nas regi\u00f5es dos tabuleiros. <\/p>\n<p>Na regi\u00e3o dos tabuleiros da Mata Atl\u00e2ntica encontramos uma esp\u00e9cie do g\u00eanero <em>Achirus(\/em>: <em><a href=\"http:\/\/nossacasa.net\/nossosriachos\/rios\/achirus-lineatus\/\">Synbranchus marmoratus<\/a><\/em>.<\/p>\n<hr>\n<\/div>\n","protected":false},"excerpt":{"rendered":"<p>Os Achirus Lacep\u00e8de, 1802 Algumas caracter\u00edsticas do g\u00eanero Achirus est\u00e3o indicadas na figura acima. O g\u00eanero Achirus \u00e9 o \u00fanico g\u00eanero da fam\u00edlia Achiridae representante dos G\u00eaneros nas regi\u00f5es dos tabuleiros. Na regi\u00e3o dos tabuleiros da Mata Atl\u00e2ntica encontramos uma &hellip; <a href=\"http:\/\/nossacasa.net\/nossosriachos\/rios\/achirus\/\">Continue lendo <span class=\"meta-nav\">&rarr;<\/span><\/a><\/p>\n","protected":false},"author":1,"featured_media":0,"parent":0,"menu_order":0,"comment_status":"closed","ping_status":"closed","template":"","meta":{"footnotes":""},"class_list":["post-2188","page","type-page","status-publish","hentry"],"_links":{"self":[{"href":"http:\/\/nossacasa.net\/nossosriachos\/rios\/wp-json\/wp\/v2\/pages\/2188","targetHints":{"allow":["GET"]}}],"collection":[{"href":"http:\/\/nossacasa.net\/nossosriachos\/rios\/wp-json\/wp\/v2\/pages"}],"about":[{"href":"http:\/\/nossacasa.net\/nossosriachos\/rios\/wp-json\/wp\/v2\/types\/page"}],"author":[{"embeddable":true,"href":"http:\/\/nossacasa.net\/nossosriachos\/rios\/wp-json\/wp\/v2\/users\/1"}],"replies":[{"embeddable":true,"href":"http:\/\/nossacasa.net\/nossosriachos\/rios\/wp-json\/wp\/v2\/comments?post=2188"}],"version-history":[{"count":3,"href":"http:\/\/nossacasa.net\/nossosriachos\/rios\/wp-json\/wp\/v2\/pages\/2188\/revisions"}],"predecessor-version":[{"id":2193,"href":"http:\/\/nossacasa.net\/nossosriachos\/rios\/wp-json\/wp\/v2\/pages\/2188\/revisions\/2193"}],"wp:attachment":[{"href":"http:\/\/nossacasa.net\/nossosriachos\/rios\/wp-json\/wp\/v2\/media?parent=2188"}],"curies":[{"name":"wp","href":"https:\/\/api.w.org\/{rel}","templated":true}]}}