{"id":2231,"date":"2019-09-13T16:48:49","date_gmt":"2019-09-13T19:48:49","guid":{"rendered":"http:\/\/nossacasa.net\/nossosriachos\/rios\/?page_id=2231"},"modified":"2019-09-13T16:48:49","modified_gmt":"2019-09-13T19:48:49","slug":"paralichthys-brasiliensis","status":"publish","type":"page","link":"http:\/\/nossacasa.net\/nossosriachos\/rios\/paralichthys-brasiliensis\/","title":{"rendered":"Paralichthys brasiliensis"},"content":{"rendered":"<div style=\"text-align: justify;\">\n<h1><em>Paralichthys brasiliensis<\/em> (Ranzani, 1842)<\/h1>\n<p>Algumas caracter\u00edsticas da esp\u00e9cie <em>Paralichthys brasiliensis<\/em> est\u00e3o indicadas na figura acima.<\/p>\n<p>A esp\u00e9cie <em>Paralichthys brasiliensiss<\/em> \u00e9 uma das duas representantes do g\u00eanero <em><a href=\"http:\/\/nossacasa.net\/nossosriachos\/rios\/paralichthys\/\">Paralichthys<\/a><\/em> da fam\u00edlia <a href=\"http:\/\/nossacasa.net\/nossosriachos\/rios\/paralichthyidae\/\">Paralichthyidae<\/a> nas regi\u00f5es dos tabuleiros.\n<\/div>\n","protected":false},"excerpt":{"rendered":"<p>Paralichthys brasiliensis (Ranzani, 1842) Algumas caracter\u00edsticas da esp\u00e9cie Paralichthys brasiliensis est\u00e3o indicadas na figura acima. A esp\u00e9cie Paralichthys brasiliensiss \u00e9 uma das duas representantes do g\u00eanero Paralichthys da fam\u00edlia Paralichthyidae nas regi\u00f5es dos tabuleiros.<\/p>\n","protected":false},"author":1,"featured_media":1601,"parent":0,"menu_order":0,"comment_status":"closed","ping_status":"closed","template":"","meta":{"footnotes":""},"class_list":["post-2231","page","type-page","status-publish","has-post-thumbnail","hentry"],"_links":{"self":[{"href":"http:\/\/nossacasa.net\/nossosriachos\/rios\/wp-json\/wp\/v2\/pages\/2231","targetHints":{"allow":["GET"]}}],"collection":[{"href":"http:\/\/nossacasa.net\/nossosriachos\/rios\/wp-json\/wp\/v2\/pages"}],"about":[{"href":"http:\/\/nossacasa.net\/nossosriachos\/rios\/wp-json\/wp\/v2\/types\/page"}],"author":[{"embeddable":true,"href":"http:\/\/nossacasa.net\/nossosriachos\/rios\/wp-json\/wp\/v2\/users\/1"}],"replies":[{"embeddable":true,"href":"http:\/\/nossacasa.net\/nossosriachos\/rios\/wp-json\/wp\/v2\/comments?post=2231"}],"version-history":[{"count":1,"href":"http:\/\/nossacasa.net\/nossosriachos\/rios\/wp-json\/wp\/v2\/pages\/2231\/revisions"}],"predecessor-version":[{"id":2232,"href":"http:\/\/nossacasa.net\/nossosriachos\/rios\/wp-json\/wp\/v2\/pages\/2231\/revisions\/2232"}],"wp:featuredmedia":[{"embeddable":true,"href":"http:\/\/nossacasa.net\/nossosriachos\/rios\/wp-json\/wp\/v2\/media\/1601"}],"wp:attachment":[{"href":"http:\/\/nossacasa.net\/nossosriachos\/rios\/wp-json\/wp\/v2\/media?parent=2231"}],"curies":[{"name":"wp","href":"https:\/\/api.w.org\/{rel}","templated":true}]}}