{"id":2234,"date":"2019-09-13T16:51:43","date_gmt":"2019-09-13T19:51:43","guid":{"rendered":"http:\/\/nossacasa.net\/nossosriachos\/rios\/?page_id=2234"},"modified":"2019-09-13T16:51:43","modified_gmt":"2019-09-13T19:51:43","slug":"syacium-micrurum","status":"publish","type":"page","link":"http:\/\/nossacasa.net\/nossosriachos\/rios\/syacium-micrurum\/","title":{"rendered":"Syacium micrurum"},"content":{"rendered":"<div style=\"text-align: justify;\">\n<h1><em>Syacium micrurum<\/em> Ranzani, 1842<\/h1>\n<p>Algumas caracter\u00edsticas da esp\u00e9cie <em>Syacium micrurum<\/em> est\u00e3o indicadas na figura acima.<\/p>\n<p>A esp\u00e9cie <em>Syacium micrurum<\/em> \u00e9 a \u00fanica representante do g\u00eanero <em><a href=\"http:\/\/nossacasa.net\/nossosriachos\/rios\/syacium\/\">Syacium<\/a><\/em> da fam\u00edlia <a href=\"http:\/\/nossacasa.net\/nossosriachos\/rios\/paralichthyidae\/\">Paralichthyidae<\/a> nas regi\u00f5es dos tabuleiros.\n<\/div>\n","protected":false},"excerpt":{"rendered":"<p>Syacium micrurum Ranzani, 1842 Algumas caracter\u00edsticas da esp\u00e9cie Syacium micrurum est\u00e3o indicadas na figura acima. A esp\u00e9cie Syacium micrurum \u00e9 a \u00fanica representante do g\u00eanero Syacium da fam\u00edlia Paralichthyidae nas regi\u00f5es dos tabuleiros.<\/p>\n","protected":false},"author":1,"featured_media":1601,"parent":0,"menu_order":0,"comment_status":"closed","ping_status":"closed","template":"","meta":{"footnotes":""},"class_list":["post-2234","page","type-page","status-publish","has-post-thumbnail","hentry"],"_links":{"self":[{"href":"http:\/\/nossacasa.net\/nossosriachos\/rios\/wp-json\/wp\/v2\/pages\/2234","targetHints":{"allow":["GET"]}}],"collection":[{"href":"http:\/\/nossacasa.net\/nossosriachos\/rios\/wp-json\/wp\/v2\/pages"}],"about":[{"href":"http:\/\/nossacasa.net\/nossosriachos\/rios\/wp-json\/wp\/v2\/types\/page"}],"author":[{"embeddable":true,"href":"http:\/\/nossacasa.net\/nossosriachos\/rios\/wp-json\/wp\/v2\/users\/1"}],"replies":[{"embeddable":true,"href":"http:\/\/nossacasa.net\/nossosriachos\/rios\/wp-json\/wp\/v2\/comments?post=2234"}],"version-history":[{"count":1,"href":"http:\/\/nossacasa.net\/nossosriachos\/rios\/wp-json\/wp\/v2\/pages\/2234\/revisions"}],"predecessor-version":[{"id":2237,"href":"http:\/\/nossacasa.net\/nossosriachos\/rios\/wp-json\/wp\/v2\/pages\/2234\/revisions\/2237"}],"wp:featuredmedia":[{"embeddable":true,"href":"http:\/\/nossacasa.net\/nossosriachos\/rios\/wp-json\/wp\/v2\/media\/1601"}],"wp:attachment":[{"href":"http:\/\/nossacasa.net\/nossosriachos\/rios\/wp-json\/wp\/v2\/media?parent=2234"}],"curies":[{"name":"wp","href":"https:\/\/api.w.org\/{rel}","templated":true}]}}