{"id":2235,"date":"2019-09-13T16:50:24","date_gmt":"2019-09-13T19:50:24","guid":{"rendered":"http:\/\/nossacasa.net\/nossosriachos\/rios\/?page_id=2235"},"modified":"2019-09-13T16:51:55","modified_gmt":"2019-09-13T19:51:55","slug":"syacium","status":"publish","type":"page","link":"http:\/\/nossacasa.net\/nossosriachos\/rios\/syacium\/","title":{"rendered":"Syacium"},"content":{"rendered":"<div style=\"text-align: justify;\">\n<h1>Os <em>Syacium<\/em> Ranzani, 1842<\/h1>\n<p>Algumas caracter\u00edsticas do g\u00eanero <em>Syacium<\/em> est\u00e3o indicadas na figura acima.<\/p>\n<p>O g\u00eanero <em>Syacium<\/em> \u00e9 um dos quatro g\u00eaneros da fam\u00edlia <a href=\"http:\/\/nossacasa.net\/nossosriachos\/rios\/paralichthyidae\/\">Paralichthyidae<\/a> representante dos <a href=\"http:\/\/nossacasa.net\/nossosriachos\/rios\/pleuronectiformes\/\"><\/a> nas regi\u00f5es dos tabuleiros. <\/p>\n<p>Na regi\u00e3o dos tabuleiros da Mata Atl\u00e2ntica encontramos uma \u00fanica esp\u00e9cie do g\u00eanero <em>Syacium<\/em>: <em><a href=\"http:\/\/nossacasa.net\/nossosriachos\/rios\/syacium-micrurum\/\">Syacium micrurum<\/a><\/em>.<\/p>\n<hr>\n<\/div>\n","protected":false},"excerpt":{"rendered":"<p>Os Syacium Ranzani, 1842 Algumas caracter\u00edsticas do g\u00eanero Syacium est\u00e3o indicadas na figura acima. O g\u00eanero Syacium \u00e9 um dos quatro g\u00eaneros da fam\u00edlia Paralichthyidae representante dos nas regi\u00f5es dos tabuleiros. Na regi\u00e3o dos tabuleiros da Mata Atl\u00e2ntica encontramos uma &hellip; <a href=\"http:\/\/nossacasa.net\/nossosriachos\/rios\/syacium\/\">Continue lendo <span class=\"meta-nav\">&rarr;<\/span><\/a><\/p>\n","protected":false},"author":1,"featured_media":0,"parent":0,"menu_order":0,"comment_status":"closed","ping_status":"closed","template":"","meta":{"footnotes":""},"class_list":["post-2235","page","type-page","status-publish","hentry"],"_links":{"self":[{"href":"http:\/\/nossacasa.net\/nossosriachos\/rios\/wp-json\/wp\/v2\/pages\/2235","targetHints":{"allow":["GET"]}}],"collection":[{"href":"http:\/\/nossacasa.net\/nossosriachos\/rios\/wp-json\/wp\/v2\/pages"}],"about":[{"href":"http:\/\/nossacasa.net\/nossosriachos\/rios\/wp-json\/wp\/v2\/types\/page"}],"author":[{"embeddable":true,"href":"http:\/\/nossacasa.net\/nossosriachos\/rios\/wp-json\/wp\/v2\/users\/1"}],"replies":[{"embeddable":true,"href":"http:\/\/nossacasa.net\/nossosriachos\/rios\/wp-json\/wp\/v2\/comments?post=2235"}],"version-history":[{"count":2,"href":"http:\/\/nossacasa.net\/nossosriachos\/rios\/wp-json\/wp\/v2\/pages\/2235\/revisions"}],"predecessor-version":[{"id":2238,"href":"http:\/\/nossacasa.net\/nossosriachos\/rios\/wp-json\/wp\/v2\/pages\/2235\/revisions\/2238"}],"wp:attachment":[{"href":"http:\/\/nossacasa.net\/nossosriachos\/rios\/wp-json\/wp\/v2\/media?parent=2235"}],"curies":[{"name":"wp","href":"https:\/\/api.w.org\/{rel}","templated":true}]}}