{"id":2254,"date":"2019-09-13T17:43:47","date_gmt":"2019-09-13T20:43:47","guid":{"rendered":"http:\/\/nossacasa.net\/nossosriachos\/rios\/?page_id=2254"},"modified":"2019-09-13T17:47:47","modified_gmt":"2019-09-13T20:47:47","slug":"centropomus","status":"publish","type":"page","link":"http:\/\/nossacasa.net\/nossosriachos\/rios\/centropomus\/","title":{"rendered":"Centropomus"},"content":{"rendered":"<div style=\"text-align: justify;\">\n<h1>Os <em>Centropomus<\/em> Lacep\u00e8de, 1802<\/h1>\n<p>Algumas caracter\u00edsticas do g\u00eanero <em>Centropomus<\/em> est\u00e3o indicadas na figura acima.<\/p>\n<p>O g\u00eanero <em>Centropomus<\/em> \u00e9 o \u00fanico g\u00eanero da fam\u00edlia <a href=\"http:\/\/nossacasa.net\/nossosriachos\/rios\/centropomidae\/\">Centropomidae<\/a> representante dos <a href=\"http:\/\/nossacasa.net\/nossosriachos\/rios\/perciformes\/\">Perciformes<\/a> nas regi\u00f5es dos tabuleiros. <\/p>\n<p>Na regi\u00e3o dos tabuleiros da Mata Atl\u00e2ntica encontramos duas esp\u00e9cies do g\u00eanero <em>Centropomus<\/em>: <em><a href=\"http:\/\/nossacasa.net\/nossosriachos\/rios\/centropomus-parallelus\/\">Centropomus parallelus<\/a><\/em> e <em><a href=\"http:\/\/nossacasa.net\/nossosriachos\/rios\/centropomus-undecimalis\/\">Centropomus undecimalis<\/a><\/em>.<\/p>\n<hr>\n<\/div>\n","protected":false},"excerpt":{"rendered":"<p>Os Centropomus Lacep\u00e8de, 1802 Algumas caracter\u00edsticas do g\u00eanero Centropomus est\u00e3o indicadas na figura acima. O g\u00eanero Centropomus \u00e9 o \u00fanico g\u00eanero da fam\u00edlia Centropomidae representante dos Perciformes nas regi\u00f5es dos tabuleiros. Na regi\u00e3o dos tabuleiros da Mata Atl\u00e2ntica encontramos duas &hellip; <a href=\"http:\/\/nossacasa.net\/nossosriachos\/rios\/centropomus\/\">Continue lendo <span class=\"meta-nav\">&rarr;<\/span><\/a><\/p>\n","protected":false},"author":1,"featured_media":0,"parent":0,"menu_order":0,"comment_status":"closed","ping_status":"closed","template":"","meta":{"footnotes":""},"class_list":["post-2254","page","type-page","status-publish","hentry"],"_links":{"self":[{"href":"http:\/\/nossacasa.net\/nossosriachos\/rios\/wp-json\/wp\/v2\/pages\/2254","targetHints":{"allow":["GET"]}}],"collection":[{"href":"http:\/\/nossacasa.net\/nossosriachos\/rios\/wp-json\/wp\/v2\/pages"}],"about":[{"href":"http:\/\/nossacasa.net\/nossosriachos\/rios\/wp-json\/wp\/v2\/types\/page"}],"author":[{"embeddable":true,"href":"http:\/\/nossacasa.net\/nossosriachos\/rios\/wp-json\/wp\/v2\/users\/1"}],"replies":[{"embeddable":true,"href":"http:\/\/nossacasa.net\/nossosriachos\/rios\/wp-json\/wp\/v2\/comments?post=2254"}],"version-history":[{"count":3,"href":"http:\/\/nossacasa.net\/nossosriachos\/rios\/wp-json\/wp\/v2\/pages\/2254\/revisions"}],"predecessor-version":[{"id":2261,"href":"http:\/\/nossacasa.net\/nossosriachos\/rios\/wp-json\/wp\/v2\/pages\/2254\/revisions\/2261"}],"wp:attachment":[{"href":"http:\/\/nossacasa.net\/nossosriachos\/rios\/wp-json\/wp\/v2\/media?parent=2254"}],"curies":[{"name":"wp","href":"https:\/\/api.w.org\/{rel}","templated":true}]}}