{"id":23,"date":"2018-02-13T13:46:53","date_gmt":"2018-02-13T15:46:53","guid":{"rendered":"http:\/\/nossacasa.net\/nossosriachos\/rios\/?page_id=23"},"modified":"2018-02-14T15:06:06","modified_gmt":"2018-02-14T17:06:06","slug":"bacia-tocantins-araguaia","status":"publish","type":"page","link":"http:\/\/nossacasa.net\/nossosriachos\/rios\/bacia-tocantins-araguaia\/","title":{"rendered":"Bacia Tocantins-Araguaia"},"content":{"rendered":"<div style=\"text-align:justify\">\n<img loading=\"lazy\" decoding=\"async\" src=\"http:\/\/nossacasa.net\/nossosriachos\/rios\/wp-content\/uploads\/sites\/8\/2018\/02\/Regi\u00f5es_Hidrogr\u00e1ficas_do_Brasil_-_Tocantins-Araguaia-300x296.png\" alt=\"\" width=\"300\" height=\"296\" class=\"aligncenter size-medium wp-image-64\" srcset=\"http:\/\/nossacasa.net\/nossosriachos\/rios\/wp-content\/uploads\/sites\/8\/2018\/02\/Regi\u00f5es_Hidrogr\u00e1ficas_do_Brasil_-_Tocantins-Araguaia-300x296.png 300w, http:\/\/nossacasa.net\/nossosriachos\/rios\/wp-content\/uploads\/sites\/8\/2018\/02\/Regi\u00f5es_Hidrogr\u00e1ficas_do_Brasil_-_Tocantins-Araguaia-304x300.png 304w, http:\/\/nossacasa.net\/nossosriachos\/rios\/wp-content\/uploads\/sites\/8\/2018\/02\/Regi\u00f5es_Hidrogr\u00e1ficas_do_Brasil_-_Tocantins-Araguaia-50x50.png 50w, http:\/\/nossacasa.net\/nossosriachos\/rios\/wp-content\/uploads\/sites\/8\/2018\/02\/Regi\u00f5es_Hidrogr\u00e1ficas_do_Brasil_-_Tocantins-Araguaia.png 589w\" sizes=\"auto, (max-width: 300px) 100vw, 300px\" \/><\/p>\n<p><strong>Regi\u00e3o Hidrogr\u00e1fica do Tocantins\/Araguaia<\/strong><\/p>\n<p>A Regi\u00e3o Hidrogr\u00e1fica do Tocantins\/Araguaia \u00e9 constitu\u00edda pela bacia hidrogr\u00e1fica do rio Tocantins at\u00e9 a sua foz no Oceano Atl\u00e2ntico<\/p>\n<hr>\n<p>Com uma \u00e1rea total de 967.059 km\u00b2, a Bacia Tocantins-Araguaia ocupa 11% do territ\u00f3rio nacional. Grande parte est\u00e1 na Regi\u00e3o Centro-Oeste, nos Estados de Goi\u00e1s, Tocantins, Par\u00e1, Maranh\u00e3o, Mato Grosso e Distrito Federal.<\/p>\n<p>Como o pr\u00f3prio nome diz, os dois principais rios dessa bacia s\u00e3o o Tocantins e o Araguaia. O Tocantins nasce no planalto de Goi\u00e1s, a cerca de 1.000 metros de altitude. Com 1.960 km de extens\u00e3o at\u00e9 sua jun\u00e7\u00e3o com o rio Araguaia, ele tem como principais afluentes (rios menores que des\u00e1guam no rio principal) os rios Bagagem, Tocantinzinho, Paran\u00e3, dos Sonos, Manoel Alves Grande e Farinha (margem direita) e rio Santa Tereza (margem esquerda).<\/p>\n<p>Em seus 2.600 km, o Araguaia abriga a maior ilha fluvial do mundo \u2013 a Ilha do Bananal \u2013 com 350 km de comprimento e 80 km de largura.\n<\/p><\/div>\n<p>Fonte: <a href=\"http:\/\/www.mma.gov.br\/sitio\/index.php?ido=conteudo.monta&#038;idEstrutura=161&#038;idConteudo=9513\" rel=\"noopener\" target=\"_blank\">Plano Nacional de Recursos H\u00eddricos<\/a><\/p>\n","protected":false},"excerpt":{"rendered":"<p>Regi\u00e3o Hidrogr\u00e1fica do Tocantins\/Araguaia A Regi\u00e3o Hidrogr\u00e1fica do Tocantins\/Araguaia \u00e9 constitu\u00edda pela bacia hidrogr\u00e1fica do rio Tocantins at\u00e9 a sua foz no Oceano Atl\u00e2ntico Com uma \u00e1rea total de 967.059 km\u00b2, a Bacia Tocantins-Araguaia ocupa 11% do territ\u00f3rio nacional. Grande &hellip; <a href=\"http:\/\/nossacasa.net\/nossosriachos\/rios\/bacia-tocantins-araguaia\/\">Continue lendo <span class=\"meta-nav\">&rarr;<\/span><\/a><\/p>\n","protected":false},"author":1,"featured_media":64,"parent":0,"menu_order":0,"comment_status":"closed","ping_status":"closed","template":"","meta":{"footnotes":""},"class_list":["post-23","page","type-page","status-publish","has-post-thumbnail","hentry"],"_links":{"self":[{"href":"http:\/\/nossacasa.net\/nossosriachos\/rios\/wp-json\/wp\/v2\/pages\/23","targetHints":{"allow":["GET"]}}],"collection":[{"href":"http:\/\/nossacasa.net\/nossosriachos\/rios\/wp-json\/wp\/v2\/pages"}],"about":[{"href":"http:\/\/nossacasa.net\/nossosriachos\/rios\/wp-json\/wp\/v2\/types\/page"}],"author":[{"embeddable":true,"href":"http:\/\/nossacasa.net\/nossosriachos\/rios\/wp-json\/wp\/v2\/users\/1"}],"replies":[{"embeddable":true,"href":"http:\/\/nossacasa.net\/nossosriachos\/rios\/wp-json\/wp\/v2\/comments?post=23"}],"version-history":[{"count":7,"href":"http:\/\/nossacasa.net\/nossosriachos\/rios\/wp-json\/wp\/v2\/pages\/23\/revisions"}],"predecessor-version":[{"id":111,"href":"http:\/\/nossacasa.net\/nossosriachos\/rios\/wp-json\/wp\/v2\/pages\/23\/revisions\/111"}],"wp:featuredmedia":[{"embeddable":true,"href":"http:\/\/nossacasa.net\/nossosriachos\/rios\/wp-json\/wp\/v2\/media\/64"}],"wp:attachment":[{"href":"http:\/\/nossacasa.net\/nossosriachos\/rios\/wp-json\/wp\/v2\/media?parent=23"}],"curies":[{"name":"wp","href":"https:\/\/api.w.org\/{rel}","templated":true}]}}