{"id":2547,"date":"2019-09-15T13:10:39","date_gmt":"2019-09-15T16:10:39","guid":{"rendered":"http:\/\/nossacasa.net\/nossosriachos\/rios\/?page_id=2547"},"modified":"2019-09-17T17:18:26","modified_gmt":"2019-09-17T20:18:26","slug":"hypomasticus","status":"publish","type":"page","link":"http:\/\/nossacasa.net\/nossosriachos\/rios\/hypomasticus\/","title":{"rendered":"Hypomasticus"},"content":{"rendered":"<div style=\"text-align: justify;\">\n<h1>Os <em>Hypomasticus<\/em> Borodin 19299<\/h1>\n<p><div id=\"attachment_2548\" style=\"width: 810px\" class=\"wp-caption aligncenter\"><img loading=\"lazy\" decoding=\"async\" aria-describedby=\"caption-attachment-2548\" src=\"http:\/\/nossacasa.net\/nossosriachos\/rios\/wp-content\/uploads\/sites\/8\/2019\/09\/Hypomasticus_a.png\" alt=\"\" width=\"800\" height=\"224\" class=\"size-full wp-image-2548\" srcset=\"http:\/\/nossacasa.net\/nossosriachos\/rios\/wp-content\/uploads\/sites\/8\/2019\/09\/Hypomasticus_a.png 800w, http:\/\/nossacasa.net\/nossosriachos\/rios\/wp-content\/uploads\/sites\/8\/2019\/09\/Hypomasticus_a-300x84.png 300w, http:\/\/nossacasa.net\/nossosriachos\/rios\/wp-content\/uploads\/sites\/8\/2019\/09\/Hypomasticus_a-768x215.png 768w, http:\/\/nossacasa.net\/nossosriachos\/rios\/wp-content\/uploads\/sites\/8\/2019\/09\/Hypomasticus_a-500x140.png 500w\" sizes=\"auto, (max-width: 800px) 100vw, 800px\" \/><p id=\"caption-attachment-2548\" class=\"wp-caption-text\">Foto: L. Tonini<\/p><\/div><br \/>\n<div id=\"attachment_2549\" style=\"width: 810px\" class=\"wp-caption aligncenter\"><img loading=\"lazy\" decoding=\"async\" aria-describedby=\"caption-attachment-2549\" src=\"http:\/\/nossacasa.net\/nossosriachos\/rios\/wp-content\/uploads\/sites\/8\/2019\/09\/Hypomasticus_b.png\" alt=\"\" width=\"800\" height=\"687\" class=\"size-full wp-image-2549\" srcset=\"http:\/\/nossacasa.net\/nossosriachos\/rios\/wp-content\/uploads\/sites\/8\/2019\/09\/Hypomasticus_b.png 800w, http:\/\/nossacasa.net\/nossosriachos\/rios\/wp-content\/uploads\/sites\/8\/2019\/09\/Hypomasticus_b-300x258.png 300w, http:\/\/nossacasa.net\/nossosriachos\/rios\/wp-content\/uploads\/sites\/8\/2019\/09\/Hypomasticus_b-768x660.png 768w, http:\/\/nossacasa.net\/nossosriachos\/rios\/wp-content\/uploads\/sites\/8\/2019\/09\/Hypomasticus_b-349x300.png 349w\" sizes=\"auto, (max-width: 800px) 100vw, 800px\" \/><p id=\"caption-attachment-2549\" class=\"wp-caption-text\">Foto: L.M. Sarmento-Soares<\/p><\/div><\/p>\n<p>Algumas caracter\u00edsticas do g\u00eanero <em>Hypomasticus<\/em> est\u00e3o indicadas nas figuras acima.<\/p>\n<p>O g\u00eanero<em> Hypomasticus<\/em> foi nomeado por Sidlauskas &#038; Vari (2008), que desmembraram esp\u00e9cies at\u00e9 ent\u00e3o alocadas entre os <em>Leporinus<\/em>. Uma das caracter\u00edsticas marcantes deste g\u00eanero \u00e9 a posi\u00e7\u00e3o sub-terminal da boca. A boca dirigida para baixo e a redu\u00e7\u00e3o do n\u00famero de dentes em certas esp\u00e9cies s\u00e3o caracter\u00edsticas marcantes deste grupo de peixes. <\/p>\n<p><em>Hypomasticus<\/em> \u00e9 considerado um grupo primitivo, pr\u00f3ximo a <em><a href=\"http:\/\/nossacasa.net\/nossosriachos\/rios\/leporinus\/\">Leporinus<\/a><\/em>, e \u00e9 um dos t\u00eas g\u00eaneros da fam\u00edlia <a href=\"http:\/\/nossacasa.net\/nossosriachos\/rios\/anostomidae\/\">Anostomidae<\/a> representante dos <a href=\"http:\/\/nossacasa.net\/nossosriachos\/rios\/characiformes\/\">Characiformes<\/a> nas regi\u00f5es dos tabuleiros. <\/p>\n<p>Na regi\u00e3o dos tabuleiros da Mata Atl\u00e2ntica s\u00e3o encontradas duas esp\u00e9cies do g\u00eanero <em>Hypomasticuss<\/em>:  <em><a href=\"http:\/\/nossacasa.net\/nossosriachos\/rios\/hypomasticus-mormyrops\/\">Hypomasticus mormyrops<\/a><\/em> e <em><a href=\"http:\/\/nossacasa.net\/nossosriachos\/rios\/hypomasticus-thayeri\/\">Hypomasticus thayeri<\/a><\/em><\/p>\n<hr>\n<p><strong><a href=\"http:\/\/nossacasa.net\/nossosriachos\/rios\/chave-de-hypomasticus\/\">CHAVE DE <em>HYPOMASTICUS<\/em><\/a><\/strong><\/p>\n<hr>\n<\/div>\n","protected":false},"excerpt":{"rendered":"<p>Os Hypomasticus Borodin 19299 Algumas caracter\u00edsticas do g\u00eanero Hypomasticus est\u00e3o indicadas nas figuras acima. O g\u00eanero Hypomasticus foi nomeado por Sidlauskas &#038; Vari (2008), que desmembraram esp\u00e9cies at\u00e9 ent\u00e3o alocadas entre os Leporinus. Uma das caracter\u00edsticas marcantes deste g\u00eanero \u00e9 &hellip; <a href=\"http:\/\/nossacasa.net\/nossosriachos\/rios\/hypomasticus\/\">Continue lendo <span class=\"meta-nav\">&rarr;<\/span><\/a><\/p>\n","protected":false},"author":1,"featured_media":0,"parent":0,"menu_order":0,"comment_status":"closed","ping_status":"closed","template":"","meta":{"footnotes":""},"class_list":["post-2547","page","type-page","status-publish","hentry"],"_links":{"self":[{"href":"http:\/\/nossacasa.net\/nossosriachos\/rios\/wp-json\/wp\/v2\/pages\/2547","targetHints":{"allow":["GET"]}}],"collection":[{"href":"http:\/\/nossacasa.net\/nossosriachos\/rios\/wp-json\/wp\/v2\/pages"}],"about":[{"href":"http:\/\/nossacasa.net\/nossosriachos\/rios\/wp-json\/wp\/v2\/types\/page"}],"author":[{"embeddable":true,"href":"http:\/\/nossacasa.net\/nossosriachos\/rios\/wp-json\/wp\/v2\/users\/1"}],"replies":[{"embeddable":true,"href":"http:\/\/nossacasa.net\/nossosriachos\/rios\/wp-json\/wp\/v2\/comments?post=2547"}],"version-history":[{"count":5,"href":"http:\/\/nossacasa.net\/nossosriachos\/rios\/wp-json\/wp\/v2\/pages\/2547\/revisions"}],"predecessor-version":[{"id":2964,"href":"http:\/\/nossacasa.net\/nossosriachos\/rios\/wp-json\/wp\/v2\/pages\/2547\/revisions\/2964"}],"wp:attachment":[{"href":"http:\/\/nossacasa.net\/nossosriachos\/rios\/wp-json\/wp\/v2\/media?parent=2547"}],"curies":[{"name":"wp","href":"https:\/\/api.w.org\/{rel}","templated":true}]}}