{"id":26,"date":"2018-02-13T13:49:02","date_gmt":"2018-02-13T15:49:02","guid":{"rendered":"http:\/\/nossacasa.net\/nossosriachos\/rios\/?page_id=26"},"modified":"2018-02-14T15:19:40","modified_gmt":"2018-02-14T17:19:40","slug":"bacia-do-paraguai","status":"publish","type":"page","link":"http:\/\/nossacasa.net\/nossosriachos\/rios\/bacia-do-paraguai\/","title":{"rendered":"Bacia do Paraguai"},"content":{"rendered":"<div style=\"text-align:justify\">\n<p><img loading=\"lazy\" decoding=\"async\" src=\"http:\/\/nossacasa.net\/nossosriachos\/rios\/wp-content\/uploads\/sites\/8\/2018\/02\/Bacias_Hidrogr\u00e1ficas_do_Brasil_-_Paraguai-300x296.png\" alt=\"\" width=\"300\" height=\"296\" class=\"aligncenter size-medium wp-image-72\" srcset=\"http:\/\/nossacasa.net\/nossosriachos\/rios\/wp-content\/uploads\/sites\/8\/2018\/02\/Bacias_Hidrogr\u00e1ficas_do_Brasil_-_Paraguai-300x296.png 300w, http:\/\/nossacasa.net\/nossosriachos\/rios\/wp-content\/uploads\/sites\/8\/2018\/02\/Bacias_Hidrogr\u00e1ficas_do_Brasil_-_Paraguai-304x300.png 304w, http:\/\/nossacasa.net\/nossosriachos\/rios\/wp-content\/uploads\/sites\/8\/2018\/02\/Bacias_Hidrogr\u00e1ficas_do_Brasil_-_Paraguai-50x50.png 50w, http:\/\/nossacasa.net\/nossosriachos\/rios\/wp-content\/uploads\/sites\/8\/2018\/02\/Bacias_Hidrogr\u00e1ficas_do_Brasil_-_Paraguai.png 589w\" sizes=\"auto, (max-width: 300px) 100vw, 300px\" \/><\/p>\n<p><strong>Regi\u00e3o Hidrogr\u00e1fica do Paraguai<\/strong><\/p>\n<p>Regi\u00e3o Hidrogr\u00e1fica do Paraguai \u00c9 constitu\u00edda pela bacia hidrogr\u00e1fica do rio Paraguai situada no territ\u00f3rio nacional<\/p>\n<hr>\n<p>O rio Paraguai nasce na Chapada dos Parecis, no Mato Grosso. Ao longo do seu percurso rumo ao sul, recebe v\u00e1rios afluentes importantes como o Cuiab\u00e1, o S\u00e3o Louren\u00e7o, o Taquari, o Miranda e o Negro. Sua bacia hidrogr\u00e1fica abrange uma \u00e1rea de 1.095.000 km\u00b2, sendo 33% no Brasil \u2013 Mato Grosso e Mato Grosso do Sul &#8211; e o restante na Argentina, Bol\u00edvia e Paraguai.<br \/>\nA regi\u00e3o se divide em duas \u00e1reas principais hidrogr\u00e1ficas: Planalto (215.963 km\u00b2), com terras acima de 200 metros de altitude, e Pantanal (147.629 km\u00b2), que s\u00e3o terras abaixo de 200 metros de altitude, com baixa capacidade de drenagem e sujeitas a grandes inunda\u00e7\u00f5es.<\/p>\n<p>Considerado uma das maiores extens\u00f5es \u00famidas cont\u00ednuas do planeta, o Pantanal funciona como um grande reservat\u00f3rio que ret\u00e9m a maior parte da \u00e1gua oriunda do Planalto e regulariza a vaz\u00e3o do rio Paraguai.<\/p>\n<p>A baixa capacidade de drenagem dos rios e lagoas que se formam no Pantanal, juntamente com a influ\u00eancia do clima da regi\u00e3o, faz com que cerca de 60% da \u00e1gua proveniente do Planalto seja perdida por evapora\u00e7\u00e3o.\n<\/p><\/div>\n<p>Fonte:<br \/>\n<a href=\"http:\/\/www.mma.gov.br\/sitio\/index.php?ido=conteudo.monta&#038;idEstrutura=161&#038;idConteudo=9513\" rel=\"noopener\" target=\"_blank\">Plano Nacional de Recursos H\u00eddricos<\/a><\/p>\n","protected":false},"excerpt":{"rendered":"<p>Regi\u00e3o Hidrogr\u00e1fica do Paraguai Regi\u00e3o Hidrogr\u00e1fica do Paraguai \u00c9 constitu\u00edda pela bacia hidrogr\u00e1fica do rio Paraguai situada no territ\u00f3rio nacional O rio Paraguai nasce na Chapada dos Parecis, no Mato Grosso. Ao longo do seu percurso rumo ao sul, recebe &hellip; <a href=\"http:\/\/nossacasa.net\/nossosriachos\/rios\/bacia-do-paraguai\/\">Continue lendo <span class=\"meta-nav\">&rarr;<\/span><\/a><\/p>\n","protected":false},"author":1,"featured_media":72,"parent":0,"menu_order":0,"comment_status":"closed","ping_status":"closed","template":"","meta":{"footnotes":""},"class_list":["post-26","page","type-page","status-publish","has-post-thumbnail","hentry"],"_links":{"self":[{"href":"http:\/\/nossacasa.net\/nossosriachos\/rios\/wp-json\/wp\/v2\/pages\/26","targetHints":{"allow":["GET"]}}],"collection":[{"href":"http:\/\/nossacasa.net\/nossosriachos\/rios\/wp-json\/wp\/v2\/pages"}],"about":[{"href":"http:\/\/nossacasa.net\/nossosriachos\/rios\/wp-json\/wp\/v2\/types\/page"}],"author":[{"embeddable":true,"href":"http:\/\/nossacasa.net\/nossosriachos\/rios\/wp-json\/wp\/v2\/users\/1"}],"replies":[{"embeddable":true,"href":"http:\/\/nossacasa.net\/nossosriachos\/rios\/wp-json\/wp\/v2\/comments?post=26"}],"version-history":[{"count":5,"href":"http:\/\/nossacasa.net\/nossosriachos\/rios\/wp-json\/wp\/v2\/pages\/26\/revisions"}],"predecessor-version":[{"id":126,"href":"http:\/\/nossacasa.net\/nossosriachos\/rios\/wp-json\/wp\/v2\/pages\/26\/revisions\/126"}],"wp:featuredmedia":[{"embeddable":true,"href":"http:\/\/nossacasa.net\/nossosriachos\/rios\/wp-json\/wp\/v2\/media\/72"}],"wp:attachment":[{"href":"http:\/\/nossacasa.net\/nossosriachos\/rios\/wp-json\/wp\/v2\/media?parent=26"}],"curies":[{"name":"wp","href":"https:\/\/api.w.org\/{rel}","templated":true}]}}