{"id":2672,"date":"2019-09-16T15:13:05","date_gmt":"2019-09-16T18:13:05","guid":{"rendered":"http:\/\/nossacasa.net\/nossosriachos\/rios\/?page_id=2672"},"modified":"2019-09-16T15:13:32","modified_gmt":"2019-09-16T18:13:32","slug":"chave-de-achiridae","status":"publish","type":"page","link":"http:\/\/nossacasa.net\/nossosriachos\/rios\/chave-de-achiridae\/","title":{"rendered":"Chave de Achiridae"},"content":{"rendered":"\n<table id=\"tablepress-20\" class=\"tablepress tablepress-id-20 tbody-has-connected-cells\">\n<tbody class=\"row-striping row-hover\">\n<tr class=\"row-1\">\n\t<td colspan=\"4\" class=\"column-1\"><div style=\"text-align: justify;\"><br \/>\n<h1><a href=\"http:\/\/nossacasa.net\/nossosriachos\/rios\/achiridae\/\">ACHIRIDAE<\/a><\/h1><br \/>\n<br \/>\nOs <strong>Achiridae<\/strong> do Tabuleiro s\u00e3o representados por dois g\u00eaneros: <strong><em><a href=\"http:\/\/nossacasa.net\/nossosriachos\/rios\/trinectes\/\">Trinectes<\/a><\/em><\/strong> e <strong><em><a href=\"http:\/\/nossacasa.net\/nossosriachos\/rios\/achirus\/\">Achirus<\/a><\/em><\/strong>.<\/td>\n<\/tr>\n<tr class=\"row-2\">\n\t<td class=\"column-1\"><strong>1A<\/strong><\/td><td class=\"column-2\">Septo que separa uma c\u00e2mara branquial da outra n\u00e3o perfurado.<img loading=\"lazy\" decoding=\"async\" src=\"http:\/\/nossacasa.net\/nossosriachos\/rios\/wp-content\/uploads\/sites\/8\/2019\/09\/Achiridae_1Aa.png\" alt=\"\" width=\"300\" height=\"249\" class=\"aligncenter size-full wp-image-1152\" \/><\/td><td class=\"column-3\"><strong><em><a href=\"http:\/\/nossacasa.net\/nossosriachos\/rios\/trinectes\/\">Trinectes<\/a><\/em><\/strong><\/td><td class=\"column-4\"><img loading=\"lazy\" decoding=\"async\" src=\"http:\/\/nossacasa.net\/nossosriachos\/rios\/wp-content\/uploads\/sites\/8\/2019\/09\/Achiridae_1A.png\" alt=\"\" width=\"800\" height=\"452\" class=\"aligncenter size-full wp-image-1151\" srcset=\"http:\/\/nossacasa.net\/nossosriachos\/rios\/wp-content\/uploads\/sites\/8\/2019\/09\/Achiridae_1A.png 800w, http:\/\/nossacasa.net\/nossosriachos\/rios\/wp-content\/uploads\/sites\/8\/2019\/09\/Achiridae_1A-300x170.png 300w, http:\/\/nossacasa.net\/nossosriachos\/rios\/wp-content\/uploads\/sites\/8\/2019\/09\/Achiridae_1A-768x434.png 768w, http:\/\/nossacasa.net\/nossosriachos\/rios\/wp-content\/uploads\/sites\/8\/2019\/09\/Achiridae_1A-500x283.png 500w\" sizes=\"auto, (max-width: 800px) 100vw, 800px\" \/><\/td>\n<\/tr>\n<tr class=\"row-3\">\n\t<td class=\"column-1\"><strong>1B<\/strong><\/td><td class=\"column-2\">Septo que separa uma c\u00e2mara branquial da outra com orif\u00edcio bem vis\u00edvel.<img loading=\"lazy\" decoding=\"async\" src=\"http:\/\/nossacasa.net\/nossosriachos\/rios\/wp-content\/uploads\/sites\/8\/2019\/09\/Achiridae_1Ba.png\" alt=\"\" width=\"300\" height=\"314\" class=\"aligncenter size-full wp-image-1154\" srcset=\"http:\/\/nossacasa.net\/nossosriachos\/rios\/wp-content\/uploads\/sites\/8\/2019\/09\/Achiridae_1Ba.png 300w, http:\/\/nossacasa.net\/nossosriachos\/rios\/wp-content\/uploads\/sites\/8\/2019\/09\/Achiridae_1Ba-287x300.png 287w\" sizes=\"auto, (max-width: 300px) 100vw, 300px\" \/><\/td><td class=\"column-3\"><strong><em><a href=\"http:\/\/nossacasa.net\/nossosriachos\/rios\/achirus\/\">Achirus<\/a><\/em><\/strong><\/td><td class=\"column-4\"><img loading=\"lazy\" decoding=\"async\" src=\"http:\/\/nossacasa.net\/nossosriachos\/rios\/wp-content\/uploads\/sites\/8\/2019\/09\/Achiridae_1B.png\" alt=\"\" width=\"800\" height=\"594\" class=\"aligncenter size-full wp-image-1153\" srcset=\"http:\/\/nossacasa.net\/nossosriachos\/rios\/wp-content\/uploads\/sites\/8\/2019\/09\/Achiridae_1B.png 800w, http:\/\/nossacasa.net\/nossosriachos\/rios\/wp-content\/uploads\/sites\/8\/2019\/09\/Achiridae_1B-300x223.png 300w, http:\/\/nossacasa.net\/nossosriachos\/rios\/wp-content\/uploads\/sites\/8\/2019\/09\/Achiridae_1B-768x570.png 768w, http:\/\/nossacasa.net\/nossosriachos\/rios\/wp-content\/uploads\/sites\/8\/2019\/09\/Achiridae_1B-404x300.png 404w\" sizes=\"auto, (max-width: 800px) 100vw, 800px\" \/><\/td>\n<\/tr>\n<tr class=\"row-4\">\n\t<td colspan=\"4\" class=\"column-1\"><hr><br \/>\n<strong>Organiza\u00e7\u00e3o:<\/strong> L.M. Sarmento-Soares e R.F. Martins-Pinheiro.<br \/>\n<strong>Adaptada de:<\/strong> Figueiredo &amp; Menezes (2000).<br \/>\n<strong>Imagens:<\/strong> L.M. Sarmento-Soares; Fishbase; Figueiredo &amp; Menezes (2000).<br \/>\n<hr><\/td>\n<\/tr>\n<\/tbody>\n<\/table>\n\n","protected":false},"excerpt":{"rendered":"","protected":false},"author":1,"featured_media":0,"parent":0,"menu_order":0,"comment_status":"closed","ping_status":"closed","template":"template-page-builder-no-header-footer.php","meta":{"footnotes":""},"class_list":["post-2672","page","type-page","status-publish","hentry"],"_links":{"self":[{"href":"http:\/\/nossacasa.net\/nossosriachos\/rios\/wp-json\/wp\/v2\/pages\/2672","targetHints":{"allow":["GET"]}}],"collection":[{"href":"http:\/\/nossacasa.net\/nossosriachos\/rios\/wp-json\/wp\/v2\/pages"}],"about":[{"href":"http:\/\/nossacasa.net\/nossosriachos\/rios\/wp-json\/wp\/v2\/types\/page"}],"author":[{"embeddable":true,"href":"http:\/\/nossacasa.net\/nossosriachos\/rios\/wp-json\/wp\/v2\/users\/1"}],"replies":[{"embeddable":true,"href":"http:\/\/nossacasa.net\/nossosriachos\/rios\/wp-json\/wp\/v2\/comments?post=2672"}],"version-history":[{"count":1,"href":"http:\/\/nossacasa.net\/nossosriachos\/rios\/wp-json\/wp\/v2\/pages\/2672\/revisions"}],"predecessor-version":[{"id":2673,"href":"http:\/\/nossacasa.net\/nossosriachos\/rios\/wp-json\/wp\/v2\/pages\/2672\/revisions\/2673"}],"wp:attachment":[{"href":"http:\/\/nossacasa.net\/nossosriachos\/rios\/wp-json\/wp\/v2\/media?parent=2672"}],"curies":[{"name":"wp","href":"https:\/\/api.w.org\/{rel}","templated":true}]}}