{"id":2702,"date":"2019-09-16T15:50:04","date_gmt":"2019-09-16T18:50:04","guid":{"rendered":"http:\/\/nossacasa.net\/nossosriachos\/rios\/?page_id=2702"},"modified":"2019-09-16T16:00:54","modified_gmt":"2019-09-16T19:00:54","slug":"chave-de-auchenipteridae","status":"publish","type":"page","link":"http:\/\/nossacasa.net\/nossosriachos\/rios\/chave-de-auchenipteridae\/","title":{"rendered":"Chave de Auchenipteridae"},"content":{"rendered":"\n<table id=\"tablepress-23\" class=\"tablepress tablepress-id-23 tbody-has-connected-cells\">\n<tbody class=\"row-striping row-hover\">\n<tr class=\"row-1\">\n\t<td colspan=\"4\" class=\"column-1\"><h1><a href=\"http:\/\/nossacasa.net\/nossosriachos\/rios\/auchenipteridae\/\">AUCHENIPTERIDAE<\/a><\/h1><br \/>\nOs <strong><a href=\"http:\/\/nossacasa.net\/nossosriachos\/rios\/auchenipteridae\/\">Auchenipteridae<\/a><\/strong> do Tabuleiro s\u00e3o representados por tr\u00eas g\u00eanero: <strong><em><a href=\"http:\/\/nossacasa.net\/nossosriachos\/rios\/glanidium\/\">Glanidium<\/a><\/em><\/strong>, <strong><em><a href=\"http:\/\/nossacasa.net\/nossosriachos\/rios\/pseudauchenipterus\/\">Pseudauchenipterus<\/a><\/em><\/strong> e <strong><em><a href=\"http:\/\/nossacasa.net\/nossosriachos\/rios\/trachelyopterus\/\">Trachelyopterus<\/a><\/em><\/strong>.  <\/td>\n<\/tr>\n<tr class=\"row-2\">\n\t<td class=\"column-1\"><strong>1A<\/strong><\/td><td class=\"column-2\">Raios da nadadeira anal de machos sexualmente maduros orientados ventralmente, em posi\u00e7\u00e3o obl\u00edqua ao eixo longitudinal do corpo; <br \/>\npapila urogenital de machos sexualmente maduros emergindo a partir de tubo, que acompanha os raios anais anteriores com abertura na extremidade distal da nadadeira; <br \/>\nnadadeira anal longa, com mais de 15 raios ramificados.<\/td><td class=\"column-3\"><strong><a href=\"#2\">2<\/a><\/strong><br \/>\nAuchenipterinae<\/td><td class=\"column-4\"><\/td>\n<\/tr>\n<tr class=\"row-3\">\n\t<td class=\"column-1\"><strong>1B<\/strong><\/td><td class=\"column-2\">Raios da nadadeira anal de machos sexualmente maduros orientados posteriormente, em posi\u00e7\u00e3o quase paralela ao eixo longitudinal do corpo;<br \/>\npapila urogenital de machos sexualmente maduros emergindo a partir de dobra de pele, junto a origem da nadadeira anal; <br \/>\nnadadeira anal curta, com menos de 8 raios ramificados.<\/td><td class=\"column-3\"><strong><em><a href=\"http:\/\/nossacasa.net\/nossosriachos\/rios\/glanidium\/\">Glanidium<\/a><\/em><\/strong><\/td><td class=\"column-4\"><img loading=\"lazy\" decoding=\"async\" src=\"http:\/\/nossacasa.net\/nossosriachos\/rios\/wp-content\/uploads\/sites\/8\/2019\/08\/Auchenipteridae_1B.png\" alt=\"\" width=\"400\" height=\"141\" class=\"aligncenter size-full wp-image-880\" srcset=\"http:\/\/nossacasa.net\/nossosriachos\/rios\/wp-content\/uploads\/sites\/8\/2019\/08\/Auchenipteridae_1B.png 800w, http:\/\/nossacasa.net\/nossosriachos\/rios\/wp-content\/uploads\/sites\/8\/2019\/08\/Auchenipteridae_1B-300x106.png 300w, http:\/\/nossacasa.net\/nossosriachos\/rios\/wp-content\/uploads\/sites\/8\/2019\/08\/Auchenipteridae_1B-768x271.png 768w, http:\/\/nossacasa.net\/nossosriachos\/rios\/wp-content\/uploads\/sites\/8\/2019\/08\/Auchenipteridae_1B-500x176.png 500w\" sizes=\"auto, (max-width: 400px) 100vw, 400px\" \/><\/td>\n<\/tr>\n<tr class=\"row-4\">\n\t<td class=\"column-1\"><strong id=\"2\">2A<\/strong><\/td><td class=\"column-2\">Processo umeral curto, n\u00e3o alcan\u00e7a vertical da origem da dorsal; <br \/>\nnadadeira anal com 17-25 raios; <br \/>\nnadadeira p\u00e9lvica com 7 raios ramificados; <br \/>\nac\u00faleo peitoral serrilhado apenas no bordo posterior; <br \/>\npapilas d\u00e9rmicas na regi\u00e3o humeral; <br \/>\nnadadeira caudal bifurcada; <br \/>\ntoler\u00e2ncia a altas taxas de salinidade.<\/td><td class=\"column-3\"><strong><em><a href=\"http:\/\/nossacasa.net\/nossosriachos\/rios\/pseudauchenipterus\/\">Pseudauchenipterus<\/a><\/em><\/strong><\/td><td class=\"column-4\"><img loading=\"lazy\" decoding=\"async\" src=\"http:\/\/nossacasa.net\/nossosriachos\/rios\/wp-content\/uploads\/sites\/8\/2019\/08\/Auchenipteridae_2A.png\" alt=\"\" width=\"400\" height=\"121\" class=\"aligncenter size-full wp-image-881\" srcset=\"http:\/\/nossacasa.net\/nossosriachos\/rios\/wp-content\/uploads\/sites\/8\/2019\/08\/Auchenipteridae_2A.png 800w, http:\/\/nossacasa.net\/nossosriachos\/rios\/wp-content\/uploads\/sites\/8\/2019\/08\/Auchenipteridae_2A-300x91.png 300w, http:\/\/nossacasa.net\/nossosriachos\/rios\/wp-content\/uploads\/sites\/8\/2019\/08\/Auchenipteridae_2A-768x232.png 768w, http:\/\/nossacasa.net\/nossosriachos\/rios\/wp-content\/uploads\/sites\/8\/2019\/08\/Auchenipteridae_2A-500x151.png 500w\" sizes=\"auto, (max-width: 400px) 100vw, 400px\" \/><\/td>\n<\/tr>\n<tr class=\"row-5\">\n\t<td class=\"column-1\"><strong>2B<\/strong><\/td><td class=\"column-2\">Processo umeral curto; nadadeira anal com 17-40 raio; <br \/>\nnadadeira p\u00e9lvica com 6 raios ramificados; <br \/>\nac\u00faleo peitoral serrilhado nos bordos anterior e posterior; <br \/>\nsem papilas d\u00e9rmicas na regi\u00e3o humeral; <br \/>\nnadadeira caudal emarginada; intolerantes a salinidade elevada.<\/td><td class=\"column-3\"><strong><em><a href=\"http:\/\/nossacasa.net\/nossosriachos\/rios\/trachelyopterus\/\">Trachelyopterus<\/a><\/em><\/strong><\/td><td class=\"column-4\"><img loading=\"lazy\" decoding=\"async\" src=\"http:\/\/nossacasa.net\/nossosriachos\/rios\/wp-content\/uploads\/sites\/8\/2019\/08\/Auchenipteridae_2B.png\" alt=\"\" width=\"400\" height=\"117\" class=\"aligncenter size-full wp-image-882\" \/><\/td>\n<\/tr>\n<tr class=\"row-6\">\n\t<td colspan=\"4\" class=\"column-1\"><hr><br \/>\n<strong>Organiza\u00e7\u00e3o:<\/strong> L.M. Sarmento-Soares e R.F. Martins-Pinheiro.<br \/>\n<strong>Imagens<\/strong>: T. C. Pesali e L.M. Sarmento-Soares.<br \/>\n<hr><\/td>\n<\/tr>\n<\/tbody>\n<\/table>\n\n","protected":false},"excerpt":{"rendered":"","protected":false},"author":1,"featured_media":0,"parent":0,"menu_order":0,"comment_status":"closed","ping_status":"closed","template":"template-page-builder-no-header-footer.php","meta":{"footnotes":""},"class_list":["post-2702","page","type-page","status-publish","hentry"],"_links":{"self":[{"href":"http:\/\/nossacasa.net\/nossosriachos\/rios\/wp-json\/wp\/v2\/pages\/2702","targetHints":{"allow":["GET"]}}],"collection":[{"href":"http:\/\/nossacasa.net\/nossosriachos\/rios\/wp-json\/wp\/v2\/pages"}],"about":[{"href":"http:\/\/nossacasa.net\/nossosriachos\/rios\/wp-json\/wp\/v2\/types\/page"}],"author":[{"embeddable":true,"href":"http:\/\/nossacasa.net\/nossosriachos\/rios\/wp-json\/wp\/v2\/users\/1"}],"replies":[{"embeddable":true,"href":"http:\/\/nossacasa.net\/nossosriachos\/rios\/wp-json\/wp\/v2\/comments?post=2702"}],"version-history":[{"count":2,"href":"http:\/\/nossacasa.net\/nossosriachos\/rios\/wp-json\/wp\/v2\/pages\/2702\/revisions"}],"predecessor-version":[{"id":2707,"href":"http:\/\/nossacasa.net\/nossosriachos\/rios\/wp-json\/wp\/v2\/pages\/2702\/revisions\/2707"}],"wp:attachment":[{"href":"http:\/\/nossacasa.net\/nossosriachos\/rios\/wp-json\/wp\/v2\/media?parent=2702"}],"curies":[{"name":"wp","href":"https:\/\/api.w.org\/{rel}","templated":true}]}}