{"id":2734,"date":"2019-09-16T17:34:59","date_gmt":"2019-09-16T20:34:59","guid":{"rendered":"http:\/\/nossacasa.net\/nossosriachos\/rios\/?page_id=2734"},"modified":"2019-09-16T17:44:08","modified_gmt":"2019-09-16T20:44:08","slug":"chave-de-characidae","status":"publish","type":"page","link":"http:\/\/nossacasa.net\/nossosriachos\/rios\/chave-de-characidae\/","title":{"rendered":"Chave de Characidae"},"content":{"rendered":"\n<table id=\"tablepress-27\" class=\"tablepress tablepress-id-27 tbody-has-connected-cells\">\n<tbody class=\"row-striping row-hover\">\n<tr class=\"row-1\">\n\t<td colspan=\"4\" class=\"column-1\"><h1><a href=\"http:\/\/nossacasa.net\/nossosriachos\/rios\/characidae\/\">CHARACIDAE<\/a><\/h1><br \/>\nOs <strong><a href=\"http:\/\/nossacasa.net\/nossosriachos\/rios\/characidae\/\">Characidae<\/a><\/strong> do Tabuleiro s\u00e3o representados por sete g\u00eaneros: <strong><em><a href=\"http:\/\/nossacasa.net\/nossosriachos\/rios\/astyanax\/\">Astyanax<\/a><\/em><\/strong>, <strong><em><a href=\"http:\/\/nossacasa.net\/nossosriachos\/rios\/hyphessobrycon\/\">Hyphessobrycon<\/a><\/em><\/strong>, <strong><em><a href=\"http:\/\/nossacasa.net\/nossosriachos\/rios\/knodus\/\">Knodus<\/a><\/em><\/strong>, <strong><em><a href=\"http:\/\/nossacasa.net\/nossosriachos\/rios\/mimagoniates\/\">Mimagoniates<\/a><\/em><\/strong>, <strong><em><a href=\"http:\/\/nossacasa.net\/nossosriachos\/rios\/moenkhausia\/\">Moenkhausia<\/a><\/em><\/strong>, <strong><em><a href=\"http:\/\/nossacasa.net\/nossosriachos\/rios\/oligosarcus\/\">Oligosarcus<\/a><\/em><\/strong>, <strong><em><a href=\"http:\/\/nossacasa.net\/nossosriachos\/rios\/rachoviscus\/\">Rachoviscus<\/a><\/em><\/strong> e <strong><em><a href=\"http:\/\/nossacasa.net\/nossosriachos\/rios\/serrapinnus\/\">Serrapinnus<\/a><\/em><\/strong>.<\/td>\n<\/tr>\n<tr class=\"row-2\">\n\t<td class=\"column-1\"><strong>1A<\/strong><\/td><td class=\"column-2\">Pr\u00e9-maxilar e dent\u00e1rio com uma \u00fanica s\u00e9rie de dentes;<br \/>\nmaxilas providas de 8 ou mais pequenos dentes cuspidados;<br \/>\npseudot\u00edmpano presente, em formato triangular (pseudot\u00edmpano \u00e9 uma \u00e1rea de pele fina, atr\u00e1s da cabe\u00e7a e pouco acima da linha lateral que permite a passagem sonora at\u00e9 a bexiga natat\u00f3ria).<\/td><td class=\"column-3\"><strong><em><a href=\"http:\/\/nossacasa.net\/nossosriachos\/rios\/serrapinnus\/\">Serrapinnus<\/a><\/em><\/strong><\/td><td class=\"column-4\"><img loading=\"lazy\" decoding=\"async\" src=\"http:\/\/nossacasa.net\/nossosriachos\/rios\/wp-content\/uploads\/sites\/8\/2019\/08\/Characidae_1A.png\" alt=\"\" width=\"800\" height=\"497\" class=\"aligncenter size-full wp-image-693\" srcset=\"http:\/\/nossacasa.net\/nossosriachos\/rios\/wp-content\/uploads\/sites\/8\/2019\/08\/Characidae_1A.png 800w, http:\/\/nossacasa.net\/nossosriachos\/rios\/wp-content\/uploads\/sites\/8\/2019\/08\/Characidae_1A-300x186.png 300w, http:\/\/nossacasa.net\/nossosriachos\/rios\/wp-content\/uploads\/sites\/8\/2019\/08\/Characidae_1A-768x477.png 768w, http:\/\/nossacasa.net\/nossosriachos\/rios\/wp-content\/uploads\/sites\/8\/2019\/08\/Characidae_1A-483x300.png 483w\" sizes=\"auto, (max-width: 800px) 100vw, 800px\" \/><\/td>\n<\/tr>\n<tr class=\"row-3\">\n\t<td class=\"column-1\"><strong>1B<\/strong><\/td><td class=\"column-2\">Pr\u00e9-maxilar com duas s\u00e9ries de dentes (externa e interna);<br \/>\ncada maxila provida de 8 ou menos dentes incisivos fortes;<br \/>\npseudot\u00edmpano ausente (n\u00e3o confundir pseudot\u00edmpano com mancha humeral. A mancha humeral \u00e9 uma \u00e1rea pigmentada atr\u00e1s da cabe\u00e7a e pouco acima da linha lateral).<\/td><td class=\"column-3\"><strong><a href=\"#2\">2<\/a><\/strong><\/td><td class=\"column-4\"><img loading=\"lazy\" decoding=\"async\" src=\"http:\/\/nossacasa.net\/nossosriachos\/rios\/wp-content\/uploads\/sites\/8\/2019\/08\/Characidae_1B.png\" alt=\"\" width=\"800\" height=\"253\" class=\"aligncenter size-full wp-image-714\" srcset=\"http:\/\/nossacasa.net\/nossosriachos\/rios\/wp-content\/uploads\/sites\/8\/2019\/08\/Characidae_1B.png 800w, http:\/\/nossacasa.net\/nossosriachos\/rios\/wp-content\/uploads\/sites\/8\/2019\/08\/Characidae_1B-300x95.png 300w, http:\/\/nossacasa.net\/nossosriachos\/rios\/wp-content\/uploads\/sites\/8\/2019\/08\/Characidae_1B-768x243.png 768w, http:\/\/nossacasa.net\/nossosriachos\/rios\/wp-content\/uploads\/sites\/8\/2019\/08\/Characidae_1B-500x158.png 500w\" sizes=\"auto, (max-width: 800px) 100vw, 800px\" \/><\/td>\n<\/tr>\n<tr class=\"row-4\">\n\t<td class=\"column-1\"><strong id=\"2\">2A<\/strong><\/td><td class=\"column-2\">Premaxilar com apenas 4 dentes na s\u00e9rie interna;<br \/>\nosso infraorbital 3 geralmente extendendo-se at\u00e9 a superf\u00edcie externa do preop\u00e9rculo.<\/td><td class=\"column-3\"><strong><a href=\"#3\">3<\/a><\/strong><\/td><td class=\"column-4\"><img loading=\"lazy\" decoding=\"async\" src=\"http:\/\/nossacasa.net\/nossosriachos\/rios\/wp-content\/uploads\/sites\/8\/2019\/08\/Characidae_2A.png\" alt=\"\" width=\"800\" height=\"526\" class=\"aligncenter size-full wp-image-717\" srcset=\"http:\/\/nossacasa.net\/nossosriachos\/rios\/wp-content\/uploads\/sites\/8\/2019\/08\/Characidae_2A.png 800w, http:\/\/nossacasa.net\/nossosriachos\/rios\/wp-content\/uploads\/sites\/8\/2019\/08\/Characidae_2A-300x197.png 300w, http:\/\/nossacasa.net\/nossosriachos\/rios\/wp-content\/uploads\/sites\/8\/2019\/08\/Characidae_2A-768x505.png 768w, http:\/\/nossacasa.net\/nossosriachos\/rios\/wp-content\/uploads\/sites\/8\/2019\/08\/Characidae_2A-456x300.png 456w\" sizes=\"auto, (max-width: 800px) 100vw, 800px\" \/><\/td>\n<\/tr>\n<tr class=\"row-5\">\n\t<td class=\"column-1\"><strong>2B<\/strong><\/td><td class=\"column-2\">Premaxilar com mais de 4 dentes na s\u00e9rie interna;<br \/>\nosso infraorbital 3 geralmente separado do preop\u00e9rculo por uma \u00e1rea de pele nua (seta).<\/td><td class=\"column-3\"><strong><a href=\"#4\">4<\/a><\/strong><\/td><td class=\"column-4\"><img loading=\"lazy\" decoding=\"async\" src=\"http:\/\/nossacasa.net\/nossosriachos\/rios\/wp-content\/uploads\/sites\/8\/2019\/08\/Characidae_2B.png\" alt=\"\" width=\"800\" height=\"637\" class=\"aligncenter size-full wp-image-697\" srcset=\"http:\/\/nossacasa.net\/nossosriachos\/rios\/wp-content\/uploads\/sites\/8\/2019\/08\/Characidae_2B.png 800w, http:\/\/nossacasa.net\/nossosriachos\/rios\/wp-content\/uploads\/sites\/8\/2019\/08\/Characidae_2B-300x239.png 300w, http:\/\/nossacasa.net\/nossosriachos\/rios\/wp-content\/uploads\/sites\/8\/2019\/08\/Characidae_2B-768x612.png 768w, http:\/\/nossacasa.net\/nossosriachos\/rios\/wp-content\/uploads\/sites\/8\/2019\/08\/Characidae_2B-377x300.png 377w\" sizes=\"auto, (max-width: 800px) 100vw, 800px\" \/><\/td>\n<\/tr>\n<tr class=\"row-6\">\n\t<td class=\"column-1\"><strong id=\"3\">3A<\/strong><\/td><td class=\"column-2\">Nadadeira caudal nua;<br \/>\nmancha humeral ausente;<br \/>\nmacho com gl\u00e2ndula na base da cauda, que secreta ferorm\u00f4nio esbranqui\u00e7ado.<\/td><td class=\"column-3\"><strong><em><a href=\"http:\/\/nossacasa.net\/nossosriachos\/rios\/mimagoniates\/\">Mimagoniates<\/a><\/em><\/strong><\/td><td class=\"column-4\"><img loading=\"lazy\" decoding=\"async\" src=\"http:\/\/nossacasa.net\/nossosriachos\/rios\/wp-content\/uploads\/sites\/8\/2019\/08\/Characidae_3A.png\" alt=\"\" width=\"800\" height=\"203\" class=\"aligncenter size-full wp-image-720\" srcset=\"http:\/\/nossacasa.net\/nossosriachos\/rios\/wp-content\/uploads\/sites\/8\/2019\/08\/Characidae_3A.png 800w, http:\/\/nossacasa.net\/nossosriachos\/rios\/wp-content\/uploads\/sites\/8\/2019\/08\/Characidae_3A-300x76.png 300w, http:\/\/nossacasa.net\/nossosriachos\/rios\/wp-content\/uploads\/sites\/8\/2019\/08\/Characidae_3A-768x195.png 768w, http:\/\/nossacasa.net\/nossosriachos\/rios\/wp-content\/uploads\/sites\/8\/2019\/08\/Characidae_3A-500x127.png 500w\" sizes=\"auto, (max-width: 800px) 100vw, 800px\" \/><\/td>\n<\/tr>\n<tr class=\"row-7\">\n\t<td class=\"column-1\"><strong>3B<\/strong><\/td><td class=\"column-2\">Nadadeira caudal escamada na base;<br \/>\nmancha humeral presente, verticalmente alongada, as vezes esmaecida;<br \/>\nmacho sem gl\u00e2ndula caudal.<\/td><td class=\"column-3\"><strong><em><a href=\"http:\/\/nossacasa.net\/nossosriachos\/rios\/knodus\/\">Knodus<\/a><\/em><\/strong><\/td><td class=\"column-4\"><img loading=\"lazy\" decoding=\"async\" src=\"http:\/\/nossacasa.net\/nossosriachos\/rios\/wp-content\/uploads\/sites\/8\/2019\/08\/Characidae_3B.png\" alt=\"\" width=\"800\" height=\"234\" class=\"aligncenter size-full wp-image-721\" srcset=\"http:\/\/nossacasa.net\/nossosriachos\/rios\/wp-content\/uploads\/sites\/8\/2019\/08\/Characidae_3B.png 800w, http:\/\/nossacasa.net\/nossosriachos\/rios\/wp-content\/uploads\/sites\/8\/2019\/08\/Characidae_3B-300x88.png 300w, http:\/\/nossacasa.net\/nossosriachos\/rios\/wp-content\/uploads\/sites\/8\/2019\/08\/Characidae_3B-768x225.png 768w, http:\/\/nossacasa.net\/nossosriachos\/rios\/wp-content\/uploads\/sites\/8\/2019\/08\/Characidae_3B-500x146.png 500w\" sizes=\"auto, (max-width: 800px) 100vw, 800px\" \/><\/td>\n<\/tr>\n<tr class=\"row-8\">\n\t<td class=\"column-1\"><strong id=\"4\">4A<\/strong><\/td><td class=\"column-2\">Dentes no premaxilar n\u00e3o alinhados;<br \/>\nnadadeira p\u00e9lvica com 6 ou menos raios ramificados;<br \/>\np\u00e9lvica com ganchos nos raios ramificados anteriores.<\/td><td class=\"column-3\"><strong><em><a href=\"http:\/\/nossacasa.net\/nossosriachos\/rios\/rachoviscus\/\">Rachoviscus<\/a><\/em><\/strong><\/td><td class=\"column-4\"><img loading=\"lazy\" decoding=\"async\" src=\"http:\/\/nossacasa.net\/nossosriachos\/rios\/wp-content\/uploads\/sites\/8\/2019\/08\/Characidae_4A.png\" alt=\"\" width=\"800\" height=\"288\" class=\"aligncenter size-full wp-image-722\" srcset=\"http:\/\/nossacasa.net\/nossosriachos\/rios\/wp-content\/uploads\/sites\/8\/2019\/08\/Characidae_4A.png 800w, http:\/\/nossacasa.net\/nossosriachos\/rios\/wp-content\/uploads\/sites\/8\/2019\/08\/Characidae_4A-300x108.png 300w, http:\/\/nossacasa.net\/nossosriachos\/rios\/wp-content\/uploads\/sites\/8\/2019\/08\/Characidae_4A-768x276.png 768w, http:\/\/nossacasa.net\/nossosriachos\/rios\/wp-content\/uploads\/sites\/8\/2019\/08\/Characidae_4A-500x180.png 500w\" sizes=\"auto, (max-width: 800px) 100vw, 800px\" \/><\/td>\n<\/tr>\n<tr class=\"row-9\">\n\t<td class=\"column-1\"><strong>4B<\/strong><\/td><td class=\"column-2\">Dentes no premaxilar alinhados;<br \/>\nnadadeira p\u00e9lvica com 6 ou 7 raios ramificados;<br \/>\np\u00e9lvica sem ganchos nos raios ramificados anteriores.<\/td><td class=\"column-3\"><strong><a href=\"#5\">5<\/a><\/strong><\/td><td class=\"column-4\"><\/td>\n<\/tr>\n<tr class=\"row-10\">\n\t<td class=\"column-1\"><strong id=\"5\">5A<\/strong><\/td><td class=\"column-2\">Corpo alto, altura do corpo quase a metade no comprimento padr\u00e3o;<br \/>\nlinha lateral formando suave curva descendente anteriormente.<\/td><td class=\"column-3\"><strong><em><a href=\"http:\/\/nossacasa.net\/nossosriachos\/rios\/moenkhausia\/\">Moenkhausia<\/a><\/em><\/strong><\/td><td class=\"column-4\"><img loading=\"lazy\" decoding=\"async\" src=\"http:\/\/nossacasa.net\/nossosriachos\/rios\/wp-content\/uploads\/sites\/8\/2019\/08\/Characidae_5A.png\" alt=\"\" width=\"800\" height=\"415\" class=\"aligncenter size-full wp-image-723\" srcset=\"http:\/\/nossacasa.net\/nossosriachos\/rios\/wp-content\/uploads\/sites\/8\/2019\/08\/Characidae_5A.png 800w, http:\/\/nossacasa.net\/nossosriachos\/rios\/wp-content\/uploads\/sites\/8\/2019\/08\/Characidae_5A-300x156.png 300w, http:\/\/nossacasa.net\/nossosriachos\/rios\/wp-content\/uploads\/sites\/8\/2019\/08\/Characidae_5A-768x398.png 768w, http:\/\/nossacasa.net\/nossosriachos\/rios\/wp-content\/uploads\/sites\/8\/2019\/08\/Characidae_5A-500x259.png 500w\" sizes=\"auto, (max-width: 800px) 100vw, 800px\" \/><\/td>\n<\/tr>\n<tr class=\"row-11\">\n\t<td class=\"column-1\"><strong>5B<\/strong><\/td><td class=\"column-2\">Corpo mais baixo, altura do corpo n\u00e3o chega perto da metade no comprimento padr\u00e3o;<br \/>\nlinha lateral aproximadamente reta.<\/td><td class=\"column-3\"><strong><a href=\"#6\">6<\/a><\/strong><\/td><td class=\"column-4\"><img loading=\"lazy\" decoding=\"async\" src=\"http:\/\/nossacasa.net\/nossosriachos\/rios\/wp-content\/uploads\/sites\/8\/2019\/08\/Characidae_5B.png\" alt=\"\" width=\"800\" height=\"314\" class=\"aligncenter size-full wp-image-727\" srcset=\"http:\/\/nossacasa.net\/nossosriachos\/rios\/wp-content\/uploads\/sites\/8\/2019\/08\/Characidae_5B.png 800w, http:\/\/nossacasa.net\/nossosriachos\/rios\/wp-content\/uploads\/sites\/8\/2019\/08\/Characidae_5B-300x118.png 300w, http:\/\/nossacasa.net\/nossosriachos\/rios\/wp-content\/uploads\/sites\/8\/2019\/08\/Characidae_5B-768x301.png 768w, http:\/\/nossacasa.net\/nossosriachos\/rios\/wp-content\/uploads\/sites\/8\/2019\/08\/Characidae_5B-500x196.png 500w\" sizes=\"auto, (max-width: 800px) 100vw, 800px\" \/><\/td>\n<\/tr>\n<tr class=\"row-12\">\n\t<td class=\"column-1\"><strong id=\"6\">6A<\/strong><\/td><td class=\"column-2\">Somente dentes c\u00f4nicos no premaxilar, maxilar e dent\u00e1rio.<\/td><td class=\"column-3\"><strong><em><a href=\"http:\/\/nossacasa.net\/nossosriachos\/rios\/oligosarcus\/\">Oligosarcus<\/a><\/em><\/strong><\/td><td class=\"column-4\"><img loading=\"lazy\" decoding=\"async\" src=\"http:\/\/nossacasa.net\/nossosriachos\/rios\/wp-content\/uploads\/sites\/8\/2019\/08\/Characidae_6A.png\" alt=\"\" width=\"800\" height=\"198\" class=\"aligncenter size-full wp-image-728\" srcset=\"http:\/\/nossacasa.net\/nossosriachos\/rios\/wp-content\/uploads\/sites\/8\/2019\/08\/Characidae_6A.png 800w, http:\/\/nossacasa.net\/nossosriachos\/rios\/wp-content\/uploads\/sites\/8\/2019\/08\/Characidae_6A-300x74.png 300w, http:\/\/nossacasa.net\/nossosriachos\/rios\/wp-content\/uploads\/sites\/8\/2019\/08\/Characidae_6A-768x190.png 768w, http:\/\/nossacasa.net\/nossosriachos\/rios\/wp-content\/uploads\/sites\/8\/2019\/08\/Characidae_6A-500x124.png 500w\" sizes=\"auto, (max-width: 800px) 100vw, 800px\" \/><\/td>\n<\/tr>\n<tr class=\"row-13\">\n\t<td class=\"column-1\"><strong>6B<\/strong><\/td><td class=\"column-2\">A maioria dos dentes no premaxilar, maxilar e dent\u00e1rio cuspidados.<\/td><td class=\"column-3\"><strong><a href=\"#7\">7<\/a><\/strong><\/td><td class=\"column-4\"><img loading=\"lazy\" decoding=\"async\" src=\"http:\/\/nossacasa.net\/nossosriachos\/rios\/wp-content\/uploads\/sites\/8\/2019\/08\/Characidae_6B.png\" alt=\"\" width=\"800\" height=\"602\" class=\"aligncenter size-full wp-image-729\" srcset=\"http:\/\/nossacasa.net\/nossosriachos\/rios\/wp-content\/uploads\/sites\/8\/2019\/08\/Characidae_6B.png 800w, http:\/\/nossacasa.net\/nossosriachos\/rios\/wp-content\/uploads\/sites\/8\/2019\/08\/Characidae_6B-300x226.png 300w, http:\/\/nossacasa.net\/nossosriachos\/rios\/wp-content\/uploads\/sites\/8\/2019\/08\/Characidae_6B-768x578.png 768w, http:\/\/nossacasa.net\/nossosriachos\/rios\/wp-content\/uploads\/sites\/8\/2019\/08\/Characidae_6B-399x300.png 399w\" sizes=\"auto, (max-width: 800px) 100vw, 800px\" \/><\/td>\n<\/tr>\n<tr class=\"row-14\">\n\t<td class=\"column-1\"><strong id=\"7\">7A<\/strong><\/td><td class=\"column-2\">Linha lateral incompleta.<\/td><td class=\"column-3\"><strong><em><a href=\"http:\/\/nossacasa.net\/nossosriachos\/rios\/hyphessobrycon\/\">Hyphessobrycon<\/a><\/em><\/strong><\/td><td class=\"column-4\"><img loading=\"lazy\" decoding=\"async\" src=\"http:\/\/nossacasa.net\/nossosriachos\/rios\/wp-content\/uploads\/sites\/8\/2019\/08\/Characidae_7A.png\" alt=\"\" width=\"800\" height=\"425\" class=\"aligncenter size-full wp-image-725\" srcset=\"http:\/\/nossacasa.net\/nossosriachos\/rios\/wp-content\/uploads\/sites\/8\/2019\/08\/Characidae_7A.png 800w, http:\/\/nossacasa.net\/nossosriachos\/rios\/wp-content\/uploads\/sites\/8\/2019\/08\/Characidae_7A-300x159.png 300w, http:\/\/nossacasa.net\/nossosriachos\/rios\/wp-content\/uploads\/sites\/8\/2019\/08\/Characidae_7A-768x408.png 768w, http:\/\/nossacasa.net\/nossosriachos\/rios\/wp-content\/uploads\/sites\/8\/2019\/08\/Characidae_7A-500x266.png 500w\" sizes=\"auto, (max-width: 800px) 100vw, 800px\" \/><\/td>\n<\/tr>\n<tr class=\"row-15\">\n\t<td class=\"column-1\"><strong>7B<\/strong><\/td><td class=\"column-2\">Linha lateral completa.<\/td><td class=\"column-3\"><strong><em><a href=\"http:\/\/nossacasa.net\/nossosriachos\/rios\/astyanax\/\">Astyanax<\/a><\/em><\/strong><\/td><td class=\"column-4\"><img loading=\"lazy\" decoding=\"async\" src=\"http:\/\/nossacasa.net\/nossosriachos\/rios\/wp-content\/uploads\/sites\/8\/2019\/08\/Characidae_7B.png\" alt=\"\" width=\"775\" height=\"294\" class=\"aligncenter size-full wp-image-726\" srcset=\"http:\/\/nossacasa.net\/nossosriachos\/rios\/wp-content\/uploads\/sites\/8\/2019\/08\/Characidae_7B.png 775w, http:\/\/nossacasa.net\/nossosriachos\/rios\/wp-content\/uploads\/sites\/8\/2019\/08\/Characidae_7B-300x114.png 300w, http:\/\/nossacasa.net\/nossosriachos\/rios\/wp-content\/uploads\/sites\/8\/2019\/08\/Characidae_7B-768x291.png 768w, http:\/\/nossacasa.net\/nossosriachos\/rios\/wp-content\/uploads\/sites\/8\/2019\/08\/Characidae_7B-500x190.png 500w\" sizes=\"auto, (max-width: 775px) 100vw, 775px\" \/><\/td>\n<\/tr>\n<tr class=\"row-16\">\n\t<td colspan=\"4\" class=\"column-1\"><hr><br \/>\n<strong>Organiza\u00e7\u00e3o:<\/strong> L.M. Sarmento-Soares e R.F. Martins-Pinheiro. <br \/>\n<strong>Figuras<\/strong>: L.M. Sarmento-Soares e T.C.Pessali\t<br \/>\n<hr><\/td>\n<\/tr>\n<\/tbody>\n<\/table>\n\n","protected":false},"excerpt":{"rendered":"","protected":false},"author":1,"featured_media":0,"parent":0,"menu_order":0,"comment_status":"closed","ping_status":"closed","template":"template-page-builder-no-header-footer.php","meta":{"footnotes":""},"class_list":["post-2734","page","type-page","status-publish","hentry"],"_links":{"self":[{"href":"http:\/\/nossacasa.net\/nossosriachos\/rios\/wp-json\/wp\/v2\/pages\/2734","targetHints":{"allow":["GET"]}}],"collection":[{"href":"http:\/\/nossacasa.net\/nossosriachos\/rios\/wp-json\/wp\/v2\/pages"}],"about":[{"href":"http:\/\/nossacasa.net\/nossosriachos\/rios\/wp-json\/wp\/v2\/types\/page"}],"author":[{"embeddable":true,"href":"http:\/\/nossacasa.net\/nossosriachos\/rios\/wp-json\/wp\/v2\/users\/1"}],"replies":[{"embeddable":true,"href":"http:\/\/nossacasa.net\/nossosriachos\/rios\/wp-json\/wp\/v2\/comments?post=2734"}],"version-history":[{"count":2,"href":"http:\/\/nossacasa.net\/nossosriachos\/rios\/wp-json\/wp\/v2\/pages\/2734\/revisions"}],"predecessor-version":[{"id":2739,"href":"http:\/\/nossacasa.net\/nossosriachos\/rios\/wp-json\/wp\/v2\/pages\/2734\/revisions\/2739"}],"wp:attachment":[{"href":"http:\/\/nossacasa.net\/nossosriachos\/rios\/wp-json\/wp\/v2\/media?parent=2734"}],"curies":[{"name":"wp","href":"https:\/\/api.w.org\/{rel}","templated":true}]}}