{"id":2858,"date":"2019-09-17T11:38:32","date_gmt":"2019-09-17T14:38:32","guid":{"rendered":"http:\/\/nossacasa.net\/nossosriachos\/rios\/?page_id=2858"},"modified":"2019-09-17T14:03:01","modified_gmt":"2019-09-17T17:03:01","slug":"chave-de-pseudopimelodidae","status":"publish","type":"page","link":"http:\/\/nossacasa.net\/nossosriachos\/rios\/chave-de-pseudopimelodidae\/","title":{"rendered":"Chave de Pseudopimelodidae"},"content":{"rendered":"\n<table id=\"tablepress-43\" class=\"tablepress tablepress-id-43 tbody-has-connected-cells\">\n<tbody class=\"row-striping row-hover\">\n<tr class=\"row-1\">\n\t<td colspan=\"4\" class=\"column-1\"><h1><a href=\"http:\/\/nossacasa.net\/nossosriachos\/rios\/pseudopimelodidae\/\">PSEUDOPIMELODIDAE<\/a><\/h1><br \/>\nOs <strong><a href=\"http:\/\/nossacasa.net\/nossosriachos\/rios\/pseudopimelodidae\/\">Pseudopimelodidae<\/a><\/strong> do Tabuleiro s\u00e3o representados por tr\u00eas g\u00eaneros: <strong><em><a href=\"http:\/\/nossacasa.net\/nossosriachos\/rios\/lophiosilurus\/\">Lophiosilurus<\/a><\/em><\/strong>, <strong><em><a href=\"http:\/\/nossacasa.net\/nossosriachos\/rios\/microglanis\/\">Microglanis<\/a><\/em><\/strong> e <strong><em><a href=\"http:\/\/nossacasa.net\/nossosriachos\/rios\/pseudopimelodus\/\">Pseudopimelodus<\/a><\/em><\/strong>.  <\/td>\n<\/tr>\n<tr class=\"row-2\">\n\t<td class=\"column-1\"><strong>1A<\/strong><\/td><td class=\"column-2\">Cabe\u00e7a muito larga e achatada; mand\u00edbula projetando-se al\u00e9m da maxila superior; <br \/>\ntopo da cabe\u00e7a rugoso com cristas \u00f3sseas.<\/td><td class=\"column-3\"><strong><em><a href=\"http:\/\/nossacasa.net\/nossosriachos\/rios\/lophiosilurus\/\">Lophiosilurus<\/a><\/em><\/strong><\/td><td class=\"column-4\"><img loading=\"lazy\" decoding=\"async\" src=\"http:\/\/nossacasa.net\/nossosriachos\/rios\/wp-content\/uploads\/sites\/8\/2019\/08\/Pseudopimelodidae_1A.png\" alt=\"\" width=\"800\" height=\"378\" class=\"aligncenter size-full wp-image-972\" srcset=\"http:\/\/nossacasa.net\/nossosriachos\/rios\/wp-content\/uploads\/sites\/8\/2019\/08\/Pseudopimelodidae_1A.png 800w, http:\/\/nossacasa.net\/nossosriachos\/rios\/wp-content\/uploads\/sites\/8\/2019\/08\/Pseudopimelodidae_1A-300x142.png 300w, http:\/\/nossacasa.net\/nossosriachos\/rios\/wp-content\/uploads\/sites\/8\/2019\/08\/Pseudopimelodidae_1A-768x363.png 768w, http:\/\/nossacasa.net\/nossosriachos\/rios\/wp-content\/uploads\/sites\/8\/2019\/08\/Pseudopimelodidae_1A-500x236.png 500w\" sizes=\"auto, (max-width: 800px) 100vw, 800px\" \/><\/td>\n<\/tr>\n<tr class=\"row-3\">\n\t<td class=\"column-1\"><strong>1B<\/strong><\/td><td class=\"column-2\">Cabe\u00e7a moderadamente achatada; mand\u00edbula n\u00e3o ultrapassando a maxila superior; <br \/>\ntopo da cabe\u00e7a liso.<\/td><td class=\"column-3\"><strong><a href=\"#2\">2<\/a><\/strong><\/td><td class=\"column-4\"><\/td>\n<\/tr>\n<tr class=\"row-4\">\n\t<td class=\"column-1\"><strong id=\"2\">2A<\/strong><\/td><td class=\"column-2\">Faixa dent\u00edgera pr\u00e9-maxilar com um prolongamento posterior em cada extremidade.<br \/>\n<img loading=\"lazy\" decoding=\"async\" src=\"http:\/\/nossacasa.net\/nossosriachos\/rios\/wp-content\/uploads\/sites\/8\/2019\/08\/Pseudopimelodidae_2Aa.png\" alt=\"\" width=\"300\" height=\"269\" class=\"aligncenter size-full wp-image-978\" \/><\/td><td class=\"column-3\"><strong><em><a href=\"http:\/\/nossacasa.net\/nossosriachos\/rios\/pseudopimelodus\/\">Pseudopimelodus<\/a><\/em><\/strong><\/td><td class=\"column-4\"><img loading=\"lazy\" decoding=\"async\" src=\"http:\/\/nossacasa.net\/nossosriachos\/rios\/wp-content\/uploads\/sites\/8\/2019\/08\/Pseudopimelodidae_2A.png\" alt=\"\" width=\"800\" height=\"246\" class=\"aligncenter size-full wp-image-973\" srcset=\"http:\/\/nossacasa.net\/nossosriachos\/rios\/wp-content\/uploads\/sites\/8\/2019\/08\/Pseudopimelodidae_2A.png 800w, http:\/\/nossacasa.net\/nossosriachos\/rios\/wp-content\/uploads\/sites\/8\/2019\/08\/Pseudopimelodidae_2A-300x92.png 300w, http:\/\/nossacasa.net\/nossosriachos\/rios\/wp-content\/uploads\/sites\/8\/2019\/08\/Pseudopimelodidae_2A-768x236.png 768w, http:\/\/nossacasa.net\/nossosriachos\/rios\/wp-content\/uploads\/sites\/8\/2019\/08\/Pseudopimelodidae_2A-500x154.png 500w\" sizes=\"auto, (max-width: 800px) 100vw, 800px\" \/><\/td>\n<\/tr>\n<tr class=\"row-5\">\n\t<td class=\"column-1\"><strong>2b<\/strong><\/td><td class=\"column-2\">Faixa dent\u00edgera pr\u00e9-maxilar em arco, sem prolongamento na extremidade.<br \/>\n<img loading=\"lazy\" decoding=\"async\" src=\"http:\/\/nossacasa.net\/nossosriachos\/rios\/wp-content\/uploads\/sites\/8\/2019\/08\/Pseudopimelodidae_2Ba.png\" alt=\"\" width=\"300\" height=\"256\" class=\"aligncenter size-full wp-image-979\" \/><\/td><td class=\"column-3\"><strong><em><a href=\"http:\/\/nossacasa.net\/nossosriachos\/rios\/microglanis\/\">Microglanis<\/a><\/em><\/strong><\/td><td class=\"column-4\"><img loading=\"lazy\" decoding=\"async\" src=\"http:\/\/nossacasa.net\/nossosriachos\/rios\/wp-content\/uploads\/sites\/8\/2019\/08\/Pseudopimelodidae_2B.png\" alt=\"\" width=\"800\" height=\"316\" class=\"aligncenter size-full wp-image-974\" srcset=\"http:\/\/nossacasa.net\/nossosriachos\/rios\/wp-content\/uploads\/sites\/8\/2019\/08\/Pseudopimelodidae_2B.png 800w, http:\/\/nossacasa.net\/nossosriachos\/rios\/wp-content\/uploads\/sites\/8\/2019\/08\/Pseudopimelodidae_2B-300x119.png 300w, http:\/\/nossacasa.net\/nossosriachos\/rios\/wp-content\/uploads\/sites\/8\/2019\/08\/Pseudopimelodidae_2B-768x303.png 768w, http:\/\/nossacasa.net\/nossosriachos\/rios\/wp-content\/uploads\/sites\/8\/2019\/08\/Pseudopimelodidae_2B-500x198.png 500w\" sizes=\"auto, (max-width: 800px) 100vw, 800px\" \/><\/td>\n<\/tr>\n<tr class=\"row-6\">\n\t<td colspan=\"4\" class=\"column-1\"><hr><br \/>\n<strong>Organiza\u00e7\u00e3o:<\/strong> L.M. Sarmento-Soares e R.F. Martins-Pinheiro.<br \/>\n<strong>Imagens<\/strong>: : C.B.M. Alves e L.M. Sarmento-Soares.<br \/>\n<hr><\/td>\n<\/tr>\n<\/tbody>\n<\/table>\n\n","protected":false},"excerpt":{"rendered":"","protected":false},"author":1,"featured_media":0,"parent":0,"menu_order":0,"comment_status":"closed","ping_status":"closed","template":"template-page-builder-no-header-footer.php","meta":{"footnotes":""},"class_list":["post-2858","page","type-page","status-publish","hentry"],"_links":{"self":[{"href":"http:\/\/nossacasa.net\/nossosriachos\/rios\/wp-json\/wp\/v2\/pages\/2858","targetHints":{"allow":["GET"]}}],"collection":[{"href":"http:\/\/nossacasa.net\/nossosriachos\/rios\/wp-json\/wp\/v2\/pages"}],"about":[{"href":"http:\/\/nossacasa.net\/nossosriachos\/rios\/wp-json\/wp\/v2\/types\/page"}],"author":[{"embeddable":true,"href":"http:\/\/nossacasa.net\/nossosriachos\/rios\/wp-json\/wp\/v2\/users\/1"}],"replies":[{"embeddable":true,"href":"http:\/\/nossacasa.net\/nossosriachos\/rios\/wp-json\/wp\/v2\/comments?post=2858"}],"version-history":[{"count":2,"href":"http:\/\/nossacasa.net\/nossosriachos\/rios\/wp-json\/wp\/v2\/pages\/2858\/revisions"}],"predecessor-version":[{"id":2887,"href":"http:\/\/nossacasa.net\/nossosriachos\/rios\/wp-json\/wp\/v2\/pages\/2858\/revisions\/2887"}],"wp:attachment":[{"href":"http:\/\/nossacasa.net\/nossosriachos\/rios\/wp-json\/wp\/v2\/media?parent=2858"}],"curies":[{"name":"wp","href":"https:\/\/api.w.org\/{rel}","templated":true}]}}